{"id":24123,"date":"2019-09-11T11:24:50","date_gmt":"2019-09-11T11:24:50","guid":{"rendered":"https:\/\/www.mlekarna-krepko.si\/?post_type=product&#038;p=24123"},"modified":"2026-04-01T19:19:04","modified_gmt":"2026-04-01T19:19:04","slug":"bio-brezova-voda-z-ehinacejo","status":"publish","type":"product","link":"https:\/\/www.mlekarna-krepko.si\/sl\/izdelek\/bio-brezova-voda-z-ehinacejo\/","title":{"rendered":"BIO brezova voda z ehinacejo"},"content":{"rendered":"<p>Brezova voda,<strong>\u00a0obogatena z naravnim izvle\u010dkom ehinaceje.<\/strong><\/p>\n<p>\u0160krlatna ehinaceja oziroma \u0161krlatni ameri\u0161ki slamnik se v alternativni medicini pogosto uporablja\u00a0<strong>za prepre\u010devanje prehlada in sorodnih obolenj.<\/strong><\/p>\n<p>Idealno za\u00a0<strong>krepitev imunskega sistema<\/strong>\u00a0v hladnih in prehodnih obdobjih ter ob pove\u010danem stresu in napornih \u0161portnih aktivnostih.<\/p>\n<ul>\n<li>Brez konzervansov<\/li>\n<li>Brez dodanega sladkorja<\/li>\n<li>Brez glutena<\/li>\n<li>Brez GSO<\/li>\n<li>Vegansko<\/li>\n<li>Le 18 kalorij v 100 ml!<\/li>\n<\/ul>\n<p>Neto koli\u010dina: 330 ml<\/p>\n<p>**Brezova voda vsebuje naravne antioksidante, vitamine in minerale: kalij 63 mg\/l, kalcij 24 mg\/l, magnezij 11,4 mg\/l, mangan 2,42 mg\/l, natrij 0,64 mg\/l, \u017eelezo 0,59 mg\/l, cink 0,41 mg\/l, vitamin C 0,18 mg\/100 ml.<\/p>\n","protected":false},"excerpt":{"rendered":"<p>Brezova voda,\u00a0obogatena z naravnim izvle\u010dkom ehinaceje. \u0160krlatna ehinaceja oziroma \u0161krlatni ameri\u0161ki slamnik se v alternativni medicini pogosto uporablja\u00a0za prepre\u010devanje prehlada in sorodnih obolenj. Idealno za\u00a0krepitev imunskega sistema\u00a0v hladnih in prehodnih obdobjih ter ob pove\u010danem stresu in napornih \u0161portnih aktivnostih. Brez konzervansov Brez dodanega sladkorja Brez glutena Brez GSO Vegansko Le 18 kalorij v 100 ml! Neto koli\u010dina: 330 ml **Brezova [&hellip;]<\/p>\n","protected":false},"featured_media":24124,"template":"","meta":{"_acf_changed":false},"product_cat":[175,101,107],"product_tag":[341,335,336,337,339,340,338],"class_list":{"0":"post-24123","1":"product","2":"type-product","3":"status-publish","4":"has-post-thumbnail","6":"product_cat-izdelki-v-akciji","7":"product_cat-ostali-bio-izdelki","8":"product_cat-bio-sokovi","9":"product_tag-ameriski-slamnik","10":"product_tag-brezin-sok","11":"product_tag-brezov-sok","12":"product_tag-brezova-voda","13":"product_tag-jetra","14":"product_tag-ledvice","15":"product_tag-razstrupljanje","17":"first","18":"instock","19":"sale","20":"taxable","21":"shipping-taxable","22":"purchasable","23":"product-type-simple"},"acf":[],"yoast_head":"<!-- This site is optimized with the Yoast SEO plugin v26.2 - https:\/\/yoast.com\/wordpress\/plugins\/seo\/ -->\n<title>BIO brezova voda z ehinacejo - Mlekarna Krepko<\/title>\n<meta name=\"robots\" content=\"index, follow, max-snippet:-1, max-image-preview:large, max-video-preview:-1\" \/>\n<link rel=\"canonical\" href=\"https:\/\/www.mlekarna-krepko.si\/sl\/izdelek\/bio-brezova-voda-z-ehinacejo\/\" \/>\n<meta property=\"og:locale\" content=\"sl_SI\" \/>\n<meta property=\"og:type\" content=\"article\" \/>\n<meta property=\"og:title\" content=\"BIO brezova voda z ehinacejo - Mlekarna Krepko\" \/>\n<meta property=\"og:description\" content=\"Brezova voda,\u00a0obogatena z naravnim izvle\u010dkom ehinaceje. \u0160krlatna ehinaceja oziroma \u0161krlatni ameri\u0161ki slamnik se v alternativni medicini pogosto uporablja\u00a0za prepre\u010devanje prehlada in sorodnih obolenj. Idealno za\u00a0krepitev imunskega sistema\u00a0v hladnih in prehodnih obdobjih ter ob pove\u010danem stresu in napornih \u0161portnih aktivnostih. Brez konzervansov Brez dodanega sladkorja Brez glutena Brez GSO Vegansko Le 18 kalorij v 100 ml! Neto koli\u010dina: 330 ml **Brezova [&hellip;]\" \/>\n<meta property=\"og:url\" content=\"https:\/\/www.mlekarna-krepko.si\/sl\/izdelek\/bio-brezova-voda-z-ehinacejo\/\" \/>\n<meta property=\"og:site_name\" content=\"Mlekarna Krepko\" \/>\n<meta property=\"article:publisher\" content=\"https:\/\/www.facebook.com\/mlekarna.krepko\/\" \/>\n<meta property=\"article:modified_time\" content=\"2026-04-01T19:19:04+00:00\" \/>\n<meta property=\"og:image\" content=\"https:\/\/www.mlekarna-krepko.si\/wp-content\/uploads\/2023\/09\/BIO-brezova-voda-z-ehinacejo.png\" \/>\n\t<meta property=\"og:image:width\" content=\"1408\" \/>\n\t<meta property=\"og:image:height\" content=\"1408\" \/>\n\t<meta property=\"og:image:type\" content=\"image\/png\" \/>\n<meta name=\"twitter:card\" content=\"summary_large_image\" \/>\n<meta name=\"twitter:label1\" content=\"Est. reading time\" \/>\n\t<meta name=\"twitter:data1\" content=\"1 minuta\" \/>\n<script type=\"application\/ld+json\" class=\"yoast-schema-graph\">{\"@context\":\"https:\/\/schema.org\",\"@graph\":[{\"@type\":\"WebPage\",\"@id\":\"https:\/\/www.mlekarna-krepko.si\/sl\/izdelek\/bio-brezova-voda-z-ehinacejo\/\",\"url\":\"https:\/\/www.mlekarna-krepko.si\/sl\/izdelek\/bio-brezova-voda-z-ehinacejo\/\",\"name\":\"BIO brezova voda z ehinacejo - Mlekarna Krepko\",\"isPartOf\":{\"@id\":\"https:\/\/mlekarna-krepko.si\/it\/#website\"},\"primaryImageOfPage\":{\"@id\":\"https:\/\/www.mlekarna-krepko.si\/sl\/izdelek\/bio-brezova-voda-z-ehinacejo\/#primaryimage\"},\"image\":{\"@id\":\"https:\/\/www.mlekarna-krepko.si\/sl\/izdelek\/bio-brezova-voda-z-ehinacejo\/#primaryimage\"},\"thumbnailUrl\":\"https:\/\/www.mlekarna-krepko.si\/wp-content\/uploads\/2023\/09\/BIO-brezova-voda-z-ehinacejo.png\",\"datePublished\":\"2019-09-11T11:24:50+00:00\",\"dateModified\":\"2026-04-01T19:19:04+00:00\",\"breadcrumb\":{\"@id\":\"https:\/\/www.mlekarna-krepko.si\/sl\/izdelek\/bio-brezova-voda-z-ehinacejo\/#breadcrumb\"},\"inLanguage\":\"sl-SI\",\"potentialAction\":[{\"@type\":\"ReadAction\",\"target\":[\"https:\/\/www.mlekarna-krepko.si\/sl\/izdelek\/bio-brezova-voda-z-ehinacejo\/\"]}]},{\"@type\":\"ImageObject\",\"inLanguage\":\"sl-SI\",\"@id\":\"https:\/\/www.mlekarna-krepko.si\/sl\/izdelek\/bio-brezova-voda-z-ehinacejo\/#primaryimage\",\"url\":\"https:\/\/www.mlekarna-krepko.si\/wp-content\/uploads\/2023\/09\/BIO-brezova-voda-z-ehinacejo.png\",\"contentUrl\":\"https:\/\/www.mlekarna-krepko.si\/wp-content\/uploads\/2023\/09\/BIO-brezova-voda-z-ehinacejo.png\",\"width\":1408,\"height\":1408},{\"@type\":\"BreadcrumbList\",\"@id\":\"https:\/\/www.mlekarna-krepko.si\/sl\/izdelek\/bio-brezova-voda-z-ehinacejo\/#breadcrumb\",\"itemListElement\":[{\"@type\":\"ListItem\",\"position\":1,\"name\":\"Home\",\"item\":\"https:\/\/www.mlekarna-krepko.si\/sl\/\"},{\"@type\":\"ListItem\",\"position\":2,\"name\":\"Trgovina\",\"item\":\"https:\/\/mlekarna-krepko.si\/sl\/trgovina\/\"},{\"@type\":\"ListItem\",\"position\":3,\"name\":\"BIO brezova voda z ehinacejo\"}]},{\"@type\":\"WebSite\",\"@id\":\"https:\/\/mlekarna-krepko.si\/it\/#website\",\"url\":\"https:\/\/mlekarna-krepko.si\/it\/\",\"name\":\"Mlekarna Krepko\",\"description\":\"\",\"publisher\":{\"@id\":\"https:\/\/mlekarna-krepko.si\/it\/#organization\"},\"potentialAction\":[{\"@type\":\"SearchAction\",\"target\":{\"@type\":\"EntryPoint\",\"urlTemplate\":\"https:\/\/mlekarna-krepko.si\/it\/?s={search_term_string}\"},\"query-input\":{\"@type\":\"PropertyValueSpecification\",\"valueRequired\":true,\"valueName\":\"search_term_string\"}}],\"inLanguage\":\"sl-SI\"},{\"@type\":\"Organization\",\"@id\":\"https:\/\/mlekarna-krepko.si\/it\/#organization\",\"name\":\"Mlekarna Krepko\",\"url\":\"https:\/\/mlekarna-krepko.si\/it\/\",\"logo\":{\"@type\":\"ImageObject\",\"inLanguage\":\"sl-SI\",\"@id\":\"https:\/\/mlekarna-krepko.si\/it\/#\/schema\/logo\/image\/\",\"url\":\"https:\/\/www.mlekarna-krepko.si\/wp-content\/uploads\/2020\/04\/LogoWeb_transparenten.png\",\"contentUrl\":\"https:\/\/www.mlekarna-krepko.si\/wp-content\/uploads\/2020\/04\/LogoWeb_transparenten.png\",\"width\":300,\"height\":300,\"caption\":\"Mlekarna Krepko\"},\"image\":{\"@id\":\"https:\/\/mlekarna-krepko.si\/it\/#\/schema\/logo\/image\/\"},\"sameAs\":[\"https:\/\/www.facebook.com\/mlekarna.krepko\/\",\"https:\/\/www.instagram.com\/mlekarnakrepko\/\",\"https:\/\/www.linkedin.com\/company\/mlekarna-krepko\",\"https:\/\/www.youtube.com\/channel\/UCAzec5mnRHgcj2Th3fGRtKw?view_as=subscriber\"]}]}<\/script>\n<!-- \/ Yoast SEO plugin. -->","yoast_head_json":{"title":"BIO brezova voda z ehinacejo - Mlekarna Krepko","robots":{"index":"index","follow":"follow","max-snippet":"max-snippet:-1","max-image-preview":"max-image-preview:large","max-video-preview":"max-video-preview:-1"},"canonical":"https:\/\/www.mlekarna-krepko.si\/sl\/izdelek\/bio-brezova-voda-z-ehinacejo\/","og_locale":"sl_SI","og_type":"article","og_title":"BIO brezova voda z ehinacejo - Mlekarna Krepko","og_description":"Brezova voda,\u00a0obogatena z naravnim izvle\u010dkom ehinaceje. \u0160krlatna ehinaceja oziroma \u0161krlatni ameri\u0161ki slamnik se v alternativni medicini pogosto uporablja\u00a0za prepre\u010devanje prehlada in sorodnih obolenj. Idealno za\u00a0krepitev imunskega sistema\u00a0v hladnih in prehodnih obdobjih ter ob pove\u010danem stresu in napornih \u0161portnih aktivnostih. Brez konzervansov Brez dodanega sladkorja Brez glutena Brez GSO Vegansko Le 18 kalorij v 100 ml! Neto koli\u010dina: 330 ml **Brezova [&hellip;]","og_url":"https:\/\/www.mlekarna-krepko.si\/sl\/izdelek\/bio-brezova-voda-z-ehinacejo\/","og_site_name":"Mlekarna Krepko","article_publisher":"https:\/\/www.facebook.com\/mlekarna.krepko\/","article_modified_time":"2026-04-01T19:19:04+00:00","og_image":[{"width":1408,"height":1408,"url":"https:\/\/www.mlekarna-krepko.si\/wp-content\/uploads\/2023\/09\/BIO-brezova-voda-z-ehinacejo.png","type":"image\/png"}],"twitter_card":"summary_large_image","twitter_misc":{"Est. reading time":"1 minuta"},"schema":{"@context":"https:\/\/schema.org","@graph":[{"@type":"WebPage","@id":"https:\/\/www.mlekarna-krepko.si\/sl\/izdelek\/bio-brezova-voda-z-ehinacejo\/","url":"https:\/\/www.mlekarna-krepko.si\/sl\/izdelek\/bio-brezova-voda-z-ehinacejo\/","name":"BIO brezova voda z ehinacejo - Mlekarna Krepko","isPartOf":{"@id":"https:\/\/mlekarna-krepko.si\/it\/#website"},"primaryImageOfPage":{"@id":"https:\/\/www.mlekarna-krepko.si\/sl\/izdelek\/bio-brezova-voda-z-ehinacejo\/#primaryimage"},"image":{"@id":"https:\/\/www.mlekarna-krepko.si\/sl\/izdelek\/bio-brezova-voda-z-ehinacejo\/#primaryimage"},"thumbnailUrl":"https:\/\/www.mlekarna-krepko.si\/wp-content\/uploads\/2023\/09\/BIO-brezova-voda-z-ehinacejo.png","datePublished":"2019-09-11T11:24:50+00:00","dateModified":"2026-04-01T19:19:04+00:00","breadcrumb":{"@id":"https:\/\/www.mlekarna-krepko.si\/sl\/izdelek\/bio-brezova-voda-z-ehinacejo\/#breadcrumb"},"inLanguage":"sl-SI","potentialAction":[{"@type":"ReadAction","target":["https:\/\/www.mlekarna-krepko.si\/sl\/izdelek\/bio-brezova-voda-z-ehinacejo\/"]}]},{"@type":"ImageObject","inLanguage":"sl-SI","@id":"https:\/\/www.mlekarna-krepko.si\/sl\/izdelek\/bio-brezova-voda-z-ehinacejo\/#primaryimage","url":"https:\/\/www.mlekarna-krepko.si\/wp-content\/uploads\/2023\/09\/BIO-brezova-voda-z-ehinacejo.png","contentUrl":"https:\/\/www.mlekarna-krepko.si\/wp-content\/uploads\/2023\/09\/BIO-brezova-voda-z-ehinacejo.png","width":1408,"height":1408},{"@type":"BreadcrumbList","@id":"https:\/\/www.mlekarna-krepko.si\/sl\/izdelek\/bio-brezova-voda-z-ehinacejo\/#breadcrumb","itemListElement":[{"@type":"ListItem","position":1,"name":"Home","item":"https:\/\/www.mlekarna-krepko.si\/sl\/"},{"@type":"ListItem","position":2,"name":"Trgovina","item":"https:\/\/mlekarna-krepko.si\/sl\/trgovina\/"},{"@type":"ListItem","position":3,"name":"BIO brezova voda z ehinacejo"}]},{"@type":"WebSite","@id":"https:\/\/mlekarna-krepko.si\/it\/#website","url":"https:\/\/mlekarna-krepko.si\/it\/","name":"Mlekarna Krepko","description":"","publisher":{"@id":"https:\/\/mlekarna-krepko.si\/it\/#organization"},"potentialAction":[{"@type":"SearchAction","target":{"@type":"EntryPoint","urlTemplate":"https:\/\/mlekarna-krepko.si\/it\/?s={search_term_string}"},"query-input":{"@type":"PropertyValueSpecification","valueRequired":true,"valueName":"search_term_string"}}],"inLanguage":"sl-SI"},{"@type":"Organization","@id":"https:\/\/mlekarna-krepko.si\/it\/#organization","name":"Mlekarna Krepko","url":"https:\/\/mlekarna-krepko.si\/it\/","logo":{"@type":"ImageObject","inLanguage":"sl-SI","@id":"https:\/\/mlekarna-krepko.si\/it\/#\/schema\/logo\/image\/","url":"https:\/\/www.mlekarna-krepko.si\/wp-content\/uploads\/2020\/04\/LogoWeb_transparenten.png","contentUrl":"https:\/\/www.mlekarna-krepko.si\/wp-content\/uploads\/2020\/04\/LogoWeb_transparenten.png","width":300,"height":300,"caption":"Mlekarna Krepko"},"image":{"@id":"https:\/\/mlekarna-krepko.si\/it\/#\/schema\/logo\/image\/"},"sameAs":["https:\/\/www.facebook.com\/mlekarna.krepko\/","https:\/\/www.instagram.com\/mlekarnakrepko\/","https:\/\/www.linkedin.com\/company\/mlekarna-krepko","https:\/\/www.youtube.com\/channel\/UCAzec5mnRHgcj2Th3fGRtKw?view_as=subscriber"]}]}},"_links":{"self":[{"href":"https:\/\/www.mlekarna-krepko.si\/sl\/wp-json\/wp\/v2\/product\/24123","targetHints":{"allow":["GET"]}}],"collection":[{"href":"https:\/\/www.mlekarna-krepko.si\/sl\/wp-json\/wp\/v2\/product"}],"about":[{"href":"https:\/\/www.mlekarna-krepko.si\/sl\/wp-json\/wp\/v2\/types\/product"}],"wp:featuredmedia":[{"embeddable":true,"href":"https:\/\/www.mlekarna-krepko.si\/sl\/wp-json\/wp\/v2\/media\/24124"}],"wp:attachment":[{"href":"https:\/\/www.mlekarna-krepko.si\/sl\/wp-json\/wp\/v2\/media?parent=24123"}],"wp:term":[{"taxonomy":"product_cat","embeddable":true,"href":"https:\/\/www.mlekarna-krepko.si\/sl\/wp-json\/wp\/v2\/product_cat?post=24123"},{"taxonomy":"product_tag","embeddable":true,"href":"https:\/\/www.mlekarna-krepko.si\/sl\/wp-json\/wp\/v2\/product_tag?post=24123"}],"curies":[{"name":"wp","href":"https:\/\/api.w.org\/{rel}","templated":true}]}}