{"id":24103,"date":"2019-09-11T11:23:33","date_gmt":"2019-09-11T11:23:33","guid":{"rendered":"https:\/\/www.mlekarna-krepko.si\/?post_type=product&#038;p=24103"},"modified":"2026-04-01T19:20:15","modified_gmt":"2026-04-01T19:20:15","slug":"bio-brezova-voda-z-limono","status":"publish","type":"product","link":"https:\/\/www.mlekarna-krepko.si\/sl\/izdelek\/bio-brezova-voda-z-limono\/","title":{"rendered":"BIO brezova voda z limono"},"content":{"rendered":"<p>Brezova voda z<strong>\u00a0limoninim sokom<\/strong>\u00a0in\u00a0<strong>kan\u010dkom\u00a0sladkorja<\/strong>.<\/p>\n<p>Brezova voda, ki je \u017ee sama po sebi\u00a0<strong>polna elektrolitov<\/strong>, postane v kombinaciji z limono<strong>\u00a0pravi izotoni\u010dni napitek.<\/strong><\/p>\n<p>Popolna izbira\u00a0<strong>za hidracijo telesa\u00a0<\/strong>in<strong>\u00a0pote\u0161itev \u017eeje!<\/strong><\/p>\n<ul>\n<li>Brez konzervansov<\/li>\n<li>Brez glutena<\/li>\n<li>Brez GSO<\/li>\n<li>Vegansko<\/li>\n<li>Le 18 kalorij v 100 ml!<\/li>\n<\/ul>\n<p>Neto koli\u010dina: 330 ml<\/p>\n<p>**Brezova voda vsebuje naravne antioksidante, vitamine in minerale: kalij 63 mg\/l, kalcij 24 mg\/l, magnezij 11,4 mg\/l, mangan 2,42 mg\/l, natrij 0,64 mg\/l, \u017eelezo 0,59 mg\/l, cink 0,41 mg\/l, vitamin C 0,18 mg\/100 ml.<\/p>\n","protected":false},"excerpt":{"rendered":"<p>Brezova voda z\u00a0limoninim sokom\u00a0in\u00a0kan\u010dkom\u00a0sladkorja. Brezova voda, ki je \u017ee sama po sebi\u00a0polna elektrolitov, postane v kombinaciji z limono\u00a0pravi izotoni\u010dni napitek. Popolna izbira\u00a0za hidracijo telesa\u00a0in\u00a0pote\u0161itev \u017eeje! Brez konzervansov Brez glutena Brez GSO Vegansko Le 18 kalorij v 100 ml! Neto koli\u010dina: 330 ml **Brezova voda vsebuje naravne antioksidante, vitamine in minerale: kalij 63 mg\/l, kalcij 24 mg\/l, magnezij 11,4 mg\/l, mangan [&hellip;]<\/p>\n","protected":false},"featured_media":24104,"template":"","meta":{"_acf_changed":false},"product_cat":[101,107],"product_tag":[335,336,337,339,340,338],"class_list":{"0":"post-24103","1":"product","2":"type-product","3":"status-publish","4":"has-post-thumbnail","6":"product_cat-ostali-bio-izdelki","7":"product_cat-bio-sokovi","8":"product_tag-brezin-sok","9":"product_tag-brezov-sok","10":"product_tag-brezova-voda","11":"product_tag-jetra","12":"product_tag-ledvice","13":"product_tag-razstrupljanje","15":"first","16":"instock","17":"taxable","18":"shipping-taxable","19":"product-type-simple"},"acf":[],"yoast_head":"<!-- This site is optimized with the Yoast SEO plugin v27.4 - https:\/\/yoast.com\/product\/yoast-seo-wordpress\/ -->\n<title>BIO brezova voda z limono - Mlekarna Krepko<\/title>\n<meta name=\"robots\" content=\"index, follow, max-snippet:-1, max-image-preview:large, max-video-preview:-1\" \/>\n<link rel=\"canonical\" href=\"https:\/\/www.mlekarna-krepko.si\/sl\/izdelek\/bio-brezova-voda-z-limono\/\" \/>\n<meta property=\"og:locale\" content=\"sl_SI\" \/>\n<meta property=\"og:type\" content=\"article\" \/>\n<meta property=\"og:title\" content=\"BIO brezova voda z limono - Mlekarna Krepko\" \/>\n<meta property=\"og:description\" content=\"Brezova voda z\u00a0limoninim sokom\u00a0in\u00a0kan\u010dkom\u00a0sladkorja. Brezova voda, ki je \u017ee sama po sebi\u00a0polna elektrolitov, postane v kombinaciji z limono\u00a0pravi izotoni\u010dni napitek. Popolna izbira\u00a0za hidracijo telesa\u00a0in\u00a0pote\u0161itev \u017eeje! Brez konzervansov Brez glutena Brez GSO Vegansko Le 18 kalorij v 100 ml! Neto koli\u010dina: 330 ml **Brezova voda vsebuje naravne antioksidante, vitamine in minerale: kalij 63 mg\/l, kalcij 24 mg\/l, magnezij 11,4 mg\/l, mangan [&hellip;]\" \/>\n<meta property=\"og:url\" content=\"https:\/\/www.mlekarna-krepko.si\/sl\/izdelek\/bio-brezova-voda-z-limono\/\" \/>\n<meta property=\"og:site_name\" content=\"Mlekarna Krepko\" \/>\n<meta property=\"article:publisher\" content=\"https:\/\/www.facebook.com\/mlekarna.krepko\/\" \/>\n<meta property=\"article:modified_time\" content=\"2026-04-01T19:20:15+00:00\" \/>\n<meta property=\"og:image\" content=\"https:\/\/www.mlekarna-krepko.si\/wp-content\/uploads\/2023\/09\/BIO-brezova-voda-z-limono.png\" \/>\n\t<meta property=\"og:image:width\" content=\"1408\" \/>\n\t<meta property=\"og:image:height\" content=\"1408\" \/>\n\t<meta property=\"og:image:type\" content=\"image\/png\" \/>\n<meta name=\"twitter:card\" content=\"summary_large_image\" \/>\n<meta name=\"twitter:label1\" content=\"Est. reading time\" \/>\n\t<meta name=\"twitter:data1\" content=\"1 minuta\" \/>\n<script type=\"application\/ld+json\" class=\"yoast-schema-graph\">{\"@context\":\"https:\\\/\\\/schema.org\",\"@graph\":[{\"@type\":\"WebPage\",\"@id\":\"https:\\\/\\\/www.mlekarna-krepko.si\\\/sl\\\/izdelek\\\/bio-brezova-voda-z-limono\\\/\",\"url\":\"https:\\\/\\\/www.mlekarna-krepko.si\\\/sl\\\/izdelek\\\/bio-brezova-voda-z-limono\\\/\",\"name\":\"BIO brezova voda z limono - Mlekarna Krepko\",\"isPartOf\":{\"@id\":\"https:\\\/\\\/mlekarna-krepko.si\\\/sl\\\/#website\"},\"primaryImageOfPage\":{\"@id\":\"https:\\\/\\\/www.mlekarna-krepko.si\\\/sl\\\/izdelek\\\/bio-brezova-voda-z-limono\\\/#primaryimage\"},\"image\":{\"@id\":\"https:\\\/\\\/www.mlekarna-krepko.si\\\/sl\\\/izdelek\\\/bio-brezova-voda-z-limono\\\/#primaryimage\"},\"thumbnailUrl\":\"https:\\\/\\\/www.mlekarna-krepko.si\\\/wp-content\\\/uploads\\\/2023\\\/09\\\/BIO-brezova-voda-z-limono.png\",\"datePublished\":\"2019-09-11T11:23:33+00:00\",\"dateModified\":\"2026-04-01T19:20:15+00:00\",\"breadcrumb\":{\"@id\":\"https:\\\/\\\/www.mlekarna-krepko.si\\\/sl\\\/izdelek\\\/bio-brezova-voda-z-limono\\\/#breadcrumb\"},\"inLanguage\":\"sl-SI\",\"potentialAction\":[{\"@type\":\"ReadAction\",\"target\":[\"https:\\\/\\\/www.mlekarna-krepko.si\\\/sl\\\/izdelek\\\/bio-brezova-voda-z-limono\\\/\"]}]},{\"@type\":\"ImageObject\",\"inLanguage\":\"sl-SI\",\"@id\":\"https:\\\/\\\/www.mlekarna-krepko.si\\\/sl\\\/izdelek\\\/bio-brezova-voda-z-limono\\\/#primaryimage\",\"url\":\"https:\\\/\\\/www.mlekarna-krepko.si\\\/wp-content\\\/uploads\\\/2023\\\/09\\\/BIO-brezova-voda-z-limono.png\",\"contentUrl\":\"https:\\\/\\\/www.mlekarna-krepko.si\\\/wp-content\\\/uploads\\\/2023\\\/09\\\/BIO-brezova-voda-z-limono.png\",\"width\":1408,\"height\":1408},{\"@type\":\"BreadcrumbList\",\"@id\":\"https:\\\/\\\/www.mlekarna-krepko.si\\\/sl\\\/izdelek\\\/bio-brezova-voda-z-limono\\\/#breadcrumb\",\"itemListElement\":[{\"@type\":\"ListItem\",\"position\":1,\"name\":\"Home\",\"item\":\"https:\\\/\\\/mlekarna-krepko.si\\\/sl\\\/\"},{\"@type\":\"ListItem\",\"position\":2,\"name\":\"Trgovina\",\"item\":\"https:\\\/\\\/www.mlekarna-krepko.si\\\/sl\\\/trgovina\\\/\"},{\"@type\":\"ListItem\",\"position\":3,\"name\":\"BIO brezova voda z limono\"}]},{\"@type\":\"WebSite\",\"@id\":\"https:\\\/\\\/mlekarna-krepko.si\\\/sl\\\/#website\",\"url\":\"https:\\\/\\\/mlekarna-krepko.si\\\/sl\\\/\",\"name\":\"Mlekarna Krepko\",\"description\":\"\",\"publisher\":{\"@id\":\"https:\\\/\\\/mlekarna-krepko.si\\\/sl\\\/#organization\"},\"potentialAction\":[{\"@type\":\"SearchAction\",\"target\":{\"@type\":\"EntryPoint\",\"urlTemplate\":\"https:\\\/\\\/mlekarna-krepko.si\\\/sl\\\/?s={search_term_string}\"},\"query-input\":{\"@type\":\"PropertyValueSpecification\",\"valueRequired\":true,\"valueName\":\"search_term_string\"}}],\"inLanguage\":\"sl-SI\"},{\"@type\":\"Organization\",\"@id\":\"https:\\\/\\\/mlekarna-krepko.si\\\/sl\\\/#organization\",\"name\":\"Mlekarna Krepko\",\"url\":\"https:\\\/\\\/mlekarna-krepko.si\\\/sl\\\/\",\"logo\":{\"@type\":\"ImageObject\",\"inLanguage\":\"sl-SI\",\"@id\":\"https:\\\/\\\/mlekarna-krepko.si\\\/sl\\\/#\\\/schema\\\/logo\\\/image\\\/\",\"url\":\"https:\\\/\\\/www.mlekarna-krepko.si\\\/wp-content\\\/uploads\\\/2020\\\/04\\\/LogoWeb_transparenten.png\",\"contentUrl\":\"https:\\\/\\\/www.mlekarna-krepko.si\\\/wp-content\\\/uploads\\\/2020\\\/04\\\/LogoWeb_transparenten.png\",\"width\":300,\"height\":300,\"caption\":\"Mlekarna Krepko\"},\"image\":{\"@id\":\"https:\\\/\\\/mlekarna-krepko.si\\\/sl\\\/#\\\/schema\\\/logo\\\/image\\\/\"},\"sameAs\":[\"https:\\\/\\\/www.facebook.com\\\/mlekarna.krepko\\\/\",\"https:\\\/\\\/www.instagram.com\\\/mlekarnakrepko\\\/\",\"https:\\\/\\\/www.linkedin.com\\\/company\\\/mlekarna-krepko\",\"https:\\\/\\\/www.youtube.com\\\/channel\\\/UCAzec5mnRHgcj2Th3fGRtKw?view_as=subscriber\"]}]}<\/script>\n<!-- \/ Yoast SEO plugin. -->","yoast_head_json":{"title":"BIO brezova voda z limono - Mlekarna Krepko","robots":{"index":"index","follow":"follow","max-snippet":"max-snippet:-1","max-image-preview":"max-image-preview:large","max-video-preview":"max-video-preview:-1"},"canonical":"https:\/\/www.mlekarna-krepko.si\/sl\/izdelek\/bio-brezova-voda-z-limono\/","og_locale":"sl_SI","og_type":"article","og_title":"BIO brezova voda z limono - Mlekarna Krepko","og_description":"Brezova voda z\u00a0limoninim sokom\u00a0in\u00a0kan\u010dkom\u00a0sladkorja. Brezova voda, ki je \u017ee sama po sebi\u00a0polna elektrolitov, postane v kombinaciji z limono\u00a0pravi izotoni\u010dni napitek. Popolna izbira\u00a0za hidracijo telesa\u00a0in\u00a0pote\u0161itev \u017eeje! Brez konzervansov Brez glutena Brez GSO Vegansko Le 18 kalorij v 100 ml! Neto koli\u010dina: 330 ml **Brezova voda vsebuje naravne antioksidante, vitamine in minerale: kalij 63 mg\/l, kalcij 24 mg\/l, magnezij 11,4 mg\/l, mangan [&hellip;]","og_url":"https:\/\/www.mlekarna-krepko.si\/sl\/izdelek\/bio-brezova-voda-z-limono\/","og_site_name":"Mlekarna Krepko","article_publisher":"https:\/\/www.facebook.com\/mlekarna.krepko\/","article_modified_time":"2026-04-01T19:20:15+00:00","og_image":[{"width":1408,"height":1408,"url":"https:\/\/www.mlekarna-krepko.si\/wp-content\/uploads\/2023\/09\/BIO-brezova-voda-z-limono.png","type":"image\/png"}],"twitter_card":"summary_large_image","twitter_misc":{"Est. reading time":"1 minuta"},"schema":{"@context":"https:\/\/schema.org","@graph":[{"@type":"WebPage","@id":"https:\/\/www.mlekarna-krepko.si\/sl\/izdelek\/bio-brezova-voda-z-limono\/","url":"https:\/\/www.mlekarna-krepko.si\/sl\/izdelek\/bio-brezova-voda-z-limono\/","name":"BIO brezova voda z limono - Mlekarna Krepko","isPartOf":{"@id":"https:\/\/mlekarna-krepko.si\/sl\/#website"},"primaryImageOfPage":{"@id":"https:\/\/www.mlekarna-krepko.si\/sl\/izdelek\/bio-brezova-voda-z-limono\/#primaryimage"},"image":{"@id":"https:\/\/www.mlekarna-krepko.si\/sl\/izdelek\/bio-brezova-voda-z-limono\/#primaryimage"},"thumbnailUrl":"https:\/\/www.mlekarna-krepko.si\/wp-content\/uploads\/2023\/09\/BIO-brezova-voda-z-limono.png","datePublished":"2019-09-11T11:23:33+00:00","dateModified":"2026-04-01T19:20:15+00:00","breadcrumb":{"@id":"https:\/\/www.mlekarna-krepko.si\/sl\/izdelek\/bio-brezova-voda-z-limono\/#breadcrumb"},"inLanguage":"sl-SI","potentialAction":[{"@type":"ReadAction","target":["https:\/\/www.mlekarna-krepko.si\/sl\/izdelek\/bio-brezova-voda-z-limono\/"]}]},{"@type":"ImageObject","inLanguage":"sl-SI","@id":"https:\/\/www.mlekarna-krepko.si\/sl\/izdelek\/bio-brezova-voda-z-limono\/#primaryimage","url":"https:\/\/www.mlekarna-krepko.si\/wp-content\/uploads\/2023\/09\/BIO-brezova-voda-z-limono.png","contentUrl":"https:\/\/www.mlekarna-krepko.si\/wp-content\/uploads\/2023\/09\/BIO-brezova-voda-z-limono.png","width":1408,"height":1408},{"@type":"BreadcrumbList","@id":"https:\/\/www.mlekarna-krepko.si\/sl\/izdelek\/bio-brezova-voda-z-limono\/#breadcrumb","itemListElement":[{"@type":"ListItem","position":1,"name":"Home","item":"https:\/\/mlekarna-krepko.si\/sl\/"},{"@type":"ListItem","position":2,"name":"Trgovina","item":"https:\/\/www.mlekarna-krepko.si\/sl\/trgovina\/"},{"@type":"ListItem","position":3,"name":"BIO brezova voda z limono"}]},{"@type":"WebSite","@id":"https:\/\/mlekarna-krepko.si\/sl\/#website","url":"https:\/\/mlekarna-krepko.si\/sl\/","name":"Mlekarna Krepko","description":"","publisher":{"@id":"https:\/\/mlekarna-krepko.si\/sl\/#organization"},"potentialAction":[{"@type":"SearchAction","target":{"@type":"EntryPoint","urlTemplate":"https:\/\/mlekarna-krepko.si\/sl\/?s={search_term_string}"},"query-input":{"@type":"PropertyValueSpecification","valueRequired":true,"valueName":"search_term_string"}}],"inLanguage":"sl-SI"},{"@type":"Organization","@id":"https:\/\/mlekarna-krepko.si\/sl\/#organization","name":"Mlekarna Krepko","url":"https:\/\/mlekarna-krepko.si\/sl\/","logo":{"@type":"ImageObject","inLanguage":"sl-SI","@id":"https:\/\/mlekarna-krepko.si\/sl\/#\/schema\/logo\/image\/","url":"https:\/\/www.mlekarna-krepko.si\/wp-content\/uploads\/2020\/04\/LogoWeb_transparenten.png","contentUrl":"https:\/\/www.mlekarna-krepko.si\/wp-content\/uploads\/2020\/04\/LogoWeb_transparenten.png","width":300,"height":300,"caption":"Mlekarna Krepko"},"image":{"@id":"https:\/\/mlekarna-krepko.si\/sl\/#\/schema\/logo\/image\/"},"sameAs":["https:\/\/www.facebook.com\/mlekarna.krepko\/","https:\/\/www.instagram.com\/mlekarnakrepko\/","https:\/\/www.linkedin.com\/company\/mlekarna-krepko","https:\/\/www.youtube.com\/channel\/UCAzec5mnRHgcj2Th3fGRtKw?view_as=subscriber"]}]}},"_links":{"self":[{"href":"https:\/\/www.mlekarna-krepko.si\/sl\/wp-json\/wp\/v2\/product\/24103","targetHints":{"allow":["GET"]}}],"collection":[{"href":"https:\/\/www.mlekarna-krepko.si\/sl\/wp-json\/wp\/v2\/product"}],"about":[{"href":"https:\/\/www.mlekarna-krepko.si\/sl\/wp-json\/wp\/v2\/types\/product"}],"wp:featuredmedia":[{"embeddable":true,"href":"https:\/\/www.mlekarna-krepko.si\/sl\/wp-json\/wp\/v2\/media\/24104"}],"wp:attachment":[{"href":"https:\/\/www.mlekarna-krepko.si\/sl\/wp-json\/wp\/v2\/media?parent=24103"}],"wp:term":[{"taxonomy":"product_cat","embeddable":true,"href":"https:\/\/www.mlekarna-krepko.si\/sl\/wp-json\/wp\/v2\/product_cat?post=24103"},{"taxonomy":"product_tag","embeddable":true,"href":"https:\/\/www.mlekarna-krepko.si\/sl\/wp-json\/wp\/v2\/product_tag?post=24103"}],"curies":[{"name":"wp","href":"https:\/\/api.w.org\/{rel}","templated":true}]}}