{"id":23203,"date":"2023-02-28T09:20:35","date_gmt":"2023-02-28T09:20:35","guid":{"rendered":"https:\/\/www.mlekarna-krepko.si\/?post_type=product&#038;p=23203"},"modified":"2024-05-01T10:09:25","modified_gmt":"2024-05-01T10:09:25","slug":"kefir-krepki-suhec-s-proteini-brez-laktoze-vanilija-09-m-m-500g","status":"publish","type":"product","link":"https:\/\/www.mlekarna-krepko.si\/sl\/izdelek\/kefir-krepki-suhec-s-proteini-brez-laktoze-vanilija-09-m-m-500g\/","title":{"rendered":"Kefir Krepki suhec s proteini, brez laktoze\/vanilija 0,9% m.m. 500g"},"content":{"rendered":"<p><b>Kefir Krepki suhec s proteini, brez laktoze in okusom <\/b><b>vanilije<\/b> je izdelan iz slovenskega pasteriziranega, tipiziranega in nehomogeniziranega mleka. Osnova izdelka je kefir Krepki suhec brez laktoze, z 0,9 % mle\u010dne ma\u0161\u010dobe, ki je 100 % izdelan s pomo\u010djo pravih kefirnih zrn. Gre za tradicionalni napitek stoletnikov s Kavkaza, ki dokazano podalj\u0161uje \u017eivljenje. V njem najdemo ve\u010d kot 30 probioti\u010dnih mikroorganizmov, ki pomagajo pri ohranjanju zdrave mikrobiote. Za dodatno funkcionalnost so mu dodani \u0161e <b>mle\u010dni proteini<\/b>. Fermentiran mle\u010dni napitek ima prijeten aromati\u010den vonj in okus po <b>vaniliji<\/b>, vendar ohranja rezkost, ki je zna\u010dilna lastnost tradicionalnega kefirja.<\/p>\n<p><b>Z zau\u017eitjem vsebine 500 g plastenke (<\/b><b>kefir<\/b><b> brez laktoze z okusom <\/b><b>vanilije<\/b><b> in dodatkom mle\u010dnih proteinov) v telo vnesemo kar <\/b><u><b>31 g proteinov<\/b><\/u><b>.<\/b><\/p>\n<h3><b>Beljakovine<\/b><\/h3>\n<p>oz. proteini so makrohranila, ki jih na\u0161e telo nujno potrebuje za normalno delovanje. Potrebne so za rast in razvoj, gradijo celi\u010dne strukture, sodelujejo pri imunskem odzivu in pri delovanju mi\u0161i\u010devja. Za normalno delovanje telesa je potreben ustrezen prehranski vnos beljakovin. \u017divila \u017eivalskega izvora so vir zelo kakovostnih beljakovin, med njih spadajo tudi mle\u010dni proteini.<\/p>\n<h3><b>Mle\u010dni proteini <\/b><\/h3>\n<p>oz. kazeini ob zau\u017eitju telesu zagotavlja konstanten in dolgotrajen nivo aminokislin v telesu. Tako delujejo predvsem <em>antikataboli\u010dno<\/em> (kataboli\u010dno stanje lahko nastane ob na primer nepravilnem prehranjevanju po intenzivni vadbi, kar privede do razgradnje mi\u0161i\u010dnega tkiva) in pomagajo ohranjati mi\u0161i\u010dno maso. Priporo\u010dljivo jih je zau\u017eiti zjutraj, najbolje pa zve\u010der pred spanjem, ker s svojim po\u010dasnim spro\u0161\u010danjem telesu nudijo dovolj hranil in s tem rast in regeneracijo mi\u0161ic.<\/p>\n<p><i>Zdravje v \u010drevesju je klju\u010dnega pomena in lahko vpliva tako na telo kot na mo\u017egane.<\/i><\/p>\n<p>&nbsp;<\/p>\n<table style=\"height: 352px;\" width=\"532\">\n<tbody>\n<tr>\n<td colspan=\"3\" width=\"400\">POVPRE\u010cNA HRANILNA VREDNOST<\/td>\n<\/tr>\n<tr>\n<td width=\"179\"><\/td>\n<td width=\"100\">Na 100 g<\/td>\n<td width=\"121\">Na porcijo 500 g*<\/td>\n<\/tr>\n<tr>\n<td width=\"179\">Energijska vrednost<\/td>\n<td width=\"100\">266 kJ \/ 68 kcal<\/td>\n<td width=\"121\">1442 kJ \/ 341 kcal<\/td>\n<\/tr>\n<tr>\n<td width=\"179\">Ma\u0161\u010dobe<\/td>\n<td width=\"100\">0,9 g<\/td>\n<td width=\"121\">4,5 g<\/td>\n<\/tr>\n<tr>\n<td width=\"179\">od tega nasi\u010dene ma\u0161\u010dobe<\/td>\n<td width=\"100\">0,6 g<\/td>\n<td width=\"121\">3,0 g<\/td>\n<\/tr>\n<tr>\n<td width=\"179\">Ogljikovi hidrati<\/td>\n<td width=\"100\">8,8 g<\/td>\n<td width=\"121\">44,0 g<\/td>\n<\/tr>\n<tr>\n<td width=\"179\">od tega sladkorji<\/td>\n<td width=\"100\">8,6 g<\/td>\n<td width=\"121\">43,0 g<\/td>\n<\/tr>\n<tr>\n<td width=\"179\">Beljakovine<\/td>\n<td width=\"100\">6,2 g<\/td>\n<td width=\"121\">31,0 g<\/td>\n<\/tr>\n<tr>\n<td width=\"179\">Sol**<\/td>\n<td width=\"100\">0,10 g<\/td>\n<td width=\"121\">0,50 g<\/td>\n<\/tr>\n<\/tbody>\n<\/table>\n<p>*Alergeni:\u00a0<em><strong>mleko<\/strong><\/em><\/p>\n","protected":false},"excerpt":{"rendered":"<p>Kefir Krepki suhec s proteini, brez laktoze in okusom vanilije je izdelan iz slovenskega pasteriziranega, tipiziranega in nehomogeniziranega mleka. Osnova izdelka je kefir Krepki suhec brez laktoze, z 0,9 % mle\u010dne ma\u0161\u010dobe, ki je 100 % izdelan s pomo\u010djo pravih kefirnih zrn. Gre za tradicionalni napitek stoletnikov s Kavkaza, ki dokazano podalj\u0161uje \u017eivljenje. V njem najdemo ve\u010d kot 30 probioti\u010dnih [&hellip;]<\/p>\n","protected":false},"featured_media":25245,"template":"","meta":{"_acf_changed":false},"product_cat":[160,112],"product_tag":[249,247,212,258,246,245,244,242,248,243,259],"class_list":{"0":"post-23203","1":"product","2":"type-product","3":"status-publish","4":"has-post-thumbnail","6":"product_cat-kefirji-krepko","7":"product_cat-krepko-fitness-izdelki","8":"product_tag-brez-laktoze","9":"product_tag-fitness","10":"product_tag-kefir","11":"product_tag-misice","12":"product_tag-prebava","13":"product_tag-prebiotik","14":"product_tag-probiotik","15":"product_tag-proteini","16":"product_tag-sport","17":"product_tag-vanilija","18":"product_tag-zdravje","20":"first","21":"instock","22":"taxable","23":"shipping-taxable","24":"product-type-simple"},"acf":[],"yoast_head":"<!-- This site is optimized with the Yoast SEO plugin v27.4 - https:\/\/yoast.com\/product\/yoast-seo-wordpress\/ -->\n<title>Kefir Krepki suhec s proteini, brez laktoze\/vanilija 0,9% m.m. 500g - Mlekarna Krepko<\/title>\n<meta name=\"description\" content=\"Kefir Krepki suhec s proteini, brez laktoze in okusom vanilije je izdelan iz slovenskega nehomogeniziranega mleka. Dodani so mu mle\u010dni proteini.\" \/>\n<meta name=\"robots\" content=\"index, follow, max-snippet:-1, max-image-preview:large, max-video-preview:-1\" \/>\n<link rel=\"canonical\" href=\"https:\/\/www.mlekarna-krepko.si\/sl\/izdelek\/kefir-krepki-suhec-s-proteini-brez-laktoze-vanilija-09-m-m-500g\/\" \/>\n<meta property=\"og:locale\" content=\"sl_SI\" \/>\n<meta property=\"og:type\" content=\"article\" \/>\n<meta property=\"og:title\" content=\"Kefir Krepki suhec s proteini, brez laktoze\/vanilija 0,9% m.m. 500g - Mlekarna Krepko\" \/>\n<meta property=\"og:description\" content=\"Kefir Krepki suhec s proteini, brez laktoze in okusom vanilije je izdelan iz slovenskega nehomogeniziranega mleka. Dodani so mu mle\u010dni proteini.\" \/>\n<meta property=\"og:url\" content=\"https:\/\/www.mlekarna-krepko.si\/sl\/izdelek\/kefir-krepki-suhec-s-proteini-brez-laktoze-vanilija-09-m-m-500g\/\" \/>\n<meta property=\"og:site_name\" content=\"Mlekarna Krepko\" \/>\n<meta property=\"article:publisher\" content=\"https:\/\/www.facebook.com\/mlekarna.krepko\/\" \/>\n<meta property=\"article:modified_time\" content=\"2024-05-01T10:09:25+00:00\" \/>\n<meta property=\"og:image\" content=\"https:\/\/www.mlekarna-krepko.si\/wp-content\/uploads\/2024\/04\/suhec-protein-s-500ml-logo-nagrada.jpg\" \/>\n\t<meta property=\"og:image:width\" content=\"640\" \/>\n\t<meta property=\"og:image:height\" content=\"802\" \/>\n\t<meta property=\"og:image:type\" content=\"image\/jpeg\" \/>\n<meta name=\"twitter:card\" content=\"summary_large_image\" \/>\n<meta name=\"twitter:label1\" content=\"Est. reading time\" \/>\n\t<meta name=\"twitter:data1\" content=\"2 minuti\" \/>\n<script type=\"application\/ld+json\" class=\"yoast-schema-graph\">{\"@context\":\"https:\\\/\\\/schema.org\",\"@graph\":[{\"@type\":\"WebPage\",\"@id\":\"https:\\\/\\\/www.mlekarna-krepko.si\\\/sl\\\/izdelek\\\/kefir-krepki-suhec-s-proteini-brez-laktoze-vanilija-09-m-m-500g\\\/\",\"url\":\"https:\\\/\\\/www.mlekarna-krepko.si\\\/sl\\\/izdelek\\\/kefir-krepki-suhec-s-proteini-brez-laktoze-vanilija-09-m-m-500g\\\/\",\"name\":\"Kefir Krepki suhec s proteini, brez laktoze\\\/vanilija 0,9% m.m. 500g - Mlekarna Krepko\",\"isPartOf\":{\"@id\":\"https:\\\/\\\/mlekarna-krepko.si\\\/sl\\\/#website\"},\"primaryImageOfPage\":{\"@id\":\"https:\\\/\\\/www.mlekarna-krepko.si\\\/sl\\\/izdelek\\\/kefir-krepki-suhec-s-proteini-brez-laktoze-vanilija-09-m-m-500g\\\/#primaryimage\"},\"image\":{\"@id\":\"https:\\\/\\\/www.mlekarna-krepko.si\\\/sl\\\/izdelek\\\/kefir-krepki-suhec-s-proteini-brez-laktoze-vanilija-09-m-m-500g\\\/#primaryimage\"},\"thumbnailUrl\":\"https:\\\/\\\/www.mlekarna-krepko.si\\\/wp-content\\\/uploads\\\/2024\\\/04\\\/suhec-protein-s-500ml-logo-nagrada.jpg\",\"datePublished\":\"2023-02-28T09:20:35+00:00\",\"dateModified\":\"2024-05-01T10:09:25+00:00\",\"description\":\"Kefir Krepki suhec s proteini, brez laktoze in okusom vanilije je izdelan iz slovenskega nehomogeniziranega mleka. Dodani so mu mle\u010dni proteini.\",\"breadcrumb\":{\"@id\":\"https:\\\/\\\/www.mlekarna-krepko.si\\\/sl\\\/izdelek\\\/kefir-krepki-suhec-s-proteini-brez-laktoze-vanilija-09-m-m-500g\\\/#breadcrumb\"},\"inLanguage\":\"sl-SI\",\"potentialAction\":[{\"@type\":\"ReadAction\",\"target\":[\"https:\\\/\\\/www.mlekarna-krepko.si\\\/sl\\\/izdelek\\\/kefir-krepki-suhec-s-proteini-brez-laktoze-vanilija-09-m-m-500g\\\/\"]}]},{\"@type\":\"ImageObject\",\"inLanguage\":\"sl-SI\",\"@id\":\"https:\\\/\\\/www.mlekarna-krepko.si\\\/sl\\\/izdelek\\\/kefir-krepki-suhec-s-proteini-brez-laktoze-vanilija-09-m-m-500g\\\/#primaryimage\",\"url\":\"https:\\\/\\\/www.mlekarna-krepko.si\\\/wp-content\\\/uploads\\\/2024\\\/04\\\/suhec-protein-s-500ml-logo-nagrada.jpg\",\"contentUrl\":\"https:\\\/\\\/www.mlekarna-krepko.si\\\/wp-content\\\/uploads\\\/2024\\\/04\\\/suhec-protein-s-500ml-logo-nagrada.jpg\",\"width\":640,\"height\":802},{\"@type\":\"BreadcrumbList\",\"@id\":\"https:\\\/\\\/www.mlekarna-krepko.si\\\/sl\\\/izdelek\\\/kefir-krepki-suhec-s-proteini-brez-laktoze-vanilija-09-m-m-500g\\\/#breadcrumb\",\"itemListElement\":[{\"@type\":\"ListItem\",\"position\":1,\"name\":\"Home\",\"item\":\"https:\\\/\\\/mlekarna-krepko.si\\\/sl\\\/\"},{\"@type\":\"ListItem\",\"position\":2,\"name\":\"Trgovina\",\"item\":\"https:\\\/\\\/www.mlekarna-krepko.si\\\/sl\\\/trgovina\\\/\"},{\"@type\":\"ListItem\",\"position\":3,\"name\":\"Kefir Krepki suhec s proteini, brez laktoze\\\/vanilija 0,9% m.m. 500g\"}]},{\"@type\":\"WebSite\",\"@id\":\"https:\\\/\\\/mlekarna-krepko.si\\\/sl\\\/#website\",\"url\":\"https:\\\/\\\/mlekarna-krepko.si\\\/sl\\\/\",\"name\":\"Mlekarna Krepko\",\"description\":\"\",\"publisher\":{\"@id\":\"https:\\\/\\\/mlekarna-krepko.si\\\/sl\\\/#organization\"},\"potentialAction\":[{\"@type\":\"SearchAction\",\"target\":{\"@type\":\"EntryPoint\",\"urlTemplate\":\"https:\\\/\\\/mlekarna-krepko.si\\\/sl\\\/?s={search_term_string}\"},\"query-input\":{\"@type\":\"PropertyValueSpecification\",\"valueRequired\":true,\"valueName\":\"search_term_string\"}}],\"inLanguage\":\"sl-SI\"},{\"@type\":\"Organization\",\"@id\":\"https:\\\/\\\/mlekarna-krepko.si\\\/sl\\\/#organization\",\"name\":\"Mlekarna Krepko\",\"url\":\"https:\\\/\\\/mlekarna-krepko.si\\\/sl\\\/\",\"logo\":{\"@type\":\"ImageObject\",\"inLanguage\":\"sl-SI\",\"@id\":\"https:\\\/\\\/mlekarna-krepko.si\\\/sl\\\/#\\\/schema\\\/logo\\\/image\\\/\",\"url\":\"https:\\\/\\\/www.mlekarna-krepko.si\\\/wp-content\\\/uploads\\\/2020\\\/04\\\/LogoWeb_transparenten.png\",\"contentUrl\":\"https:\\\/\\\/www.mlekarna-krepko.si\\\/wp-content\\\/uploads\\\/2020\\\/04\\\/LogoWeb_transparenten.png\",\"width\":300,\"height\":300,\"caption\":\"Mlekarna Krepko\"},\"image\":{\"@id\":\"https:\\\/\\\/mlekarna-krepko.si\\\/sl\\\/#\\\/schema\\\/logo\\\/image\\\/\"},\"sameAs\":[\"https:\\\/\\\/www.facebook.com\\\/mlekarna.krepko\\\/\",\"https:\\\/\\\/www.instagram.com\\\/mlekarnakrepko\\\/\",\"https:\\\/\\\/www.linkedin.com\\\/company\\\/mlekarna-krepko\",\"https:\\\/\\\/www.youtube.com\\\/channel\\\/UCAzec5mnRHgcj2Th3fGRtKw?view_as=subscriber\"]}]}<\/script>\n<!-- \/ Yoast SEO plugin. -->","yoast_head_json":{"title":"Kefir Krepki suhec s proteini, brez laktoze\/vanilija 0,9% m.m. 500g - Mlekarna Krepko","description":"Kefir Krepki suhec s proteini, brez laktoze in okusom vanilije je izdelan iz slovenskega nehomogeniziranega mleka. Dodani so mu mle\u010dni proteini.","robots":{"index":"index","follow":"follow","max-snippet":"max-snippet:-1","max-image-preview":"max-image-preview:large","max-video-preview":"max-video-preview:-1"},"canonical":"https:\/\/www.mlekarna-krepko.si\/sl\/izdelek\/kefir-krepki-suhec-s-proteini-brez-laktoze-vanilija-09-m-m-500g\/","og_locale":"sl_SI","og_type":"article","og_title":"Kefir Krepki suhec s proteini, brez laktoze\/vanilija 0,9% m.m. 500g - Mlekarna Krepko","og_description":"Kefir Krepki suhec s proteini, brez laktoze in okusom vanilije je izdelan iz slovenskega nehomogeniziranega mleka. Dodani so mu mle\u010dni proteini.","og_url":"https:\/\/www.mlekarna-krepko.si\/sl\/izdelek\/kefir-krepki-suhec-s-proteini-brez-laktoze-vanilija-09-m-m-500g\/","og_site_name":"Mlekarna Krepko","article_publisher":"https:\/\/www.facebook.com\/mlekarna.krepko\/","article_modified_time":"2024-05-01T10:09:25+00:00","og_image":[{"width":640,"height":802,"url":"https:\/\/www.mlekarna-krepko.si\/wp-content\/uploads\/2024\/04\/suhec-protein-s-500ml-logo-nagrada.jpg","type":"image\/jpeg"}],"twitter_card":"summary_large_image","twitter_misc":{"Est. reading time":"2 minuti"},"schema":{"@context":"https:\/\/schema.org","@graph":[{"@type":"WebPage","@id":"https:\/\/www.mlekarna-krepko.si\/sl\/izdelek\/kefir-krepki-suhec-s-proteini-brez-laktoze-vanilija-09-m-m-500g\/","url":"https:\/\/www.mlekarna-krepko.si\/sl\/izdelek\/kefir-krepki-suhec-s-proteini-brez-laktoze-vanilija-09-m-m-500g\/","name":"Kefir Krepki suhec s proteini, brez laktoze\/vanilija 0,9% m.m. 500g - Mlekarna Krepko","isPartOf":{"@id":"https:\/\/mlekarna-krepko.si\/sl\/#website"},"primaryImageOfPage":{"@id":"https:\/\/www.mlekarna-krepko.si\/sl\/izdelek\/kefir-krepki-suhec-s-proteini-brez-laktoze-vanilija-09-m-m-500g\/#primaryimage"},"image":{"@id":"https:\/\/www.mlekarna-krepko.si\/sl\/izdelek\/kefir-krepki-suhec-s-proteini-brez-laktoze-vanilija-09-m-m-500g\/#primaryimage"},"thumbnailUrl":"https:\/\/www.mlekarna-krepko.si\/wp-content\/uploads\/2024\/04\/suhec-protein-s-500ml-logo-nagrada.jpg","datePublished":"2023-02-28T09:20:35+00:00","dateModified":"2024-05-01T10:09:25+00:00","description":"Kefir Krepki suhec s proteini, brez laktoze in okusom vanilije je izdelan iz slovenskega nehomogeniziranega mleka. Dodani so mu mle\u010dni proteini.","breadcrumb":{"@id":"https:\/\/www.mlekarna-krepko.si\/sl\/izdelek\/kefir-krepki-suhec-s-proteini-brez-laktoze-vanilija-09-m-m-500g\/#breadcrumb"},"inLanguage":"sl-SI","potentialAction":[{"@type":"ReadAction","target":["https:\/\/www.mlekarna-krepko.si\/sl\/izdelek\/kefir-krepki-suhec-s-proteini-brez-laktoze-vanilija-09-m-m-500g\/"]}]},{"@type":"ImageObject","inLanguage":"sl-SI","@id":"https:\/\/www.mlekarna-krepko.si\/sl\/izdelek\/kefir-krepki-suhec-s-proteini-brez-laktoze-vanilija-09-m-m-500g\/#primaryimage","url":"https:\/\/www.mlekarna-krepko.si\/wp-content\/uploads\/2024\/04\/suhec-protein-s-500ml-logo-nagrada.jpg","contentUrl":"https:\/\/www.mlekarna-krepko.si\/wp-content\/uploads\/2024\/04\/suhec-protein-s-500ml-logo-nagrada.jpg","width":640,"height":802},{"@type":"BreadcrumbList","@id":"https:\/\/www.mlekarna-krepko.si\/sl\/izdelek\/kefir-krepki-suhec-s-proteini-brez-laktoze-vanilija-09-m-m-500g\/#breadcrumb","itemListElement":[{"@type":"ListItem","position":1,"name":"Home","item":"https:\/\/mlekarna-krepko.si\/sl\/"},{"@type":"ListItem","position":2,"name":"Trgovina","item":"https:\/\/www.mlekarna-krepko.si\/sl\/trgovina\/"},{"@type":"ListItem","position":3,"name":"Kefir Krepki suhec s proteini, brez laktoze\/vanilija 0,9% m.m. 500g"}]},{"@type":"WebSite","@id":"https:\/\/mlekarna-krepko.si\/sl\/#website","url":"https:\/\/mlekarna-krepko.si\/sl\/","name":"Mlekarna Krepko","description":"","publisher":{"@id":"https:\/\/mlekarna-krepko.si\/sl\/#organization"},"potentialAction":[{"@type":"SearchAction","target":{"@type":"EntryPoint","urlTemplate":"https:\/\/mlekarna-krepko.si\/sl\/?s={search_term_string}"},"query-input":{"@type":"PropertyValueSpecification","valueRequired":true,"valueName":"search_term_string"}}],"inLanguage":"sl-SI"},{"@type":"Organization","@id":"https:\/\/mlekarna-krepko.si\/sl\/#organization","name":"Mlekarna Krepko","url":"https:\/\/mlekarna-krepko.si\/sl\/","logo":{"@type":"ImageObject","inLanguage":"sl-SI","@id":"https:\/\/mlekarna-krepko.si\/sl\/#\/schema\/logo\/image\/","url":"https:\/\/www.mlekarna-krepko.si\/wp-content\/uploads\/2020\/04\/LogoWeb_transparenten.png","contentUrl":"https:\/\/www.mlekarna-krepko.si\/wp-content\/uploads\/2020\/04\/LogoWeb_transparenten.png","width":300,"height":300,"caption":"Mlekarna Krepko"},"image":{"@id":"https:\/\/mlekarna-krepko.si\/sl\/#\/schema\/logo\/image\/"},"sameAs":["https:\/\/www.facebook.com\/mlekarna.krepko\/","https:\/\/www.instagram.com\/mlekarnakrepko\/","https:\/\/www.linkedin.com\/company\/mlekarna-krepko","https:\/\/www.youtube.com\/channel\/UCAzec5mnRHgcj2Th3fGRtKw?view_as=subscriber"]}]}},"_links":{"self":[{"href":"https:\/\/www.mlekarna-krepko.si\/sl\/wp-json\/wp\/v2\/product\/23203","targetHints":{"allow":["GET"]}}],"collection":[{"href":"https:\/\/www.mlekarna-krepko.si\/sl\/wp-json\/wp\/v2\/product"}],"about":[{"href":"https:\/\/www.mlekarna-krepko.si\/sl\/wp-json\/wp\/v2\/types\/product"}],"wp:featuredmedia":[{"embeddable":true,"href":"https:\/\/www.mlekarna-krepko.si\/sl\/wp-json\/wp\/v2\/media\/25245"}],"wp:attachment":[{"href":"https:\/\/www.mlekarna-krepko.si\/sl\/wp-json\/wp\/v2\/media?parent=23203"}],"wp:term":[{"taxonomy":"product_cat","embeddable":true,"href":"https:\/\/www.mlekarna-krepko.si\/sl\/wp-json\/wp\/v2\/product_cat?post=23203"},{"taxonomy":"product_tag","embeddable":true,"href":"https:\/\/www.mlekarna-krepko.si\/sl\/wp-json\/wp\/v2\/product_tag?post=23203"}],"curies":[{"name":"wp","href":"https:\/\/api.w.org\/{rel}","templated":true}]}}