{"id":17806,"date":"2019-03-27T11:18:56","date_gmt":"2019-03-27T11:18:56","guid":{"rendered":"https:\/\/www.mlekarna-krepko.si\/sl\/?post_type=product&#038;p=17806"},"modified":"2026-02-25T16:52:17","modified_gmt":"2026-02-25T16:52:17","slug":"bio-maslo-1-vrste-500g","status":"publish","type":"product","link":"https:\/\/www.mlekarna-krepko.si\/sl\/izdelek\/bio-maslo-1-vrste-500g\/","title":{"rendered":"Bio maslo 1. vrste 500g"},"content":{"rendered":"<p>Bio maslo 1. vrste je izdelano iz pasterizirane bio smetane (38 &#8211; 43 % m. m.), ki je posneta iz slovenskega ekolo\u0161kega, nehomogeniziranega mleka. Posebnost masla Mlekarne Krepko je, da se mu doda kefirjeva kultura, kar mu pri\u010dara edinstven okus. Je zna\u010dilne in izrazito rumene barve.<\/p>\n<p>&nbsp;<\/p>\n<table border=\"1\" cellspacing=\"0\" cellpadding=\"0\">\n<tbody>\n<tr>\n<td style=\"width: 359px;\" colspan=\"2\">\n<p align=\"center\"><span style=\"color: #ff0000;\"><strong>Hranilna vrednost (povpre\u010dje v 100 g)<\/strong><\/span><\/p>\n<\/td>\n<\/tr>\n<tr>\n<td style=\"width: 245px;\">Beljakovine<\/td>\n<td style=\"width: 113px;\">0,4 g<\/td>\n<\/tr>\n<tr>\n<td style=\"width: 245px;\">Ogljikovi hidrati<\/td>\n<td style=\"width: 113px;\">2,0 g<\/td>\n<\/tr>\n<tr>\n<td style=\"width: 245px;\">\u00a0\u00a0\u00a0 od tega \u00a0sladkorji<\/td>\n<td style=\"width: 113px;\">2,0 g<\/td>\n<\/tr>\n<tr>\n<td style=\"width: 245px;\">Ma\u0161\u010dobe<\/td>\n<td style=\"width: 113px;\">82 g<\/td>\n<\/tr>\n<tr>\n<td style=\"width: 245px;\">\u00a0\u00a0\u00a0\u00a0 nasi\u010dene ma\u0161\u010dobne kisline<\/td>\n<td style=\"width: 113px;\">52,2 g<\/td>\n<\/tr>\n<tr>\n<td style=\"width: 245px;\">Prehranske vlaknine<\/td>\n<td style=\"width: 113px;\">0 g<\/td>\n<\/tr>\n<tr>\n<td style=\"width: 245px;\">Sol (naravno prisotna)<\/td>\n<td style=\"width: 113px;\">0,03 g<\/td>\n<\/tr>\n<tr>\n<td style=\"width: 245px;\">Energijska vrednost<\/td>\n<td style=\"width: 113px;\">3075 kJ\/748 kcal<\/td>\n<\/tr>\n<\/tbody>\n<\/table>\n<p>*Alergeni:\u00a0<em><strong>mleko<\/strong><\/em><\/p>\n","protected":false},"excerpt":{"rendered":"<p>Bio maslo 1. vrste je izdelano iz pasterizirane bio smetane (38 &#8211; 43 % m. m.), ki je posneta iz slovenskega ekolo\u0161kega, nehomogeniziranega mleka. Posebnost masla Mlekarne Krepko je, da se mu doda kefirjeva kultura, kar mu pri\u010dara edinstven okus. Je zna\u010dilne in izrazito rumene barve. &nbsp; Hranilna vrednost (povpre\u010dje v 100 g) Beljakovine 0,4 g Ogljikovi hidrati 2,0 g [&hellip;]<\/p>\n","protected":false},"featured_media":19413,"template":"","meta":{"_acf_changed":false},"product_cat":[174,161],"product_tag":[],"class_list":{"0":"post-17806","1":"product","2":"type-product","3":"status-publish","4":"has-post-thumbnail","6":"product_cat-bio-mlecni-izdelki","7":"product_cat-mlecni-izdelki-krepko","9":"first","10":"instock","11":"taxable","12":"shipping-taxable","13":"purchasable","14":"product-type-simple"},"acf":[],"yoast_head":"<!-- This site is optimized with the Yoast SEO plugin v26.2 - https:\/\/yoast.com\/wordpress\/plugins\/seo\/ -->\n<title>Bio maslo 1. vrste 500g - Mlekarna Krepko<\/title>\n<meta name=\"robots\" content=\"index, follow, max-snippet:-1, max-image-preview:large, max-video-preview:-1\" \/>\n<link rel=\"canonical\" href=\"https:\/\/www.mlekarna-krepko.si\/sl\/izdelek\/bio-maslo-1-vrste-500g\/\" \/>\n<meta property=\"og:locale\" content=\"sl_SI\" \/>\n<meta property=\"og:type\" content=\"article\" \/>\n<meta property=\"og:title\" content=\"Bio maslo 1. vrste 500g - Mlekarna Krepko\" \/>\n<meta property=\"og:description\" content=\"Bio maslo 1. vrste je izdelano iz pasterizirane bio smetane (38 &#8211; 43 % m. m.), ki je posneta iz slovenskega ekolo\u0161kega, nehomogeniziranega mleka. Posebnost masla Mlekarne Krepko je, da se mu doda kefirjeva kultura, kar mu pri\u010dara edinstven okus. Je zna\u010dilne in izrazito rumene barve. &nbsp; Hranilna vrednost (povpre\u010dje v 100 g) Beljakovine 0,4 g Ogljikovi hidrati 2,0 g [&hellip;]\" \/>\n<meta property=\"og:url\" content=\"https:\/\/www.mlekarna-krepko.si\/sl\/izdelek\/bio-maslo-1-vrste-500g\/\" \/>\n<meta property=\"og:site_name\" content=\"Mlekarna Krepko\" \/>\n<meta property=\"article:publisher\" content=\"https:\/\/www.facebook.com\/mlekarna.krepko\/\" \/>\n<meta property=\"article:modified_time\" content=\"2026-02-25T16:52:17+00:00\" \/>\n<meta property=\"og:image\" content=\"https:\/\/www.mlekarna-krepko.si\/wp-content\/uploads\/2020\/09\/maslo-500g-trgovina.jpg\" \/>\n\t<meta property=\"og:image:width\" content=\"640\" \/>\n\t<meta property=\"og:image:height\" content=\"802\" \/>\n\t<meta property=\"og:image:type\" content=\"image\/jpeg\" \/>\n<meta name=\"twitter:card\" content=\"summary_large_image\" \/>\n<meta name=\"twitter:label1\" content=\"Est. reading time\" \/>\n\t<meta name=\"twitter:data1\" content=\"1 minuta\" \/>\n<script type=\"application\/ld+json\" class=\"yoast-schema-graph\">{\"@context\":\"https:\/\/schema.org\",\"@graph\":[{\"@type\":\"WebPage\",\"@id\":\"https:\/\/www.mlekarna-krepko.si\/sl\/izdelek\/bio-maslo-1-vrste-500g\/\",\"url\":\"https:\/\/www.mlekarna-krepko.si\/sl\/izdelek\/bio-maslo-1-vrste-500g\/\",\"name\":\"Bio maslo 1. vrste 500g - Mlekarna Krepko\",\"isPartOf\":{\"@id\":\"https:\/\/mlekarna-krepko.si\/it\/#website\"},\"primaryImageOfPage\":{\"@id\":\"https:\/\/www.mlekarna-krepko.si\/sl\/izdelek\/bio-maslo-1-vrste-500g\/#primaryimage\"},\"image\":{\"@id\":\"https:\/\/www.mlekarna-krepko.si\/sl\/izdelek\/bio-maslo-1-vrste-500g\/#primaryimage\"},\"thumbnailUrl\":\"https:\/\/www.mlekarna-krepko.si\/wp-content\/uploads\/2020\/09\/maslo-500g-trgovina.jpg\",\"datePublished\":\"2019-03-27T11:18:56+00:00\",\"dateModified\":\"2026-02-25T16:52:17+00:00\",\"breadcrumb\":{\"@id\":\"https:\/\/www.mlekarna-krepko.si\/sl\/izdelek\/bio-maslo-1-vrste-500g\/#breadcrumb\"},\"inLanguage\":\"sl-SI\",\"potentialAction\":[{\"@type\":\"ReadAction\",\"target\":[\"https:\/\/www.mlekarna-krepko.si\/sl\/izdelek\/bio-maslo-1-vrste-500g\/\"]}]},{\"@type\":\"ImageObject\",\"inLanguage\":\"sl-SI\",\"@id\":\"https:\/\/www.mlekarna-krepko.si\/sl\/izdelek\/bio-maslo-1-vrste-500g\/#primaryimage\",\"url\":\"https:\/\/www.mlekarna-krepko.si\/wp-content\/uploads\/2020\/09\/maslo-500g-trgovina.jpg\",\"contentUrl\":\"https:\/\/www.mlekarna-krepko.si\/wp-content\/uploads\/2020\/09\/maslo-500g-trgovina.jpg\",\"width\":640,\"height\":802},{\"@type\":\"BreadcrumbList\",\"@id\":\"https:\/\/www.mlekarna-krepko.si\/sl\/izdelek\/bio-maslo-1-vrste-500g\/#breadcrumb\",\"itemListElement\":[{\"@type\":\"ListItem\",\"position\":1,\"name\":\"Home\",\"item\":\"https:\/\/www.mlekarna-krepko.si\/sl\/\"},{\"@type\":\"ListItem\",\"position\":2,\"name\":\"Trgovina\",\"item\":\"https:\/\/mlekarna-krepko.si\/sl\/trgovina\/\"},{\"@type\":\"ListItem\",\"position\":3,\"name\":\"Bio maslo 1. vrste 500g\"}]},{\"@type\":\"WebSite\",\"@id\":\"https:\/\/mlekarna-krepko.si\/it\/#website\",\"url\":\"https:\/\/mlekarna-krepko.si\/it\/\",\"name\":\"Mlekarna Krepko\",\"description\":\"\",\"publisher\":{\"@id\":\"https:\/\/mlekarna-krepko.si\/it\/#organization\"},\"potentialAction\":[{\"@type\":\"SearchAction\",\"target\":{\"@type\":\"EntryPoint\",\"urlTemplate\":\"https:\/\/mlekarna-krepko.si\/it\/?s={search_term_string}\"},\"query-input\":{\"@type\":\"PropertyValueSpecification\",\"valueRequired\":true,\"valueName\":\"search_term_string\"}}],\"inLanguage\":\"sl-SI\"},{\"@type\":\"Organization\",\"@id\":\"https:\/\/mlekarna-krepko.si\/it\/#organization\",\"name\":\"Mlekarna Krepko\",\"url\":\"https:\/\/mlekarna-krepko.si\/it\/\",\"logo\":{\"@type\":\"ImageObject\",\"inLanguage\":\"sl-SI\",\"@id\":\"https:\/\/mlekarna-krepko.si\/it\/#\/schema\/logo\/image\/\",\"url\":\"https:\/\/www.mlekarna-krepko.si\/wp-content\/uploads\/2020\/04\/LogoWeb_transparenten.png\",\"contentUrl\":\"https:\/\/www.mlekarna-krepko.si\/wp-content\/uploads\/2020\/04\/LogoWeb_transparenten.png\",\"width\":300,\"height\":300,\"caption\":\"Mlekarna Krepko\"},\"image\":{\"@id\":\"https:\/\/mlekarna-krepko.si\/it\/#\/schema\/logo\/image\/\"},\"sameAs\":[\"https:\/\/www.facebook.com\/mlekarna.krepko\/\",\"https:\/\/www.instagram.com\/mlekarnakrepko\/\",\"https:\/\/www.linkedin.com\/company\/mlekarna-krepko\",\"https:\/\/www.youtube.com\/channel\/UCAzec5mnRHgcj2Th3fGRtKw?view_as=subscriber\"]}]}<\/script>\n<!-- \/ Yoast SEO plugin. -->","yoast_head_json":{"title":"Bio maslo 1. vrste 500g - Mlekarna Krepko","robots":{"index":"index","follow":"follow","max-snippet":"max-snippet:-1","max-image-preview":"max-image-preview:large","max-video-preview":"max-video-preview:-1"},"canonical":"https:\/\/www.mlekarna-krepko.si\/sl\/izdelek\/bio-maslo-1-vrste-500g\/","og_locale":"sl_SI","og_type":"article","og_title":"Bio maslo 1. vrste 500g - Mlekarna Krepko","og_description":"Bio maslo 1. vrste je izdelano iz pasterizirane bio smetane (38 &#8211; 43 % m. m.), ki je posneta iz slovenskega ekolo\u0161kega, nehomogeniziranega mleka. Posebnost masla Mlekarne Krepko je, da se mu doda kefirjeva kultura, kar mu pri\u010dara edinstven okus. Je zna\u010dilne in izrazito rumene barve. &nbsp; Hranilna vrednost (povpre\u010dje v 100 g) Beljakovine 0,4 g Ogljikovi hidrati 2,0 g [&hellip;]","og_url":"https:\/\/www.mlekarna-krepko.si\/sl\/izdelek\/bio-maslo-1-vrste-500g\/","og_site_name":"Mlekarna Krepko","article_publisher":"https:\/\/www.facebook.com\/mlekarna.krepko\/","article_modified_time":"2026-02-25T16:52:17+00:00","og_image":[{"width":640,"height":802,"url":"https:\/\/www.mlekarna-krepko.si\/wp-content\/uploads\/2020\/09\/maslo-500g-trgovina.jpg","type":"image\/jpeg"}],"twitter_card":"summary_large_image","twitter_misc":{"Est. reading time":"1 minuta"},"schema":{"@context":"https:\/\/schema.org","@graph":[{"@type":"WebPage","@id":"https:\/\/www.mlekarna-krepko.si\/sl\/izdelek\/bio-maslo-1-vrste-500g\/","url":"https:\/\/www.mlekarna-krepko.si\/sl\/izdelek\/bio-maslo-1-vrste-500g\/","name":"Bio maslo 1. vrste 500g - Mlekarna Krepko","isPartOf":{"@id":"https:\/\/mlekarna-krepko.si\/it\/#website"},"primaryImageOfPage":{"@id":"https:\/\/www.mlekarna-krepko.si\/sl\/izdelek\/bio-maslo-1-vrste-500g\/#primaryimage"},"image":{"@id":"https:\/\/www.mlekarna-krepko.si\/sl\/izdelek\/bio-maslo-1-vrste-500g\/#primaryimage"},"thumbnailUrl":"https:\/\/www.mlekarna-krepko.si\/wp-content\/uploads\/2020\/09\/maslo-500g-trgovina.jpg","datePublished":"2019-03-27T11:18:56+00:00","dateModified":"2026-02-25T16:52:17+00:00","breadcrumb":{"@id":"https:\/\/www.mlekarna-krepko.si\/sl\/izdelek\/bio-maslo-1-vrste-500g\/#breadcrumb"},"inLanguage":"sl-SI","potentialAction":[{"@type":"ReadAction","target":["https:\/\/www.mlekarna-krepko.si\/sl\/izdelek\/bio-maslo-1-vrste-500g\/"]}]},{"@type":"ImageObject","inLanguage":"sl-SI","@id":"https:\/\/www.mlekarna-krepko.si\/sl\/izdelek\/bio-maslo-1-vrste-500g\/#primaryimage","url":"https:\/\/www.mlekarna-krepko.si\/wp-content\/uploads\/2020\/09\/maslo-500g-trgovina.jpg","contentUrl":"https:\/\/www.mlekarna-krepko.si\/wp-content\/uploads\/2020\/09\/maslo-500g-trgovina.jpg","width":640,"height":802},{"@type":"BreadcrumbList","@id":"https:\/\/www.mlekarna-krepko.si\/sl\/izdelek\/bio-maslo-1-vrste-500g\/#breadcrumb","itemListElement":[{"@type":"ListItem","position":1,"name":"Home","item":"https:\/\/www.mlekarna-krepko.si\/sl\/"},{"@type":"ListItem","position":2,"name":"Trgovina","item":"https:\/\/mlekarna-krepko.si\/sl\/trgovina\/"},{"@type":"ListItem","position":3,"name":"Bio maslo 1. vrste 500g"}]},{"@type":"WebSite","@id":"https:\/\/mlekarna-krepko.si\/it\/#website","url":"https:\/\/mlekarna-krepko.si\/it\/","name":"Mlekarna Krepko","description":"","publisher":{"@id":"https:\/\/mlekarna-krepko.si\/it\/#organization"},"potentialAction":[{"@type":"SearchAction","target":{"@type":"EntryPoint","urlTemplate":"https:\/\/mlekarna-krepko.si\/it\/?s={search_term_string}"},"query-input":{"@type":"PropertyValueSpecification","valueRequired":true,"valueName":"search_term_string"}}],"inLanguage":"sl-SI"},{"@type":"Organization","@id":"https:\/\/mlekarna-krepko.si\/it\/#organization","name":"Mlekarna Krepko","url":"https:\/\/mlekarna-krepko.si\/it\/","logo":{"@type":"ImageObject","inLanguage":"sl-SI","@id":"https:\/\/mlekarna-krepko.si\/it\/#\/schema\/logo\/image\/","url":"https:\/\/www.mlekarna-krepko.si\/wp-content\/uploads\/2020\/04\/LogoWeb_transparenten.png","contentUrl":"https:\/\/www.mlekarna-krepko.si\/wp-content\/uploads\/2020\/04\/LogoWeb_transparenten.png","width":300,"height":300,"caption":"Mlekarna Krepko"},"image":{"@id":"https:\/\/mlekarna-krepko.si\/it\/#\/schema\/logo\/image\/"},"sameAs":["https:\/\/www.facebook.com\/mlekarna.krepko\/","https:\/\/www.instagram.com\/mlekarnakrepko\/","https:\/\/www.linkedin.com\/company\/mlekarna-krepko","https:\/\/www.youtube.com\/channel\/UCAzec5mnRHgcj2Th3fGRtKw?view_as=subscriber"]}]}},"_links":{"self":[{"href":"https:\/\/www.mlekarna-krepko.si\/sl\/wp-json\/wp\/v2\/product\/17806","targetHints":{"allow":["GET"]}}],"collection":[{"href":"https:\/\/www.mlekarna-krepko.si\/sl\/wp-json\/wp\/v2\/product"}],"about":[{"href":"https:\/\/www.mlekarna-krepko.si\/sl\/wp-json\/wp\/v2\/types\/product"}],"wp:featuredmedia":[{"embeddable":true,"href":"https:\/\/www.mlekarna-krepko.si\/sl\/wp-json\/wp\/v2\/media\/19413"}],"wp:attachment":[{"href":"https:\/\/www.mlekarna-krepko.si\/sl\/wp-json\/wp\/v2\/media?parent=17806"}],"wp:term":[{"taxonomy":"product_cat","embeddable":true,"href":"https:\/\/www.mlekarna-krepko.si\/sl\/wp-json\/wp\/v2\/product_cat?post=17806"},{"taxonomy":"product_tag","embeddable":true,"href":"https:\/\/www.mlekarna-krepko.si\/sl\/wp-json\/wp\/v2\/product_tag?post=17806"}],"curies":[{"name":"wp","href":"https:\/\/api.w.org\/{rel}","templated":true}]}}