{"id":15063,"date":"2020-01-14T11:42:22","date_gmt":"2020-01-14T11:42:22","guid":{"rendered":"https:\/\/www.mlekarna-krepko.si\/product\/bio-kefir-krepki-suhec-jagoda-250-g\/"},"modified":"2023-01-09T20:36:29","modified_gmt":"2023-01-09T20:36:29","slug":"bio-kefir-krepki-suhec-jagoda-250-g","status":"publish","type":"product","link":"https:\/\/www.mlekarna-krepko.si\/sl\/izdelek\/bio-kefir-krepki-suhec-jagoda-250-g\/","title":{"rendered":"Bio kefir Krepki suhec\/jagoda 1,5% m.m. 250g"},"content":{"rendered":"<h3>Kaj so prednosti rednega u\u017eivanja tradicionalnega kefirja?<\/h3>\n<p>Prednosti rednega u\u017eivanja tradicionalnega kefirja:<\/p>\n<ul>\n<li><strong>Izbolj\u0161uje va\u0161o \u010drevesno floro in prebavo<\/strong>, saj je naravni simbiotik (<strong>vsebuje probiotike in prebiotike<\/strong>). U\u010dinek prebiotikov je pomemben, saj prebiotiki poskrbijo za mo\u010dnej\u0161i u\u010dinek probioti\u010dnih bakterij.<\/li>\n<li>Z njim boste <strong>z zdravim in lahkim obrokom va\u0161emu telesu dali<\/strong> <strong>pomembne naravne vitamine <\/strong>(A, E, B1, B2, B6, B12, biotin, folna kislina), <strong>minerale <\/strong>(kalij, kalcij, \u017eelezo, magnezij, natrij, baker, cink, fosfor) in tudi <strong>esencialne aminokisline<\/strong>.<\/li>\n<li>Zaradi <strong>nizkega dele\u017ea laktoze<\/strong> ga boste la\u017eje u\u017eivali tudi ljudje v zrelih letih.<\/li>\n<li>Spodbujate lokalno, saj je pridelan iz slovenskega (ekolo\u0161kega) nehomogeniziranega mleka,<\/li>\n<li>Je brez konzervansov in aditivov.<\/li>\n<\/ul>\n<p><a href=\"https:\/\/www.mlekarna-krepko.si\/sl\/blog\/ucinek-kefirja-na-zdravje\/\">Ve\u010d o u\u010dinkih kefirja na \u010dlove\u0161ko telo &gt;&gt;<\/a><\/p>\n<h3>Komu \u0161e posebej priporo\u010damo kefir?<\/h3>\n<p>Priporo\u010damo ga tistim, ki:<\/p>\n<ul>\n<li>\u017eelite bolj urejeno prebavo in uravnote\u017eeno \u010drevesno floro,<\/li>\n<li>potrebujete nizkokalori\u010den obrok, ki vam pomaga pri prizadevanjih za izgubo telesne te\u017ee,<\/li>\n<li>delate na krepitvi imunskega sistema, saj je znano da \u010drevesje tvori ve\u010dino celic imunskega sistema,<\/li>\n<li>ste jemali antibiotike in \u017eelite ponovno vzpostaviti ravnovesje \u010drevesne flore,<\/li>\n<li>se ukvarjate s \u0161portom in bi radi u\u017eivali polnovredno prehrano,<\/li>\n<li>ste izpostavljeni stresu, ki lahko precej negativno vpliva na \u010drevesno floro,<\/li>\n<li>cenite lokalno in ekolo\u0161ko pridelano hrano.<\/li>\n<\/ul>\n<h3><strong>Izdelan le po naravni tradicionalni metodi<\/strong><\/h3>\n<p>Proizvodnja kefirja Krepki suhec poteka na tradicionalni na\u010din, s kefirnimi zrni iz iz slovenskega, pasteriziranega, tipiziranega in nehomogeniziranega mleka. Tako med procesom fermentacije nastaja naravni CO<sub>2<\/sub>, mle\u010dna kislina, etanol ter ostala hranila, ki vplivajo na okus kefirja proizvedenega na tradicionalen na\u010din.<\/p>\n<p>\u010ce primerjamo tradicionalno pridelan kefir z jogurtom ali kislim mlekom, ki sta prav tako fermentirana mle\u010dna izdelka, ugotovimo, da jogurt vsebuje najve\u010d tri bakterije, enako velja za kislo mleko, iz trojice pa najbolj izstopa tradicionalni kefir, saj poleg ogromnega \u0161tevila mikroorganizmov, ki jih je kar \u010dez sto, vsebuje \u0161e kvasovke. Kefir velja za nespornega kralja fermentiranih mle\u010dnih izdelkov!<\/p>\n<h3><strong>Uporaba kefirja pri pripravi jedi<\/strong><\/h3>\n<p>Kefir se uporablja pri pripravi toplih ali hladnih juh, solatnih prelivov, sladoleda, tort, mafinov in kola\u010dev, pala\u010dink in vafljev, kruha in ostalih pekovskih izdelkov, frapejev in smutijev, kot preliv za kosmi\u010de in \u017egance ali kot pomaka za pe\u010deno meso.<\/p>\n<p>S sadnim kefirjem v kombinaciji z ore\u0161\u010dki, suhim sadjem in semeni si lahko pripravimo polnovredni obrok, zdravo malico v slu\u017ebi ali <a href=\"https:\/\/www.mlekarna-krepko.si\/sl\/recepti\/slastne-sadne-ploscice-kot-prigrizek-ali-malica-s-kefirjem\/\" target=\"_blank\" rel=\"noopener\">energijski zajtrk<\/a>.<\/p>\n<p><img decoding=\"async\" class=\"\" src=\"https:\/\/www.mlekarna-krepko.si\/wp-content\/uploads\/2020\/05\/MS73996-s-300x190.jpg\" width=\"441\" height=\"279\" \/><\/p>\n<h3>Recept &#8211; slastne sadne plo\u0161\u010dice kot prigrizek ali malica s kefirjem:<\/h3>\n<p><a href=\"https:\/\/www.mlekarna-krepko.si\/sl\/recepti\/slastne-sadne-ploscice-kot-prigrizek-ali-malica-s-kefirjem\/\" target=\"_blank\" rel=\"noopener\">https:\/\/www.mlekarna-krepko.si\/sl\/recepti\/slastne-sadne-ploscice-kot-prigrizek-ali-malica-s-kefirjem\/<\/a><\/p>\n<table border=\"1\" cellspacing=\"0\" cellpadding=\"0\">\n<tbody>\n<tr>\n<td style=\"width: 349px;\" colspan=\"2\">\n<p align=\"center\"><span style=\"color: #ff0000;\"><strong>Hranilna vrednost (povpre\u010dje v 100 g)<\/strong><\/span><\/p>\n<\/td>\n<\/tr>\n<tr>\n<td style=\"width: 245px;\">Beljakovine<\/td>\n<td style=\"width: 104px;\">3,2 g<\/td>\n<\/tr>\n<tr>\n<td style=\"width: 245px;\">Ogljikovi hidrati<\/td>\n<td style=\"width: 104px;\">9,7 g<\/td>\n<\/tr>\n<tr>\n<td style=\"width: 245px;\">\u00a0\u00a0\u00a0 od tega\u00a0 sladkorji<\/td>\n<td style=\"width: 104px;\">9,6 g<\/td>\n<\/tr>\n<tr>\n<td style=\"width: 245px;\">Ma\u0161\u010dobe<\/td>\n<td style=\"width: 104px;\">1,5 g<\/td>\n<\/tr>\n<tr>\n<td style=\"width: 245px;\">\u00a0\u00a0\u00a0\u00a0 nasi\u010dene ma\u0161\u010dobne kisline<\/td>\n<td style=\"width: 104px;\">1,0 g<\/td>\n<\/tr>\n<tr>\n<td style=\"width: 245px;\">Prehranske vlaknine<\/td>\n<td style=\"width: 104px;\">0 g<\/td>\n<\/tr>\n<tr>\n<td style=\"width: 245px;\">Sol (naravno prisotna)<\/td>\n<td style=\"width: 104px;\">0,1 g<\/td>\n<\/tr>\n<tr>\n<td style=\"width: 245px;\">Energijska vrednost<\/td>\n<td style=\"width: 104px;\">275 kJ\/65 kcal<\/td>\n<\/tr>\n<\/tbody>\n<\/table>\n<p>*Alergeni:\u00a0<em><strong>mleko<\/strong><\/em><\/p>\n","protected":false},"excerpt":{"rendered":"<p>Bio kefir Krepki suhec z 1,5 % mle\u010dne ma\u0161\u010dobe, z okusom jagode je izdelan iz slovenskega ekolo\u0161kega, pasteriziranega in nehomogeniziranega mleka. Osnova za izdelavo je <strong>tradicionalni bio kefir<\/strong> Krepki suhec, z 1,5 % mle\u010dne ma\u0161\u010dobe, ki se mu doda 10 % ekolo\u0161ko pridelane jagodne ka\u0161e. <strong>Zaradi sadnega okusa, ga imajo otroci zelo radi<\/strong>.<\/p>\n<p><img decoding=\"async\" class=\"wp-image-20891 aligncenter\" src=\"https:\/\/www.mlekarna-krepko.si\/wp-content\/uploads\/2021\/04\/kefir-lastnosti-sticker1-500x500-1.jpg\" alt=\"\" width=\"193\" height=\"193\" srcset=\"https:\/\/www.mlekarna-krepko.si\/wp-content\/uploads\/2021\/04\/kefir-lastnosti-sticker1-500x500-1.jpg 500w, https:\/\/www.mlekarna-krepko.si\/wp-content\/uploads\/2021\/04\/kefir-lastnosti-sticker1-500x500-1-300x300.jpg 300w, https:\/\/www.mlekarna-krepko.si\/wp-content\/uploads\/2021\/04\/kefir-lastnosti-sticker1-500x500-1-150x150.jpg 150w, https:\/\/www.mlekarna-krepko.si\/wp-content\/uploads\/2021\/04\/kefir-lastnosti-sticker1-500x500-1-250x250.jpg 250w, https:\/\/www.mlekarna-krepko.si\/wp-content\/uploads\/2021\/04\/kefir-lastnosti-sticker1-500x500-1-200x200.jpg 200w\" sizes=\"(max-width: 193px) 100vw, 193px\" \/><\/p>\n","protected":false},"featured_media":23068,"template":"","meta":{"_acf_changed":false},"product_cat":[174,160,161],"product_tag":[],"class_list":{"0":"post-15063","1":"product","2":"type-product","3":"status-publish","4":"has-post-thumbnail","6":"product_cat-bio-mlecni-izdelki","7":"product_cat-kefirji-krepko","8":"product_cat-mlecni-izdelki-krepko","10":"first","11":"instock","12":"taxable","13":"shipping-taxable","14":"product-type-simple"},"acf":[],"yoast_head":"<!-- This site is optimized with the Yoast SEO plugin v27.4 - https:\/\/yoast.com\/product\/yoast-seo-wordpress\/ -->\n<title>Bio kefir Krepki suhec\/jagoda 1,5% m.m. 250g - Mlekarna Krepko<\/title>\n<meta name=\"description\" content=\"Bio kefir Krepki suhec z 1,5 % mle\u010dne ma\u0161\u010dobe, z okusom jagode je izdelan iz slovenskega ekolo\u0161kega, pasteriziranega in nehomogeniziranega mleka.\" \/>\n<meta name=\"robots\" content=\"index, follow, max-snippet:-1, max-image-preview:large, max-video-preview:-1\" \/>\n<link rel=\"canonical\" href=\"https:\/\/www.mlekarna-krepko.si\/sl\/izdelek\/bio-kefir-krepki-suhec-jagoda-250-g\/\" \/>\n<meta property=\"og:locale\" content=\"sl_SI\" \/>\n<meta property=\"og:type\" content=\"article\" \/>\n<meta property=\"og:title\" content=\"Bio kefir Krepki suhec\/jagoda 1,5% m.m. 250g - Mlekarna Krepko\" \/>\n<meta property=\"og:description\" content=\"Bio kefir Krepki suhec z 1,5 % mle\u010dne ma\u0161\u010dobe, z okusom jagode je izdelan iz slovenskega ekolo\u0161kega, pasteriziranega in nehomogeniziranega mleka.\" \/>\n<meta property=\"og:url\" content=\"https:\/\/www.mlekarna-krepko.si\/sl\/izdelek\/bio-kefir-krepki-suhec-jagoda-250-g\/\" \/>\n<meta property=\"og:site_name\" content=\"Mlekarna Krepko\" \/>\n<meta property=\"article:publisher\" content=\"https:\/\/www.facebook.com\/mlekarna.krepko\/\" \/>\n<meta property=\"article:modified_time\" content=\"2023-01-09T20:36:29+00:00\" \/>\n<meta property=\"og:image\" content=\"https:\/\/www.mlekarna-krepko.si\/wp-content\/uploads\/2022\/11\/Bio_Kefir_KrepkiSuhec_250g_Jagoda-b.jpg\" \/>\n\t<meta property=\"og:image:width\" content=\"640\" \/>\n\t<meta property=\"og:image:height\" content=\"802\" \/>\n\t<meta property=\"og:image:type\" content=\"image\/jpeg\" \/>\n<meta name=\"twitter:card\" content=\"summary_large_image\" \/>\n<meta name=\"twitter:label1\" content=\"Est. reading time\" \/>\n\t<meta name=\"twitter:data1\" content=\"3 minute\" \/>\n<script type=\"application\/ld+json\" class=\"yoast-schema-graph\">{\"@context\":\"https:\\\/\\\/schema.org\",\"@graph\":[{\"@type\":\"WebPage\",\"@id\":\"https:\\\/\\\/www.mlekarna-krepko.si\\\/sl\\\/izdelek\\\/bio-kefir-krepki-suhec-jagoda-250-g\\\/\",\"url\":\"https:\\\/\\\/www.mlekarna-krepko.si\\\/sl\\\/izdelek\\\/bio-kefir-krepki-suhec-jagoda-250-g\\\/\",\"name\":\"Bio kefir Krepki suhec\\\/jagoda 1,5% m.m. 250g - Mlekarna Krepko\",\"isPartOf\":{\"@id\":\"https:\\\/\\\/mlekarna-krepko.si\\\/sl\\\/#website\"},\"primaryImageOfPage\":{\"@id\":\"https:\\\/\\\/www.mlekarna-krepko.si\\\/sl\\\/izdelek\\\/bio-kefir-krepki-suhec-jagoda-250-g\\\/#primaryimage\"},\"image\":{\"@id\":\"https:\\\/\\\/www.mlekarna-krepko.si\\\/sl\\\/izdelek\\\/bio-kefir-krepki-suhec-jagoda-250-g\\\/#primaryimage\"},\"thumbnailUrl\":\"https:\\\/\\\/www.mlekarna-krepko.si\\\/wp-content\\\/uploads\\\/2022\\\/11\\\/Bio_Kefir_KrepkiSuhec_250g_Jagoda-b.jpg\",\"datePublished\":\"2020-01-14T11:42:22+00:00\",\"dateModified\":\"2023-01-09T20:36:29+00:00\",\"description\":\"Bio kefir Krepki suhec z 1,5 % mle\u010dne ma\u0161\u010dobe, z okusom jagode je izdelan iz slovenskega ekolo\u0161kega, pasteriziranega in nehomogeniziranega mleka.\",\"breadcrumb\":{\"@id\":\"https:\\\/\\\/www.mlekarna-krepko.si\\\/sl\\\/izdelek\\\/bio-kefir-krepki-suhec-jagoda-250-g\\\/#breadcrumb\"},\"inLanguage\":\"sl-SI\",\"potentialAction\":[{\"@type\":\"ReadAction\",\"target\":[\"https:\\\/\\\/www.mlekarna-krepko.si\\\/sl\\\/izdelek\\\/bio-kefir-krepki-suhec-jagoda-250-g\\\/\"]}]},{\"@type\":\"ImageObject\",\"inLanguage\":\"sl-SI\",\"@id\":\"https:\\\/\\\/www.mlekarna-krepko.si\\\/sl\\\/izdelek\\\/bio-kefir-krepki-suhec-jagoda-250-g\\\/#primaryimage\",\"url\":\"https:\\\/\\\/www.mlekarna-krepko.si\\\/wp-content\\\/uploads\\\/2022\\\/11\\\/Bio_Kefir_KrepkiSuhec_250g_Jagoda-b.jpg\",\"contentUrl\":\"https:\\\/\\\/www.mlekarna-krepko.si\\\/wp-content\\\/uploads\\\/2022\\\/11\\\/Bio_Kefir_KrepkiSuhec_250g_Jagoda-b.jpg\",\"width\":640,\"height\":802},{\"@type\":\"BreadcrumbList\",\"@id\":\"https:\\\/\\\/www.mlekarna-krepko.si\\\/sl\\\/izdelek\\\/bio-kefir-krepki-suhec-jagoda-250-g\\\/#breadcrumb\",\"itemListElement\":[{\"@type\":\"ListItem\",\"position\":1,\"name\":\"Home\",\"item\":\"https:\\\/\\\/mlekarna-krepko.si\\\/sl\\\/\"},{\"@type\":\"ListItem\",\"position\":2,\"name\":\"Trgovina\",\"item\":\"https:\\\/\\\/www.mlekarna-krepko.si\\\/sl\\\/trgovina\\\/\"},{\"@type\":\"ListItem\",\"position\":3,\"name\":\"Bio kefir Krepki suhec\\\/jagoda 1,5% m.m. 250g\"}]},{\"@type\":\"WebSite\",\"@id\":\"https:\\\/\\\/mlekarna-krepko.si\\\/sl\\\/#website\",\"url\":\"https:\\\/\\\/mlekarna-krepko.si\\\/sl\\\/\",\"name\":\"Mlekarna Krepko\",\"description\":\"\",\"publisher\":{\"@id\":\"https:\\\/\\\/mlekarna-krepko.si\\\/sl\\\/#organization\"},\"potentialAction\":[{\"@type\":\"SearchAction\",\"target\":{\"@type\":\"EntryPoint\",\"urlTemplate\":\"https:\\\/\\\/mlekarna-krepko.si\\\/sl\\\/?s={search_term_string}\"},\"query-input\":{\"@type\":\"PropertyValueSpecification\",\"valueRequired\":true,\"valueName\":\"search_term_string\"}}],\"inLanguage\":\"sl-SI\"},{\"@type\":\"Organization\",\"@id\":\"https:\\\/\\\/mlekarna-krepko.si\\\/sl\\\/#organization\",\"name\":\"Mlekarna Krepko\",\"url\":\"https:\\\/\\\/mlekarna-krepko.si\\\/sl\\\/\",\"logo\":{\"@type\":\"ImageObject\",\"inLanguage\":\"sl-SI\",\"@id\":\"https:\\\/\\\/mlekarna-krepko.si\\\/sl\\\/#\\\/schema\\\/logo\\\/image\\\/\",\"url\":\"https:\\\/\\\/www.mlekarna-krepko.si\\\/wp-content\\\/uploads\\\/2020\\\/04\\\/LogoWeb_transparenten.png\",\"contentUrl\":\"https:\\\/\\\/www.mlekarna-krepko.si\\\/wp-content\\\/uploads\\\/2020\\\/04\\\/LogoWeb_transparenten.png\",\"width\":300,\"height\":300,\"caption\":\"Mlekarna Krepko\"},\"image\":{\"@id\":\"https:\\\/\\\/mlekarna-krepko.si\\\/sl\\\/#\\\/schema\\\/logo\\\/image\\\/\"},\"sameAs\":[\"https:\\\/\\\/www.facebook.com\\\/mlekarna.krepko\\\/\",\"https:\\\/\\\/www.instagram.com\\\/mlekarnakrepko\\\/\",\"https:\\\/\\\/www.linkedin.com\\\/company\\\/mlekarna-krepko\",\"https:\\\/\\\/www.youtube.com\\\/channel\\\/UCAzec5mnRHgcj2Th3fGRtKw?view_as=subscriber\"]}]}<\/script>\n<!-- \/ Yoast SEO plugin. -->","yoast_head_json":{"title":"Bio kefir Krepki suhec\/jagoda 1,5% m.m. 250g - Mlekarna Krepko","description":"Bio kefir Krepki suhec z 1,5 % mle\u010dne ma\u0161\u010dobe, z okusom jagode je izdelan iz slovenskega ekolo\u0161kega, pasteriziranega in nehomogeniziranega mleka.","robots":{"index":"index","follow":"follow","max-snippet":"max-snippet:-1","max-image-preview":"max-image-preview:large","max-video-preview":"max-video-preview:-1"},"canonical":"https:\/\/www.mlekarna-krepko.si\/sl\/izdelek\/bio-kefir-krepki-suhec-jagoda-250-g\/","og_locale":"sl_SI","og_type":"article","og_title":"Bio kefir Krepki suhec\/jagoda 1,5% m.m. 250g - Mlekarna Krepko","og_description":"Bio kefir Krepki suhec z 1,5 % mle\u010dne ma\u0161\u010dobe, z okusom jagode je izdelan iz slovenskega ekolo\u0161kega, pasteriziranega in nehomogeniziranega mleka.","og_url":"https:\/\/www.mlekarna-krepko.si\/sl\/izdelek\/bio-kefir-krepki-suhec-jagoda-250-g\/","og_site_name":"Mlekarna Krepko","article_publisher":"https:\/\/www.facebook.com\/mlekarna.krepko\/","article_modified_time":"2023-01-09T20:36:29+00:00","og_image":[{"width":640,"height":802,"url":"https:\/\/www.mlekarna-krepko.si\/wp-content\/uploads\/2022\/11\/Bio_Kefir_KrepkiSuhec_250g_Jagoda-b.jpg","type":"image\/jpeg"}],"twitter_card":"summary_large_image","twitter_misc":{"Est. reading time":"3 minute"},"schema":{"@context":"https:\/\/schema.org","@graph":[{"@type":"WebPage","@id":"https:\/\/www.mlekarna-krepko.si\/sl\/izdelek\/bio-kefir-krepki-suhec-jagoda-250-g\/","url":"https:\/\/www.mlekarna-krepko.si\/sl\/izdelek\/bio-kefir-krepki-suhec-jagoda-250-g\/","name":"Bio kefir Krepki suhec\/jagoda 1,5% m.m. 250g - Mlekarna Krepko","isPartOf":{"@id":"https:\/\/mlekarna-krepko.si\/sl\/#website"},"primaryImageOfPage":{"@id":"https:\/\/www.mlekarna-krepko.si\/sl\/izdelek\/bio-kefir-krepki-suhec-jagoda-250-g\/#primaryimage"},"image":{"@id":"https:\/\/www.mlekarna-krepko.si\/sl\/izdelek\/bio-kefir-krepki-suhec-jagoda-250-g\/#primaryimage"},"thumbnailUrl":"https:\/\/www.mlekarna-krepko.si\/wp-content\/uploads\/2022\/11\/Bio_Kefir_KrepkiSuhec_250g_Jagoda-b.jpg","datePublished":"2020-01-14T11:42:22+00:00","dateModified":"2023-01-09T20:36:29+00:00","description":"Bio kefir Krepki suhec z 1,5 % mle\u010dne ma\u0161\u010dobe, z okusom jagode je izdelan iz slovenskega ekolo\u0161kega, pasteriziranega in nehomogeniziranega mleka.","breadcrumb":{"@id":"https:\/\/www.mlekarna-krepko.si\/sl\/izdelek\/bio-kefir-krepki-suhec-jagoda-250-g\/#breadcrumb"},"inLanguage":"sl-SI","potentialAction":[{"@type":"ReadAction","target":["https:\/\/www.mlekarna-krepko.si\/sl\/izdelek\/bio-kefir-krepki-suhec-jagoda-250-g\/"]}]},{"@type":"ImageObject","inLanguage":"sl-SI","@id":"https:\/\/www.mlekarna-krepko.si\/sl\/izdelek\/bio-kefir-krepki-suhec-jagoda-250-g\/#primaryimage","url":"https:\/\/www.mlekarna-krepko.si\/wp-content\/uploads\/2022\/11\/Bio_Kefir_KrepkiSuhec_250g_Jagoda-b.jpg","contentUrl":"https:\/\/www.mlekarna-krepko.si\/wp-content\/uploads\/2022\/11\/Bio_Kefir_KrepkiSuhec_250g_Jagoda-b.jpg","width":640,"height":802},{"@type":"BreadcrumbList","@id":"https:\/\/www.mlekarna-krepko.si\/sl\/izdelek\/bio-kefir-krepki-suhec-jagoda-250-g\/#breadcrumb","itemListElement":[{"@type":"ListItem","position":1,"name":"Home","item":"https:\/\/mlekarna-krepko.si\/sl\/"},{"@type":"ListItem","position":2,"name":"Trgovina","item":"https:\/\/www.mlekarna-krepko.si\/sl\/trgovina\/"},{"@type":"ListItem","position":3,"name":"Bio kefir Krepki suhec\/jagoda 1,5% m.m. 250g"}]},{"@type":"WebSite","@id":"https:\/\/mlekarna-krepko.si\/sl\/#website","url":"https:\/\/mlekarna-krepko.si\/sl\/","name":"Mlekarna Krepko","description":"","publisher":{"@id":"https:\/\/mlekarna-krepko.si\/sl\/#organization"},"potentialAction":[{"@type":"SearchAction","target":{"@type":"EntryPoint","urlTemplate":"https:\/\/mlekarna-krepko.si\/sl\/?s={search_term_string}"},"query-input":{"@type":"PropertyValueSpecification","valueRequired":true,"valueName":"search_term_string"}}],"inLanguage":"sl-SI"},{"@type":"Organization","@id":"https:\/\/mlekarna-krepko.si\/sl\/#organization","name":"Mlekarna Krepko","url":"https:\/\/mlekarna-krepko.si\/sl\/","logo":{"@type":"ImageObject","inLanguage":"sl-SI","@id":"https:\/\/mlekarna-krepko.si\/sl\/#\/schema\/logo\/image\/","url":"https:\/\/www.mlekarna-krepko.si\/wp-content\/uploads\/2020\/04\/LogoWeb_transparenten.png","contentUrl":"https:\/\/www.mlekarna-krepko.si\/wp-content\/uploads\/2020\/04\/LogoWeb_transparenten.png","width":300,"height":300,"caption":"Mlekarna Krepko"},"image":{"@id":"https:\/\/mlekarna-krepko.si\/sl\/#\/schema\/logo\/image\/"},"sameAs":["https:\/\/www.facebook.com\/mlekarna.krepko\/","https:\/\/www.instagram.com\/mlekarnakrepko\/","https:\/\/www.linkedin.com\/company\/mlekarna-krepko","https:\/\/www.youtube.com\/channel\/UCAzec5mnRHgcj2Th3fGRtKw?view_as=subscriber"]}]}},"_links":{"self":[{"href":"https:\/\/www.mlekarna-krepko.si\/sl\/wp-json\/wp\/v2\/product\/15063","targetHints":{"allow":["GET"]}}],"collection":[{"href":"https:\/\/www.mlekarna-krepko.si\/sl\/wp-json\/wp\/v2\/product"}],"about":[{"href":"https:\/\/www.mlekarna-krepko.si\/sl\/wp-json\/wp\/v2\/types\/product"}],"wp:featuredmedia":[{"embeddable":true,"href":"https:\/\/www.mlekarna-krepko.si\/sl\/wp-json\/wp\/v2\/media\/23068"}],"wp:attachment":[{"href":"https:\/\/www.mlekarna-krepko.si\/sl\/wp-json\/wp\/v2\/media?parent=15063"}],"wp:term":[{"taxonomy":"product_cat","embeddable":true,"href":"https:\/\/www.mlekarna-krepko.si\/sl\/wp-json\/wp\/v2\/product_cat?post=15063"},{"taxonomy":"product_tag","embeddable":true,"href":"https:\/\/www.mlekarna-krepko.si\/sl\/wp-json\/wp\/v2\/product_tag?post=15063"}],"curies":[{"name":"wp","href":"https:\/\/api.w.org\/{rel}","templated":true}]}}