{"id":15036,"date":"2019-08-14T11:42:19","date_gmt":"2019-08-14T11:42:19","guid":{"rendered":"https:\/\/www.mlekarna-krepko.si\/product\/sir-v-slanici-domaca-fletka-250-g\/"},"modified":"2025-04-10T05:58:58","modified_gmt":"2025-04-10T05:58:58","slug":"sir-v-slanici-domaca-fletka-200-g","status":"publish","type":"product","link":"https:\/\/www.mlekarna-krepko.si\/sl\/izdelek\/sir-v-slanici-domaca-fletka-200-g\/","title":{"rendered":"Bio beli sir &#8220;Doma\u010da Fletka&#8221; Krepko 200g"},"content":{"rendered":"<p>Doma\u010da Fletka je BIO mle\u010dni izdelek, ki ga proizvajamo iz slovenskega ekolo\u0161kega, pasteriziranega, tipiziranega in nehomogeniziranega mleka. Je beli sir, ki zori v slanici in po svojem okusu spominja na gr\u0161ki sir feta. Ima specifi\u010den okus, okus ki prevzame.<\/p>\n<p>&nbsp;<\/p>\n<p>Vsebuje najmanj 40 % suhe snovi, najmanj 50 % mle\u010dne ma\u0161\u010dobe v suhi snovi.<\/p>\n<p>&nbsp;<\/p>\n<table border=\"1\" cellspacing=\"0\" cellpadding=\"0\">\n<tbody>\n<tr>\n<td style=\"width: 359px;\" colspan=\"2\">\n<p align=\"center\"><span style=\"color: #ff0000;\"><strong>Hranilna vrednost (povpre\u010dje v 100 g)<\/strong><\/span><\/p>\n<\/td>\n<\/tr>\n<tr>\n<td style=\"width: 245px;\">Beljakovine<\/td>\n<td style=\"width: 113px;\">17,3 g<\/td>\n<\/tr>\n<tr>\n<td style=\"width: 245px;\">Ogljikovi hidrati<\/td>\n<td style=\"width: 113px;\">2,5 g<\/td>\n<\/tr>\n<tr>\n<td style=\"width: 245px;\">\u00a0\u00a0\u00a0 od tega \u00a0sladkorji<\/td>\n<td style=\"width: 113px;\">0,7 g<\/td>\n<\/tr>\n<tr>\n<td style=\"width: 245px;\">Ma\u0161\u010dobe<\/td>\n<td style=\"width: 113px;\">24,0 g<\/td>\n<\/tr>\n<tr>\n<td style=\"width: 245px;\">\u00a0\u00a0\u00a0\u00a0 nasi\u010dene ma\u0161\u010dobne kisline<\/td>\n<td style=\"width: 113px;\">15,5 g<\/td>\n<\/tr>\n<tr>\n<td style=\"width: 245px;\">Prehranske vlaknine<\/td>\n<td style=\"width: 113px;\">0 g<\/td>\n<\/tr>\n<tr>\n<td style=\"width: 245px;\">Sol<\/td>\n<td style=\"width: 113px;\">2,0 g<\/td>\n<\/tr>\n<tr>\n<td style=\"width: 245px;\">Energijska vrednost<\/td>\n<td style=\"width: 113px;\">1225 kJ\/295 kcal<\/td>\n<\/tr>\n<\/tbody>\n<\/table>\n<p>*Alergeni:\u00a0<em><strong>mleko<\/strong><\/em><\/p>\n<p>&nbsp;<\/p>\n<p>&nbsp;<\/p>\n<p>&nbsp;<\/p>\n<p>&nbsp;<\/p>\n","protected":false},"excerpt":{"rendered":"<p>Doma\u010da Fletka je BIO mle\u010dni izdelek, ki ga proizvajamo iz slovenskega ekolo\u0161kega, pasteriziranega, tipiziranega in nehomogeniziranega mleka. Je beli sir, ki zori v slanici in po svojem okusu spominja na gr\u0161ki sir feta. Ima specifi\u010den okus, okus ki prevzame. &nbsp; Vsebuje najmanj 40 % suhe snovi, najmanj 50 % mle\u010dne ma\u0161\u010dobe v suhi snovi. &nbsp; Hranilna vrednost (povpre\u010dje v 100 [&hellip;]<\/p>\n","protected":false},"featured_media":22395,"template":"","meta":{"_acf_changed":false},"product_cat":[174,161],"product_tag":[],"class_list":{"0":"post-15036","1":"product","2":"type-product","3":"status-publish","4":"has-post-thumbnail","6":"product_cat-bio-mlecni-izdelki","7":"product_cat-mlecni-izdelki-krepko","9":"first","10":"instock","11":"taxable","12":"shipping-taxable","13":"product-type-simple"},"acf":[],"yoast_head":"<!-- This site is optimized with the Yoast SEO plugin v27.4 - https:\/\/yoast.com\/product\/yoast-seo-wordpress\/ -->\n<title>Bio beli sir &quot;Doma\u010da Fletka&quot; Krepko 200g - Mlekarna Krepko<\/title>\n<meta name=\"robots\" content=\"index, follow, max-snippet:-1, max-image-preview:large, max-video-preview:-1\" \/>\n<link rel=\"canonical\" href=\"https:\/\/mlekarna-krepko.si\/sl\/izdelek\/sir-v-slanici-domaca-fletka-200-g\/\" \/>\n<meta property=\"og:locale\" content=\"sl_SI\" \/>\n<meta property=\"og:type\" content=\"article\" \/>\n<meta property=\"og:title\" content=\"Bio beli sir &quot;Doma\u010da Fletka&quot; Krepko 200g - Mlekarna Krepko\" \/>\n<meta property=\"og:description\" content=\"Doma\u010da Fletka je BIO mle\u010dni izdelek, ki ga proizvajamo iz slovenskega ekolo\u0161kega, pasteriziranega, tipiziranega in nehomogeniziranega mleka. Je beli sir, ki zori v slanici in po svojem okusu spominja na gr\u0161ki sir feta. Ima specifi\u010den okus, okus ki prevzame. &nbsp; Vsebuje najmanj 40 % suhe snovi, najmanj 50 % mle\u010dne ma\u0161\u010dobe v suhi snovi. &nbsp; Hranilna vrednost (povpre\u010dje v 100 [&hellip;]\" \/>\n<meta property=\"og:url\" content=\"https:\/\/mlekarna-krepko.si\/sl\/izdelek\/sir-v-slanici-domaca-fletka-200-g\/\" \/>\n<meta property=\"og:site_name\" content=\"Mlekarna Krepko\" \/>\n<meta property=\"article:publisher\" content=\"https:\/\/www.facebook.com\/mlekarna.krepko\/\" \/>\n<meta property=\"article:modified_time\" content=\"2025-04-10T05:58:58+00:00\" \/>\n<meta property=\"og:image\" content=\"https:\/\/mlekarna-krepko.si\/wp-content\/uploads\/2021\/12\/bio-domaca-fletka-trgovina.png\" \/>\n\t<meta property=\"og:image:width\" content=\"640\" \/>\n\t<meta property=\"og:image:height\" content=\"802\" \/>\n\t<meta property=\"og:image:type\" content=\"image\/png\" \/>\n<meta name=\"twitter:card\" content=\"summary_large_image\" \/>\n<meta name=\"twitter:label1\" content=\"Est. reading time\" \/>\n\t<meta name=\"twitter:data1\" content=\"1 minuta\" \/>\n<script type=\"application\/ld+json\" class=\"yoast-schema-graph\">{\"@context\":\"https:\\\/\\\/schema.org\",\"@graph\":[{\"@type\":\"WebPage\",\"@id\":\"https:\\\/\\\/mlekarna-krepko.si\\\/sl\\\/izdelek\\\/sir-v-slanici-domaca-fletka-200-g\\\/\",\"url\":\"https:\\\/\\\/mlekarna-krepko.si\\\/sl\\\/izdelek\\\/sir-v-slanici-domaca-fletka-200-g\\\/\",\"name\":\"Bio beli sir \\\"Doma\u010da Fletka\\\" Krepko 200g - Mlekarna Krepko\",\"isPartOf\":{\"@id\":\"https:\\\/\\\/mlekarna-krepko.si\\\/sl\\\/#website\"},\"primaryImageOfPage\":{\"@id\":\"https:\\\/\\\/mlekarna-krepko.si\\\/sl\\\/izdelek\\\/sir-v-slanici-domaca-fletka-200-g\\\/#primaryimage\"},\"image\":{\"@id\":\"https:\\\/\\\/mlekarna-krepko.si\\\/sl\\\/izdelek\\\/sir-v-slanici-domaca-fletka-200-g\\\/#primaryimage\"},\"thumbnailUrl\":\"https:\\\/\\\/www.mlekarna-krepko.si\\\/wp-content\\\/uploads\\\/2021\\\/12\\\/bio-domaca-fletka-trgovina.png\",\"datePublished\":\"2019-08-14T11:42:19+00:00\",\"dateModified\":\"2025-04-10T05:58:58+00:00\",\"breadcrumb\":{\"@id\":\"https:\\\/\\\/mlekarna-krepko.si\\\/sl\\\/izdelek\\\/sir-v-slanici-domaca-fletka-200-g\\\/#breadcrumb\"},\"inLanguage\":\"sl-SI\",\"potentialAction\":[{\"@type\":\"ReadAction\",\"target\":[\"https:\\\/\\\/mlekarna-krepko.si\\\/sl\\\/izdelek\\\/sir-v-slanici-domaca-fletka-200-g\\\/\"]}]},{\"@type\":\"ImageObject\",\"inLanguage\":\"sl-SI\",\"@id\":\"https:\\\/\\\/mlekarna-krepko.si\\\/sl\\\/izdelek\\\/sir-v-slanici-domaca-fletka-200-g\\\/#primaryimage\",\"url\":\"https:\\\/\\\/www.mlekarna-krepko.si\\\/wp-content\\\/uploads\\\/2021\\\/12\\\/bio-domaca-fletka-trgovina.png\",\"contentUrl\":\"https:\\\/\\\/www.mlekarna-krepko.si\\\/wp-content\\\/uploads\\\/2021\\\/12\\\/bio-domaca-fletka-trgovina.png\",\"width\":640,\"height\":802},{\"@type\":\"BreadcrumbList\",\"@id\":\"https:\\\/\\\/mlekarna-krepko.si\\\/sl\\\/izdelek\\\/sir-v-slanici-domaca-fletka-200-g\\\/#breadcrumb\",\"itemListElement\":[{\"@type\":\"ListItem\",\"position\":1,\"name\":\"Home\",\"item\":\"https:\\\/\\\/mlekarna-krepko.si\\\/sl\\\/\"},{\"@type\":\"ListItem\",\"position\":2,\"name\":\"Trgovina\",\"item\":\"https:\\\/\\\/www.mlekarna-krepko.si\\\/sl\\\/trgovina\\\/\"},{\"@type\":\"ListItem\",\"position\":3,\"name\":\"Bio beli sir &#8220;Doma\u010da Fletka&#8221; Krepko 200g\"}]},{\"@type\":\"WebSite\",\"@id\":\"https:\\\/\\\/mlekarna-krepko.si\\\/sl\\\/#website\",\"url\":\"https:\\\/\\\/mlekarna-krepko.si\\\/sl\\\/\",\"name\":\"Mlekarna Krepko\",\"description\":\"\",\"publisher\":{\"@id\":\"https:\\\/\\\/mlekarna-krepko.si\\\/sl\\\/#organization\"},\"potentialAction\":[{\"@type\":\"SearchAction\",\"target\":{\"@type\":\"EntryPoint\",\"urlTemplate\":\"https:\\\/\\\/mlekarna-krepko.si\\\/sl\\\/?s={search_term_string}\"},\"query-input\":{\"@type\":\"PropertyValueSpecification\",\"valueRequired\":true,\"valueName\":\"search_term_string\"}}],\"inLanguage\":\"sl-SI\"},{\"@type\":\"Organization\",\"@id\":\"https:\\\/\\\/mlekarna-krepko.si\\\/sl\\\/#organization\",\"name\":\"Mlekarna Krepko\",\"url\":\"https:\\\/\\\/mlekarna-krepko.si\\\/sl\\\/\",\"logo\":{\"@type\":\"ImageObject\",\"inLanguage\":\"sl-SI\",\"@id\":\"https:\\\/\\\/mlekarna-krepko.si\\\/sl\\\/#\\\/schema\\\/logo\\\/image\\\/\",\"url\":\"https:\\\/\\\/www.mlekarna-krepko.si\\\/wp-content\\\/uploads\\\/2020\\\/04\\\/LogoWeb_transparenten.png\",\"contentUrl\":\"https:\\\/\\\/www.mlekarna-krepko.si\\\/wp-content\\\/uploads\\\/2020\\\/04\\\/LogoWeb_transparenten.png\",\"width\":300,\"height\":300,\"caption\":\"Mlekarna Krepko\"},\"image\":{\"@id\":\"https:\\\/\\\/mlekarna-krepko.si\\\/sl\\\/#\\\/schema\\\/logo\\\/image\\\/\"},\"sameAs\":[\"https:\\\/\\\/www.facebook.com\\\/mlekarna.krepko\\\/\",\"https:\\\/\\\/www.instagram.com\\\/mlekarnakrepko\\\/\",\"https:\\\/\\\/www.linkedin.com\\\/company\\\/mlekarna-krepko\",\"https:\\\/\\\/www.youtube.com\\\/channel\\\/UCAzec5mnRHgcj2Th3fGRtKw?view_as=subscriber\"]}]}<\/script>\n<!-- \/ Yoast SEO plugin. -->","yoast_head_json":{"title":"Bio beli sir \"Doma\u010da Fletka\" Krepko 200g - Mlekarna Krepko","robots":{"index":"index","follow":"follow","max-snippet":"max-snippet:-1","max-image-preview":"max-image-preview:large","max-video-preview":"max-video-preview:-1"},"canonical":"https:\/\/mlekarna-krepko.si\/sl\/izdelek\/sir-v-slanici-domaca-fletka-200-g\/","og_locale":"sl_SI","og_type":"article","og_title":"Bio beli sir \"Doma\u010da Fletka\" Krepko 200g - Mlekarna Krepko","og_description":"Doma\u010da Fletka je BIO mle\u010dni izdelek, ki ga proizvajamo iz slovenskega ekolo\u0161kega, pasteriziranega, tipiziranega in nehomogeniziranega mleka. Je beli sir, ki zori v slanici in po svojem okusu spominja na gr\u0161ki sir feta. Ima specifi\u010den okus, okus ki prevzame. &nbsp; Vsebuje najmanj 40 % suhe snovi, najmanj 50 % mle\u010dne ma\u0161\u010dobe v suhi snovi. &nbsp; Hranilna vrednost (povpre\u010dje v 100 [&hellip;]","og_url":"https:\/\/mlekarna-krepko.si\/sl\/izdelek\/sir-v-slanici-domaca-fletka-200-g\/","og_site_name":"Mlekarna Krepko","article_publisher":"https:\/\/www.facebook.com\/mlekarna.krepko\/","article_modified_time":"2025-04-10T05:58:58+00:00","og_image":[{"width":640,"height":802,"url":"https:\/\/mlekarna-krepko.si\/wp-content\/uploads\/2021\/12\/bio-domaca-fletka-trgovina.png","type":"image\/png"}],"twitter_card":"summary_large_image","twitter_misc":{"Est. reading time":"1 minuta"},"schema":{"@context":"https:\/\/schema.org","@graph":[{"@type":"WebPage","@id":"https:\/\/mlekarna-krepko.si\/sl\/izdelek\/sir-v-slanici-domaca-fletka-200-g\/","url":"https:\/\/mlekarna-krepko.si\/sl\/izdelek\/sir-v-slanici-domaca-fletka-200-g\/","name":"Bio beli sir \"Doma\u010da Fletka\" Krepko 200g - Mlekarna Krepko","isPartOf":{"@id":"https:\/\/mlekarna-krepko.si\/sl\/#website"},"primaryImageOfPage":{"@id":"https:\/\/mlekarna-krepko.si\/sl\/izdelek\/sir-v-slanici-domaca-fletka-200-g\/#primaryimage"},"image":{"@id":"https:\/\/mlekarna-krepko.si\/sl\/izdelek\/sir-v-slanici-domaca-fletka-200-g\/#primaryimage"},"thumbnailUrl":"https:\/\/www.mlekarna-krepko.si\/wp-content\/uploads\/2021\/12\/bio-domaca-fletka-trgovina.png","datePublished":"2019-08-14T11:42:19+00:00","dateModified":"2025-04-10T05:58:58+00:00","breadcrumb":{"@id":"https:\/\/mlekarna-krepko.si\/sl\/izdelek\/sir-v-slanici-domaca-fletka-200-g\/#breadcrumb"},"inLanguage":"sl-SI","potentialAction":[{"@type":"ReadAction","target":["https:\/\/mlekarna-krepko.si\/sl\/izdelek\/sir-v-slanici-domaca-fletka-200-g\/"]}]},{"@type":"ImageObject","inLanguage":"sl-SI","@id":"https:\/\/mlekarna-krepko.si\/sl\/izdelek\/sir-v-slanici-domaca-fletka-200-g\/#primaryimage","url":"https:\/\/www.mlekarna-krepko.si\/wp-content\/uploads\/2021\/12\/bio-domaca-fletka-trgovina.png","contentUrl":"https:\/\/www.mlekarna-krepko.si\/wp-content\/uploads\/2021\/12\/bio-domaca-fletka-trgovina.png","width":640,"height":802},{"@type":"BreadcrumbList","@id":"https:\/\/mlekarna-krepko.si\/sl\/izdelek\/sir-v-slanici-domaca-fletka-200-g\/#breadcrumb","itemListElement":[{"@type":"ListItem","position":1,"name":"Home","item":"https:\/\/mlekarna-krepko.si\/sl\/"},{"@type":"ListItem","position":2,"name":"Trgovina","item":"https:\/\/www.mlekarna-krepko.si\/sl\/trgovina\/"},{"@type":"ListItem","position":3,"name":"Bio beli sir &#8220;Doma\u010da Fletka&#8221; Krepko 200g"}]},{"@type":"WebSite","@id":"https:\/\/mlekarna-krepko.si\/sl\/#website","url":"https:\/\/mlekarna-krepko.si\/sl\/","name":"Mlekarna Krepko","description":"","publisher":{"@id":"https:\/\/mlekarna-krepko.si\/sl\/#organization"},"potentialAction":[{"@type":"SearchAction","target":{"@type":"EntryPoint","urlTemplate":"https:\/\/mlekarna-krepko.si\/sl\/?s={search_term_string}"},"query-input":{"@type":"PropertyValueSpecification","valueRequired":true,"valueName":"search_term_string"}}],"inLanguage":"sl-SI"},{"@type":"Organization","@id":"https:\/\/mlekarna-krepko.si\/sl\/#organization","name":"Mlekarna Krepko","url":"https:\/\/mlekarna-krepko.si\/sl\/","logo":{"@type":"ImageObject","inLanguage":"sl-SI","@id":"https:\/\/mlekarna-krepko.si\/sl\/#\/schema\/logo\/image\/","url":"https:\/\/www.mlekarna-krepko.si\/wp-content\/uploads\/2020\/04\/LogoWeb_transparenten.png","contentUrl":"https:\/\/www.mlekarna-krepko.si\/wp-content\/uploads\/2020\/04\/LogoWeb_transparenten.png","width":300,"height":300,"caption":"Mlekarna Krepko"},"image":{"@id":"https:\/\/mlekarna-krepko.si\/sl\/#\/schema\/logo\/image\/"},"sameAs":["https:\/\/www.facebook.com\/mlekarna.krepko\/","https:\/\/www.instagram.com\/mlekarnakrepko\/","https:\/\/www.linkedin.com\/company\/mlekarna-krepko","https:\/\/www.youtube.com\/channel\/UCAzec5mnRHgcj2Th3fGRtKw?view_as=subscriber"]}]}},"_links":{"self":[{"href":"https:\/\/www.mlekarna-krepko.si\/sl\/wp-json\/wp\/v2\/product\/15036","targetHints":{"allow":["GET"]}}],"collection":[{"href":"https:\/\/www.mlekarna-krepko.si\/sl\/wp-json\/wp\/v2\/product"}],"about":[{"href":"https:\/\/www.mlekarna-krepko.si\/sl\/wp-json\/wp\/v2\/types\/product"}],"wp:featuredmedia":[{"embeddable":true,"href":"https:\/\/www.mlekarna-krepko.si\/sl\/wp-json\/wp\/v2\/media\/22395"}],"wp:attachment":[{"href":"https:\/\/www.mlekarna-krepko.si\/sl\/wp-json\/wp\/v2\/media?parent=15036"}],"wp:term":[{"taxonomy":"product_cat","embeddable":true,"href":"https:\/\/www.mlekarna-krepko.si\/sl\/wp-json\/wp\/v2\/product_cat?post=15036"},{"taxonomy":"product_tag","embeddable":true,"href":"https:\/\/www.mlekarna-krepko.si\/sl\/wp-json\/wp\/v2\/product_tag?post=15036"}],"curies":[{"name":"wp","href":"https:\/\/api.w.org\/{rel}","templated":true}]}}