{"id":26250,"date":"2025-02-15T11:55:47","date_gmt":"2025-02-15T11:55:47","guid":{"rendered":"https:\/\/www.mlekarna-krepko.si\/?page_id=26250"},"modified":"2025-02-15T16:03:11","modified_gmt":"2025-02-15T16:03:11","slug":"obvestilo-o-videonadzoru","status":"publish","type":"page","link":"https:\/\/www.mlekarna-krepko.si\/sl\/obvestilo-o-videonadzoru\/","title":{"rendered":"Obvestilo o videonadzoru"},"content":{"rendered":"<h1><img decoding=\"async\" class=\"aligncenter size-full wp-image-26252\" src=\"https:\/\/www.mlekarna-krepko.si\/wp-content\/uploads\/2025\/02\/video-nadzor.jpg\" alt=\"\" width=\"177\" height=\"232\" srcset=\"https:\/\/www.mlekarna-krepko.si\/wp-content\/uploads\/2025\/02\/video-nadzor.jpg 177w, https:\/\/www.mlekarna-krepko.si\/wp-content\/uploads\/2025\/02\/video-nadzor-153x200.jpg 153w\" sizes=\"(max-width: 177px) 100vw, 177px\" \/><br \/>\nObve\u0161\u010damo vas, da se na obmo\u010dju Mlekarne Krepko izvaja videonadzor<\/h1>\n<p>Videonadzor izvaja Kele &amp; Kele d.o.o., ki ga zastopa direktorica Sandra Turn\u0161ek. Mlekarna Krepko je tudi upravljavec osebnih podatkov.<\/p>\n<p>Videonadzor se izvaja z namenom zavarovanja \u017eivil, ljudi in premo\u017eenja na obmo\u010dju Mlekarne Krepko.<\/p>\n<p>Informacije o izvajanju videonadzora lahko pridobite na tel. \u0161t.<\/p>\n<p>01\/7590-160 ali po elektronski po\u0161ti info@krepko.si.<\/p>\n<h1>Videoposnetki se hranijo:<\/h1>\n<p>videoposnetki digitalnih kamer se hranijo v snemalni napravi IP naslov 192.168.7.220. Posnetki se, \u010de ni zaznanih posebnosti, avtomatsko bri\u0161ejo.<\/p>\n<h1>Kontakti<\/h1>\n<p>Kontakti poobla\u0161\u010dene osebe za varstvo osebnih podatkov: doc. dr. Miha Dvojmo\u010d, mag. javn. upr., dipl. var. Tbilisijska 96, 1000 Ljubljana, 031 692 524 oz. e-po\u0161ti miha.dvojmoc@infocenter.si.<br \/>\nPodatki v zvezi s poobla\u0161\u010deno osebo so objavljeni tudi na spletni strani Mlekarne Krepko pod razdelkom <a href=\"https:\/\/www.mlekarna-krepko.si\/sl\/politika-varovanja-osebnih-podatkov\/\">politika varovanja osebnih podatkov<\/a>.<\/p>\n<h1>Pravna podlaga<\/h1>\n<p><strong>Pravna podlaga za obdelavo osebnih podatkov:<\/strong> obdelava je potrebna zaradi opravljanja nalog v javnem interesu (\u010dlen 6(1) to\u010dka (e) Splo\u0161ne uredbe o varstvu osebnih podatkov).<\/p>\n<p>Uporabniki ali kategorije uporabnikov osebnih podatkov, \u010de obstajajo: z osebnimi podatki, ki se obdelujejo na podlagi videonadzora se sre\u010duje direktor in\/ali od njega poobla\u0161\u010dena oseba, po potrebi organi pregona in druge institucije, ki za dostop do osebnih podatkov izka\u017eejo ustrezno pravno podlago.<\/p>\n<h1>Informacije<\/h1>\n<p>Informacije o posebnih vplivih obdelave, zlasti nadaljnje obdelave: Mlekarna Krepko osebne podatke obdeluje izklju\u010dno za potrebe izvajanja videonadzora, z namenom varovanja ljudi in premo\u017eenja.<\/p>\n<p>Videonadzor omogo\u010da tudi spremljanje slike v \u017eivo, pri \u010demer mo\u017enost zvo\u010dne intervencije je\/ni mogo\u010da.<\/p>\n<p>Informacije o prenosih osebnih podatkov v tretjo dr\u017eavo ali mednarodno organizacijo: osebni podatki se ne prena\u0161ajo v tretjo dr\u017eavo.<\/p>\n<p>Informacije o obstoju pravic posameznika, da lahko zahteva dostop do osebnih podatkov in popravek ali izbris osebnih podatkov ali omejitev, ali obstoj pravice do ugovora obdelavi in pravice do prenosljivosti podatkov: posameznik lahko uveljavlja pravice v zvezi z varstvom osebnih podatkov preko elektronskega naslova: info@krepko.si.<\/p>\n<p>Informacija o pravici do preklica privolitve, kadar obdelava temelji na privolitvi: Privolitev\/izjavo lahko kadar koli prekli\u010dete, ne da bi to vplivalo na zakonitost obdelave podatkov, ki se je na podlagi privolitve izvajala do njenega preklica, in sicer na elektronski naslov: info@krepko.si. V konkretnem primeru je pravna podlaga za izvajanje videonadzora \u010dlen 6(1) to\u010dka (e) Splo\u0161ne uredbe o varstvu osebnih podatkov in ne privolitev.<\/p>\n<p><strong>Informacija o pravici do vlo\u017eitve prito\u017ebe pri nadzornem organu:<\/strong><br \/>\nPrito\u017ebo lahko podate Informacijskemu poobla\u0161\u010dencu (naslov: Dunajska 22, 1000 Ljubljana, e-naslov: <u>gp.ip@ip-rs.si<\/u> telefon: 012309730, spletna stran: <u><a href=\"http:\/\/www.ip-rs.si\">www.ip-rs.si<\/a>)<\/u>.<\/p>\n","protected":false},"excerpt":{"rendered":"<p>Obve\u0161\u010damo vas, da se na obmo\u010dju Mlekarne Krepko izvaja videonadzor Videonadzor izvaja Kele &amp; Kele d.o.o., ki ga zastopa direktorica Sandra Turn\u0161ek. Mlekarna Krepko je tudi upravljavec osebnih podatkov. Videonadzor se izvaja z namenom zavarovanja \u017eivil, ljudi in premo\u017eenja na obmo\u010dju Mlekarne Krepko. Informacije o izvajanju videonadzora lahko pridobite na tel. \u0161t. 01\/7590-160 ali po elektronski po\u0161ti info@krepko.si. Videoposnetki se [&hellip;]<\/p>\n","protected":false},"author":10,"featured_media":0,"parent":0,"menu_order":0,"comment_status":"closed","ping_status":"closed","template":"","meta":{"_acf_changed":false,"footnotes":""},"class_list":["post-26250","page","type-page","status-publish","hentry"],"acf":[],"yoast_head":"<!-- This site is optimized with the Yoast SEO plugin v27.4 - https:\/\/yoast.com\/product\/yoast-seo-wordpress\/ -->\n<title>Obvestilo o videonadzoru - Mlekarna Krepko<\/title>\n<meta name=\"robots\" content=\"index, follow, max-snippet:-1, max-image-preview:large, max-video-preview:-1\" \/>\n<link rel=\"canonical\" href=\"https:\/\/www.mlekarna-krepko.si\/sl\/obvestilo-o-videonadzoru\/\" \/>\n<meta property=\"og:locale\" content=\"sl_SI\" \/>\n<meta property=\"og:type\" content=\"article\" \/>\n<meta property=\"og:title\" content=\"Obvestilo o videonadzoru - Mlekarna Krepko\" \/>\n<meta property=\"og:description\" content=\"Obve\u0161\u010damo vas, da se na obmo\u010dju Mlekarne Krepko izvaja videonadzor Videonadzor izvaja Kele &amp; Kele d.o.o., ki ga zastopa direktorica Sandra Turn\u0161ek. Mlekarna Krepko je tudi upravljavec osebnih podatkov. Videonadzor se izvaja z namenom zavarovanja \u017eivil, ljudi in premo\u017eenja na obmo\u010dju Mlekarne Krepko. Informacije o izvajanju videonadzora lahko pridobite na tel. \u0161t. 01\/7590-160 ali po elektronski po\u0161ti info@krepko.si. Videoposnetki se [&hellip;]\" \/>\n<meta property=\"og:url\" content=\"https:\/\/www.mlekarna-krepko.si\/sl\/obvestilo-o-videonadzoru\/\" \/>\n<meta property=\"og:site_name\" content=\"Mlekarna Krepko\" \/>\n<meta property=\"article:publisher\" content=\"https:\/\/www.facebook.com\/mlekarna.krepko\/\" \/>\n<meta property=\"article:modified_time\" content=\"2025-02-15T16:03:11+00:00\" \/>\n<meta property=\"og:image\" content=\"https:\/\/www.mlekarna-krepko.si\/wp-content\/uploads\/2025\/02\/video-nadzor.jpg\" \/>\n<meta name=\"twitter:card\" content=\"summary_large_image\" \/>\n<meta name=\"twitter:label1\" content=\"Est. reading time\" \/>\n\t<meta name=\"twitter:data1\" content=\"2 minuti\" \/>\n<script type=\"application\/ld+json\" class=\"yoast-schema-graph\">{\"@context\":\"https:\\\/\\\/schema.org\",\"@graph\":[{\"@type\":\"WebPage\",\"@id\":\"https:\\\/\\\/www.mlekarna-krepko.si\\\/sl\\\/obvestilo-o-videonadzoru\\\/\",\"url\":\"https:\\\/\\\/www.mlekarna-krepko.si\\\/sl\\\/obvestilo-o-videonadzoru\\\/\",\"name\":\"Obvestilo o videonadzoru - Mlekarna Krepko\",\"isPartOf\":{\"@id\":\"https:\\\/\\\/www.mlekarna-krepko.si\\\/sl\\\/#website\"},\"primaryImageOfPage\":{\"@id\":\"https:\\\/\\\/www.mlekarna-krepko.si\\\/sl\\\/obvestilo-o-videonadzoru\\\/#primaryimage\"},\"image\":{\"@id\":\"https:\\\/\\\/www.mlekarna-krepko.si\\\/sl\\\/obvestilo-o-videonadzoru\\\/#primaryimage\"},\"thumbnailUrl\":\"https:\\\/\\\/www.mlekarna-krepko.si\\\/wp-content\\\/uploads\\\/2025\\\/02\\\/video-nadzor.jpg\",\"datePublished\":\"2025-02-15T11:55:47+00:00\",\"dateModified\":\"2025-02-15T16:03:11+00:00\",\"breadcrumb\":{\"@id\":\"https:\\\/\\\/www.mlekarna-krepko.si\\\/sl\\\/obvestilo-o-videonadzoru\\\/#breadcrumb\"},\"inLanguage\":\"sl-SI\",\"potentialAction\":[{\"@type\":\"ReadAction\",\"target\":[\"https:\\\/\\\/www.mlekarna-krepko.si\\\/sl\\\/obvestilo-o-videonadzoru\\\/\"]}]},{\"@type\":\"ImageObject\",\"inLanguage\":\"sl-SI\",\"@id\":\"https:\\\/\\\/www.mlekarna-krepko.si\\\/sl\\\/obvestilo-o-videonadzoru\\\/#primaryimage\",\"url\":\"https:\\\/\\\/www.mlekarna-krepko.si\\\/wp-content\\\/uploads\\\/2025\\\/02\\\/video-nadzor.jpg\",\"contentUrl\":\"https:\\\/\\\/www.mlekarna-krepko.si\\\/wp-content\\\/uploads\\\/2025\\\/02\\\/video-nadzor.jpg\"},{\"@type\":\"BreadcrumbList\",\"@id\":\"https:\\\/\\\/www.mlekarna-krepko.si\\\/sl\\\/obvestilo-o-videonadzoru\\\/#breadcrumb\",\"itemListElement\":[{\"@type\":\"ListItem\",\"position\":1,\"name\":\"Home\",\"item\":\"https:\\\/\\\/mlekarna-krepko.si\\\/sl\\\/\"},{\"@type\":\"ListItem\",\"position\":2,\"name\":\"Obvestilo o videonadzoru\"}]},{\"@type\":\"WebSite\",\"@id\":\"https:\\\/\\\/www.mlekarna-krepko.si\\\/sl\\\/#website\",\"url\":\"https:\\\/\\\/www.mlekarna-krepko.si\\\/sl\\\/\",\"name\":\"Mlekarna Krepko\",\"description\":\"\",\"publisher\":{\"@id\":\"https:\\\/\\\/www.mlekarna-krepko.si\\\/sl\\\/#organization\"},\"potentialAction\":[{\"@type\":\"SearchAction\",\"target\":{\"@type\":\"EntryPoint\",\"urlTemplate\":\"https:\\\/\\\/www.mlekarna-krepko.si\\\/sl\\\/?s={search_term_string}\"},\"query-input\":{\"@type\":\"PropertyValueSpecification\",\"valueRequired\":true,\"valueName\":\"search_term_string\"}}],\"inLanguage\":\"sl-SI\"},{\"@type\":\"Organization\",\"@id\":\"https:\\\/\\\/www.mlekarna-krepko.si\\\/sl\\\/#organization\",\"name\":\"Mlekarna Krepko\",\"url\":\"https:\\\/\\\/www.mlekarna-krepko.si\\\/sl\\\/\",\"logo\":{\"@type\":\"ImageObject\",\"inLanguage\":\"sl-SI\",\"@id\":\"https:\\\/\\\/www.mlekarna-krepko.si\\\/sl\\\/#\\\/schema\\\/logo\\\/image\\\/\",\"url\":\"https:\\\/\\\/www.mlekarna-krepko.si\\\/wp-content\\\/uploads\\\/2020\\\/04\\\/LogoWeb_transparenten.png\",\"contentUrl\":\"https:\\\/\\\/www.mlekarna-krepko.si\\\/wp-content\\\/uploads\\\/2020\\\/04\\\/LogoWeb_transparenten.png\",\"width\":300,\"height\":300,\"caption\":\"Mlekarna Krepko\"},\"image\":{\"@id\":\"https:\\\/\\\/www.mlekarna-krepko.si\\\/sl\\\/#\\\/schema\\\/logo\\\/image\\\/\"},\"sameAs\":[\"https:\\\/\\\/www.facebook.com\\\/mlekarna.krepko\\\/\",\"https:\\\/\\\/www.instagram.com\\\/mlekarnakrepko\\\/\",\"https:\\\/\\\/www.linkedin.com\\\/company\\\/mlekarna-krepko\",\"https:\\\/\\\/www.youtube.com\\\/channel\\\/UCAzec5mnRHgcj2Th3fGRtKw?view_as=subscriber\"]}]}<\/script>\n<!-- \/ Yoast SEO plugin. -->","yoast_head_json":{"title":"Obvestilo o videonadzoru - Mlekarna Krepko","robots":{"index":"index","follow":"follow","max-snippet":"max-snippet:-1","max-image-preview":"max-image-preview:large","max-video-preview":"max-video-preview:-1"},"canonical":"https:\/\/www.mlekarna-krepko.si\/sl\/obvestilo-o-videonadzoru\/","og_locale":"sl_SI","og_type":"article","og_title":"Obvestilo o videonadzoru - Mlekarna Krepko","og_description":"Obve\u0161\u010damo vas, da se na obmo\u010dju Mlekarne Krepko izvaja videonadzor Videonadzor izvaja Kele &amp; Kele d.o.o., ki ga zastopa direktorica Sandra Turn\u0161ek. Mlekarna Krepko je tudi upravljavec osebnih podatkov. Videonadzor se izvaja z namenom zavarovanja \u017eivil, ljudi in premo\u017eenja na obmo\u010dju Mlekarne Krepko. Informacije o izvajanju videonadzora lahko pridobite na tel. \u0161t. 01\/7590-160 ali po elektronski po\u0161ti info@krepko.si. Videoposnetki se [&hellip;]","og_url":"https:\/\/www.mlekarna-krepko.si\/sl\/obvestilo-o-videonadzoru\/","og_site_name":"Mlekarna Krepko","article_publisher":"https:\/\/www.facebook.com\/mlekarna.krepko\/","article_modified_time":"2025-02-15T16:03:11+00:00","og_image":[{"url":"https:\/\/www.mlekarna-krepko.si\/wp-content\/uploads\/2025\/02\/video-nadzor.jpg","type":"","width":"","height":""}],"twitter_card":"summary_large_image","twitter_misc":{"Est. reading time":"2 minuti"},"schema":{"@context":"https:\/\/schema.org","@graph":[{"@type":"WebPage","@id":"https:\/\/www.mlekarna-krepko.si\/sl\/obvestilo-o-videonadzoru\/","url":"https:\/\/www.mlekarna-krepko.si\/sl\/obvestilo-o-videonadzoru\/","name":"Obvestilo o videonadzoru - Mlekarna Krepko","isPartOf":{"@id":"https:\/\/www.mlekarna-krepko.si\/sl\/#website"},"primaryImageOfPage":{"@id":"https:\/\/www.mlekarna-krepko.si\/sl\/obvestilo-o-videonadzoru\/#primaryimage"},"image":{"@id":"https:\/\/www.mlekarna-krepko.si\/sl\/obvestilo-o-videonadzoru\/#primaryimage"},"thumbnailUrl":"https:\/\/www.mlekarna-krepko.si\/wp-content\/uploads\/2025\/02\/video-nadzor.jpg","datePublished":"2025-02-15T11:55:47+00:00","dateModified":"2025-02-15T16:03:11+00:00","breadcrumb":{"@id":"https:\/\/www.mlekarna-krepko.si\/sl\/obvestilo-o-videonadzoru\/#breadcrumb"},"inLanguage":"sl-SI","potentialAction":[{"@type":"ReadAction","target":["https:\/\/www.mlekarna-krepko.si\/sl\/obvestilo-o-videonadzoru\/"]}]},{"@type":"ImageObject","inLanguage":"sl-SI","@id":"https:\/\/www.mlekarna-krepko.si\/sl\/obvestilo-o-videonadzoru\/#primaryimage","url":"https:\/\/www.mlekarna-krepko.si\/wp-content\/uploads\/2025\/02\/video-nadzor.jpg","contentUrl":"https:\/\/www.mlekarna-krepko.si\/wp-content\/uploads\/2025\/02\/video-nadzor.jpg"},{"@type":"BreadcrumbList","@id":"https:\/\/www.mlekarna-krepko.si\/sl\/obvestilo-o-videonadzoru\/#breadcrumb","itemListElement":[{"@type":"ListItem","position":1,"name":"Home","item":"https:\/\/mlekarna-krepko.si\/sl\/"},{"@type":"ListItem","position":2,"name":"Obvestilo o videonadzoru"}]},{"@type":"WebSite","@id":"https:\/\/www.mlekarna-krepko.si\/sl\/#website","url":"https:\/\/www.mlekarna-krepko.si\/sl\/","name":"Mlekarna Krepko","description":"","publisher":{"@id":"https:\/\/www.mlekarna-krepko.si\/sl\/#organization"},"potentialAction":[{"@type":"SearchAction","target":{"@type":"EntryPoint","urlTemplate":"https:\/\/www.mlekarna-krepko.si\/sl\/?s={search_term_string}"},"query-input":{"@type":"PropertyValueSpecification","valueRequired":true,"valueName":"search_term_string"}}],"inLanguage":"sl-SI"},{"@type":"Organization","@id":"https:\/\/www.mlekarna-krepko.si\/sl\/#organization","name":"Mlekarna Krepko","url":"https:\/\/www.mlekarna-krepko.si\/sl\/","logo":{"@type":"ImageObject","inLanguage":"sl-SI","@id":"https:\/\/www.mlekarna-krepko.si\/sl\/#\/schema\/logo\/image\/","url":"https:\/\/www.mlekarna-krepko.si\/wp-content\/uploads\/2020\/04\/LogoWeb_transparenten.png","contentUrl":"https:\/\/www.mlekarna-krepko.si\/wp-content\/uploads\/2020\/04\/LogoWeb_transparenten.png","width":300,"height":300,"caption":"Mlekarna Krepko"},"image":{"@id":"https:\/\/www.mlekarna-krepko.si\/sl\/#\/schema\/logo\/image\/"},"sameAs":["https:\/\/www.facebook.com\/mlekarna.krepko\/","https:\/\/www.instagram.com\/mlekarnakrepko\/","https:\/\/www.linkedin.com\/company\/mlekarna-krepko","https:\/\/www.youtube.com\/channel\/UCAzec5mnRHgcj2Th3fGRtKw?view_as=subscriber"]}]}},"_links":{"self":[{"href":"https:\/\/www.mlekarna-krepko.si\/sl\/wp-json\/wp\/v2\/pages\/26250","targetHints":{"allow":["GET"]}}],"collection":[{"href":"https:\/\/www.mlekarna-krepko.si\/sl\/wp-json\/wp\/v2\/pages"}],"about":[{"href":"https:\/\/www.mlekarna-krepko.si\/sl\/wp-json\/wp\/v2\/types\/page"}],"author":[{"embeddable":true,"href":"https:\/\/www.mlekarna-krepko.si\/sl\/wp-json\/wp\/v2\/users\/10"}],"replies":[{"embeddable":true,"href":"https:\/\/www.mlekarna-krepko.si\/sl\/wp-json\/wp\/v2\/comments?post=26250"}],"version-history":[{"count":5,"href":"https:\/\/www.mlekarna-krepko.si\/sl\/wp-json\/wp\/v2\/pages\/26250\/revisions"}],"predecessor-version":[{"id":26259,"href":"https:\/\/www.mlekarna-krepko.si\/sl\/wp-json\/wp\/v2\/pages\/26250\/revisions\/26259"}],"wp:attachment":[{"href":"https:\/\/www.mlekarna-krepko.si\/sl\/wp-json\/wp\/v2\/media?parent=26250"}],"curies":[{"name":"wp","href":"https:\/\/api.w.org\/{rel}","templated":true}]}}