{"id":18965,"date":"2020-06-17T12:24:01","date_gmt":"2020-06-17T12:24:01","guid":{"rendered":"https:\/\/www.mlekarna-krepko.si\/?page_id=18965"},"modified":"2025-03-06T19:20:59","modified_gmt":"2025-03-06T19:20:59","slug":"splosni-pogoji-nagradne-igre-krepko","status":"publish","type":"page","link":"https:\/\/www.mlekarna-krepko.si\/sl\/splosni-pogoji-nagradne-igre-krepko\/","title":{"rendered":"SPLO\u0160NI POGOJI NAGRADNE IGRE ZA DAN \u017dENA"},"content":{"rendered":"<h3><strong>SPLO\u0160NI POGOJI NAGRADNE IGRE<\/strong><\/h3>\n<p><strong>Splo\u0161ne dolo\u010dbe:<\/strong><\/p>\n<p>Organizator nagradne igre je, v imenu podjetja MLEKARNA KREPKO Kele &amp; Kele d.o.o., Laze 22a, 1370 Logatec, ogla\u0161evalska agencija Vodik d.o.o., Cesta v Gorice 34b, 1000 Ljubljana, v nadaljevanju organizator. Nagradna igra se izvaja ob praznovanju meseca mo\u010dnih \u017eensk in njenem poudarjanju supermo\u010di, ki nas naredijo edinstvene in neustavljive.<\/p>\n<p>Nagradna igra poteka z namenom spodbujanja pozitivnih vrednot, kot so vztrajnost, pogum, empatija, in volja, ter osve\u0161\u010danja o zdravih prehranskih produktih Mlekarne Krepko.<\/p>\n<p>Nagradna igra poteka na Facebook in Instagram strani Mlekarna Krepko, v Republiki Sloveniji, pod v nadaljevanju navedenimi pogoji.<\/p>\n<p>Facebook ni sponzor nagradne igre, je ne podpira, niti v njej ne sodeluje ali z njo kakor koli upravlja.<\/p>\n<p><strong>Vsebina in potek nagradne igre:<\/strong><\/p>\n<p>Posameznica lahko sodeluje v nagradni igri na Facebooku in Instagramu tako, da:<\/p>\n<ol>\n<li>V\u0161e\u010dka objavo na strani Mlekarna Krepko.<\/li>\n<li>Sledi profilu Mlekarne Krepko.<\/li>\n<li>V komentarju pod objavo napi\u0161e svojo &#8220;supermo\u010d&#8221; ter ozna\u010di \u017eensko, ki jo ob\u010duduje.<\/li>\n<\/ol>\n<p>Nagradna igra poteka od <strong>8. marca 2025<\/strong> do <strong>11. marca 2025<\/strong> do polno\u010di. S sodelovanjem v nagradni igri se \u0161teje, da uporabnik sprejema splo\u0161ne pogoje sodelovanja v nagradni igri, objavljenimi pod Facebook in Instagram objavo.<\/p>\n<p>Za organizacijo, izvedbo in nadzor nad potekom nagradne igre ter \u017erebanjem nagrajenk skrbi komisija, ki jo sestavljajo predstavniki organizatorja.<\/p>\n<p><strong>\u017drebanje nagrad<\/strong> bo potekalo <strong>13. marca 2025<\/strong>, na sede\u017eu organizatorja nagradne igre, v prisotnosti treh \u010dlanov komisije.<\/p>\n<p>Komisija:<\/p>\n<ul>\n<li>Nino Horvat<\/li>\n<li>Dora Horvat<\/li>\n<li>Darja Ko\u0161ak<\/li>\n<\/ul>\n<p><strong>\u00a0<\/strong><\/p>\n<p><strong>\u00a0<\/strong><\/p>\n<p><strong>Nagrada:<\/strong><\/p>\n<p>Nagrada bo dodeljena dvema posameznicama &#8211; eni na Instagramu in drugi na Facebooku.<\/p>\n<p>Nagrajenki nagradne igre bosta prejeli <strong>paket petih lepotnih kefirjev s kolagenom, vitaminom C in vrtnico.<\/strong><\/p>\n<p>Nagrade niso zamenljive za drugo vrsto nagrade, izpla\u010dljive v gotovini ali prenosljive na tretje osebe.<\/p>\n<p><strong>Pogoji za sodelovanje v nagradni igri:<\/strong><\/p>\n<ol>\n<li>V nagradni igri lahko tokrat sodelujejo samo \u017eenske.<\/li>\n<li>V nagradni igri lahko sodelujejo fizi\u010dne osebe s stalnim prebivali\u0161\u010dem v Sloveniji, ki \u017eelijo sodelovati in se strinjajo s pravili nagradne igre.<\/li>\n<li>V nagradni igri ne smejo sodelovati zaposleni in zunanji pogodbeni sodelavci organizatorja in so-organizatorja nagradne igre ali njihovi o\u017eji dru\u017einski \u010dlani.<\/li>\n<li>Nagrajenka mora biti oseba, ki izpolnjuje pogoje za sodelovanje in ki bo obve\u0161\u010dena o nagradi prek zapisanega e-naslova, ki ga je vpisala ob sodelovanju.<\/li>\n<\/ol>\n<p><strong>Podelitev nagrad in obve\u0161\u010danje nagrajencev:<\/strong><\/p>\n<p>Seznam nagrajencev bo objavljen <strong>13. marca 2025<\/strong> v komentarju pod objavo na Facebook in Instagram strani Mlekarne Krepko.<\/p>\n<p>Obe nagrajenki bosta obvestilo o nagradi prejeli v komentarju objave in \u0161e dodatno na Instagram in Facebook story-u, najkasneje v desetih delovnih dneh od datuma \u017erebanja.<\/p>\n<p>Ob prevzemu nagrade sta iz\u017erebanki dol\u017eni v roku 30 delovnih dni predlo\u017eiti svoj naslov, da se jimai bo lahko poslala nagrada, veljaven osebni dokument (osebna izkaznica ali potni list) in sporo\u010diti svojo dav\u010dno \u0161tevilko. Prejemnica glavne nagrade mora poleg tega podati \u0161e informacijo o dav\u010dnem uradu. \u010ce iz\u017erebanka ne posreduje navedenih dokumentov in podatkov, ni upravi\u010dena zahtevati izro\u010ditve nagrade.<\/p>\n<p><strong>Uporaba podatkov:<\/strong><\/p>\n<p>Sodelujo\u010di v nagradni igri so z izpisom svojih podatkov oddali soglasje, da Vodik d.o.o., Cesta v Gorice 34b, 1000 Ljubljana, zbira, uporablja in obdeluje njihove osebne podatke za namen obve\u0161\u010danja o poteku nagradne igre, promocijskih aktivnostih in za namen neposrednega tr\u017eenja.<\/p>\n<p><strong>Varstvo podatkov:<\/strong><\/p>\n<p>Sodelujo\u010di v nagradni igri organizatorju kot upravljavcu dovoljujejo, da zbirajo in obdelujejo njihove osebne podatke v skladu z Zakonom o varstvu osebnih podatkov.<\/p>\n<p><strong>Kon\u010dne dolo\u010dbe:<\/strong><\/p>\n<p>Organizator si pridr\u017euje pravico do dopolnitev in sprememb pogojev nagradne igre, \u010de tako zahtevajo vzroki tehni\u010dne ali komercialne narave ali vzroki na strani javnosti. O vseh spremembah in novostih nagradne igre bo organizator udele\u017eence sproti obve\u0161\u010dal z objavami na spletni strani in na Facebook in Instagram strani.<\/p>\n<p>Vpra\u0161anja in dodatne informacije v zvezi z nagradno igro pi\u0161ete na elektronski naslov: info@vodik.si.<\/p>\n<p><strong>Organizator Vodik d.o.o.<\/strong><\/p>\n<p>v Ljubljani, dne <strong>5. marca 2025<\/strong>.<\/p>\n<p>&nbsp;<\/p>\n","protected":false},"excerpt":{"rendered":"<p>SPLO\u0160NI POGOJI NAGRADNE IGRE Splo\u0161ne dolo\u010dbe: Organizator nagradne igre je, v imenu podjetja MLEKARNA KREPKO Kele &amp; Kele d.o.o., Laze 22a, 1370 Logatec, ogla\u0161evalska agencija Vodik d.o.o., Cesta v Gorice 34b, 1000 Ljubljana, v nadaljevanju organizator. Nagradna igra se izvaja ob praznovanju meseca mo\u010dnih \u017eensk in njenem poudarjanju supermo\u010di, ki nas naredijo edinstvene in neustavljive. Nagradna igra poteka z namenom [&hellip;]<\/p>\n","protected":false},"author":14,"featured_media":0,"parent":0,"menu_order":0,"comment_status":"closed","ping_status":"closed","template":"","meta":{"_acf_changed":false,"footnotes":""},"class_list":["post-18965","page","type-page","status-publish","hentry"],"acf":[],"yoast_head":"<!-- This site is optimized with the Yoast SEO plugin v27.4 - https:\/\/yoast.com\/product\/yoast-seo-wordpress\/ -->\n<title>SPLO\u0160NI POGOJI NAGRADNE IGRE ZA DAN \u017dENA - Mlekarna Krepko<\/title>\n<meta name=\"robots\" content=\"index, follow, max-snippet:-1, max-image-preview:large, max-video-preview:-1\" \/>\n<link rel=\"canonical\" href=\"https:\/\/www.mlekarna-krepko.si\/sl\/splosni-pogoji-nagradne-igre-krepko\/\" \/>\n<meta property=\"og:locale\" content=\"sl_SI\" \/>\n<meta property=\"og:type\" content=\"article\" \/>\n<meta property=\"og:title\" content=\"SPLO\u0160NI POGOJI NAGRADNE IGRE ZA DAN \u017dENA - Mlekarna Krepko\" \/>\n<meta property=\"og:description\" content=\"SPLO\u0160NI POGOJI NAGRADNE IGRE Splo\u0161ne dolo\u010dbe: Organizator nagradne igre je, v imenu podjetja MLEKARNA KREPKO Kele &amp; Kele d.o.o., Laze 22a, 1370 Logatec, ogla\u0161evalska agencija Vodik d.o.o., Cesta v Gorice 34b, 1000 Ljubljana, v nadaljevanju organizator. Nagradna igra se izvaja ob praznovanju meseca mo\u010dnih \u017eensk in njenem poudarjanju supermo\u010di, ki nas naredijo edinstvene in neustavljive. Nagradna igra poteka z namenom [&hellip;]\" \/>\n<meta property=\"og:url\" content=\"https:\/\/www.mlekarna-krepko.si\/sl\/splosni-pogoji-nagradne-igre-krepko\/\" \/>\n<meta property=\"og:site_name\" content=\"Mlekarna Krepko\" \/>\n<meta property=\"article:publisher\" content=\"https:\/\/www.facebook.com\/mlekarna.krepko\/\" \/>\n<meta property=\"article:modified_time\" content=\"2025-03-06T19:20:59+00:00\" \/>\n<meta name=\"twitter:card\" content=\"summary_large_image\" \/>\n<meta name=\"twitter:label1\" content=\"Est. reading time\" \/>\n\t<meta name=\"twitter:data1\" content=\"3 minute\" \/>\n<script type=\"application\/ld+json\" class=\"yoast-schema-graph\">{\"@context\":\"https:\\\/\\\/schema.org\",\"@graph\":[{\"@type\":\"WebPage\",\"@id\":\"https:\\\/\\\/www.mlekarna-krepko.si\\\/sl\\\/splosni-pogoji-nagradne-igre-krepko\\\/\",\"url\":\"https:\\\/\\\/www.mlekarna-krepko.si\\\/sl\\\/splosni-pogoji-nagradne-igre-krepko\\\/\",\"name\":\"SPLO\u0160NI POGOJI NAGRADNE IGRE ZA DAN \u017dENA - Mlekarna Krepko\",\"isPartOf\":{\"@id\":\"https:\\\/\\\/mlekarna-krepko.si\\\/sl\\\/#website\"},\"datePublished\":\"2020-06-17T12:24:01+00:00\",\"dateModified\":\"2025-03-06T19:20:59+00:00\",\"breadcrumb\":{\"@id\":\"https:\\\/\\\/www.mlekarna-krepko.si\\\/sl\\\/splosni-pogoji-nagradne-igre-krepko\\\/#breadcrumb\"},\"inLanguage\":\"sl-SI\",\"potentialAction\":[{\"@type\":\"ReadAction\",\"target\":[\"https:\\\/\\\/www.mlekarna-krepko.si\\\/sl\\\/splosni-pogoji-nagradne-igre-krepko\\\/\"]}]},{\"@type\":\"BreadcrumbList\",\"@id\":\"https:\\\/\\\/www.mlekarna-krepko.si\\\/sl\\\/splosni-pogoji-nagradne-igre-krepko\\\/#breadcrumb\",\"itemListElement\":[{\"@type\":\"ListItem\",\"position\":1,\"name\":\"Home\",\"item\":\"https:\\\/\\\/mlekarna-krepko.si\\\/sl\\\/\"},{\"@type\":\"ListItem\",\"position\":2,\"name\":\"SPLO\u0160NI POGOJI NAGRADNE IGRE ZA DAN \u017dENA\"}]},{\"@type\":\"WebSite\",\"@id\":\"https:\\\/\\\/mlekarna-krepko.si\\\/sl\\\/#website\",\"url\":\"https:\\\/\\\/mlekarna-krepko.si\\\/sl\\\/\",\"name\":\"Mlekarna Krepko\",\"description\":\"\",\"publisher\":{\"@id\":\"https:\\\/\\\/mlekarna-krepko.si\\\/sl\\\/#organization\"},\"potentialAction\":[{\"@type\":\"SearchAction\",\"target\":{\"@type\":\"EntryPoint\",\"urlTemplate\":\"https:\\\/\\\/mlekarna-krepko.si\\\/sl\\\/?s={search_term_string}\"},\"query-input\":{\"@type\":\"PropertyValueSpecification\",\"valueRequired\":true,\"valueName\":\"search_term_string\"}}],\"inLanguage\":\"sl-SI\"},{\"@type\":\"Organization\",\"@id\":\"https:\\\/\\\/mlekarna-krepko.si\\\/sl\\\/#organization\",\"name\":\"Mlekarna Krepko\",\"url\":\"https:\\\/\\\/mlekarna-krepko.si\\\/sl\\\/\",\"logo\":{\"@type\":\"ImageObject\",\"inLanguage\":\"sl-SI\",\"@id\":\"https:\\\/\\\/mlekarna-krepko.si\\\/sl\\\/#\\\/schema\\\/logo\\\/image\\\/\",\"url\":\"https:\\\/\\\/www.mlekarna-krepko.si\\\/wp-content\\\/uploads\\\/2020\\\/04\\\/LogoWeb_transparenten.png\",\"contentUrl\":\"https:\\\/\\\/www.mlekarna-krepko.si\\\/wp-content\\\/uploads\\\/2020\\\/04\\\/LogoWeb_transparenten.png\",\"width\":300,\"height\":300,\"caption\":\"Mlekarna Krepko\"},\"image\":{\"@id\":\"https:\\\/\\\/mlekarna-krepko.si\\\/sl\\\/#\\\/schema\\\/logo\\\/image\\\/\"},\"sameAs\":[\"https:\\\/\\\/www.facebook.com\\\/mlekarna.krepko\\\/\",\"https:\\\/\\\/www.instagram.com\\\/mlekarnakrepko\\\/\",\"https:\\\/\\\/www.linkedin.com\\\/company\\\/mlekarna-krepko\",\"https:\\\/\\\/www.youtube.com\\\/channel\\\/UCAzec5mnRHgcj2Th3fGRtKw?view_as=subscriber\"]}]}<\/script>\n<!-- \/ Yoast SEO plugin. -->","yoast_head_json":{"title":"SPLO\u0160NI POGOJI NAGRADNE IGRE ZA DAN \u017dENA - Mlekarna Krepko","robots":{"index":"index","follow":"follow","max-snippet":"max-snippet:-1","max-image-preview":"max-image-preview:large","max-video-preview":"max-video-preview:-1"},"canonical":"https:\/\/www.mlekarna-krepko.si\/sl\/splosni-pogoji-nagradne-igre-krepko\/","og_locale":"sl_SI","og_type":"article","og_title":"SPLO\u0160NI POGOJI NAGRADNE IGRE ZA DAN \u017dENA - Mlekarna Krepko","og_description":"SPLO\u0160NI POGOJI NAGRADNE IGRE Splo\u0161ne dolo\u010dbe: Organizator nagradne igre je, v imenu podjetja MLEKARNA KREPKO Kele &amp; Kele d.o.o., Laze 22a, 1370 Logatec, ogla\u0161evalska agencija Vodik d.o.o., Cesta v Gorice 34b, 1000 Ljubljana, v nadaljevanju organizator. Nagradna igra se izvaja ob praznovanju meseca mo\u010dnih \u017eensk in njenem poudarjanju supermo\u010di, ki nas naredijo edinstvene in neustavljive. Nagradna igra poteka z namenom [&hellip;]","og_url":"https:\/\/www.mlekarna-krepko.si\/sl\/splosni-pogoji-nagradne-igre-krepko\/","og_site_name":"Mlekarna Krepko","article_publisher":"https:\/\/www.facebook.com\/mlekarna.krepko\/","article_modified_time":"2025-03-06T19:20:59+00:00","twitter_card":"summary_large_image","twitter_misc":{"Est. reading time":"3 minute"},"schema":{"@context":"https:\/\/schema.org","@graph":[{"@type":"WebPage","@id":"https:\/\/www.mlekarna-krepko.si\/sl\/splosni-pogoji-nagradne-igre-krepko\/","url":"https:\/\/www.mlekarna-krepko.si\/sl\/splosni-pogoji-nagradne-igre-krepko\/","name":"SPLO\u0160NI POGOJI NAGRADNE IGRE ZA DAN \u017dENA - Mlekarna Krepko","isPartOf":{"@id":"https:\/\/mlekarna-krepko.si\/sl\/#website"},"datePublished":"2020-06-17T12:24:01+00:00","dateModified":"2025-03-06T19:20:59+00:00","breadcrumb":{"@id":"https:\/\/www.mlekarna-krepko.si\/sl\/splosni-pogoji-nagradne-igre-krepko\/#breadcrumb"},"inLanguage":"sl-SI","potentialAction":[{"@type":"ReadAction","target":["https:\/\/www.mlekarna-krepko.si\/sl\/splosni-pogoji-nagradne-igre-krepko\/"]}]},{"@type":"BreadcrumbList","@id":"https:\/\/www.mlekarna-krepko.si\/sl\/splosni-pogoji-nagradne-igre-krepko\/#breadcrumb","itemListElement":[{"@type":"ListItem","position":1,"name":"Home","item":"https:\/\/mlekarna-krepko.si\/sl\/"},{"@type":"ListItem","position":2,"name":"SPLO\u0160NI POGOJI NAGRADNE IGRE ZA DAN \u017dENA"}]},{"@type":"WebSite","@id":"https:\/\/mlekarna-krepko.si\/sl\/#website","url":"https:\/\/mlekarna-krepko.si\/sl\/","name":"Mlekarna Krepko","description":"","publisher":{"@id":"https:\/\/mlekarna-krepko.si\/sl\/#organization"},"potentialAction":[{"@type":"SearchAction","target":{"@type":"EntryPoint","urlTemplate":"https:\/\/mlekarna-krepko.si\/sl\/?s={search_term_string}"},"query-input":{"@type":"PropertyValueSpecification","valueRequired":true,"valueName":"search_term_string"}}],"inLanguage":"sl-SI"},{"@type":"Organization","@id":"https:\/\/mlekarna-krepko.si\/sl\/#organization","name":"Mlekarna Krepko","url":"https:\/\/mlekarna-krepko.si\/sl\/","logo":{"@type":"ImageObject","inLanguage":"sl-SI","@id":"https:\/\/mlekarna-krepko.si\/sl\/#\/schema\/logo\/image\/","url":"https:\/\/www.mlekarna-krepko.si\/wp-content\/uploads\/2020\/04\/LogoWeb_transparenten.png","contentUrl":"https:\/\/www.mlekarna-krepko.si\/wp-content\/uploads\/2020\/04\/LogoWeb_transparenten.png","width":300,"height":300,"caption":"Mlekarna Krepko"},"image":{"@id":"https:\/\/mlekarna-krepko.si\/sl\/#\/schema\/logo\/image\/"},"sameAs":["https:\/\/www.facebook.com\/mlekarna.krepko\/","https:\/\/www.instagram.com\/mlekarnakrepko\/","https:\/\/www.linkedin.com\/company\/mlekarna-krepko","https:\/\/www.youtube.com\/channel\/UCAzec5mnRHgcj2Th3fGRtKw?view_as=subscriber"]}]}},"_links":{"self":[{"href":"https:\/\/www.mlekarna-krepko.si\/sl\/wp-json\/wp\/v2\/pages\/18965","targetHints":{"allow":["GET"]}}],"collection":[{"href":"https:\/\/www.mlekarna-krepko.si\/sl\/wp-json\/wp\/v2\/pages"}],"about":[{"href":"https:\/\/www.mlekarna-krepko.si\/sl\/wp-json\/wp\/v2\/types\/page"}],"author":[{"embeddable":true,"href":"https:\/\/www.mlekarna-krepko.si\/sl\/wp-json\/wp\/v2\/users\/14"}],"replies":[{"embeddable":true,"href":"https:\/\/www.mlekarna-krepko.si\/sl\/wp-json\/wp\/v2\/comments?post=18965"}],"version-history":[{"count":9,"href":"https:\/\/www.mlekarna-krepko.si\/sl\/wp-json\/wp\/v2\/pages\/18965\/revisions"}],"predecessor-version":[{"id":26282,"href":"https:\/\/www.mlekarna-krepko.si\/sl\/wp-json\/wp\/v2\/pages\/18965\/revisions\/26282"}],"wp:attachment":[{"href":"https:\/\/www.mlekarna-krepko.si\/sl\/wp-json\/wp\/v2\/media?parent=18965"}],"curies":[{"name":"wp","href":"https:\/\/api.w.org\/{rel}","templated":true}]}}