{"id":20358,"date":"2020-11-01T21:02:43","date_gmt":"2020-11-01T21:02:43","guid":{"rendered":"https:\/\/www.mlekarna-krepko.si\/izdelek\/kajmak-180g\/"},"modified":"2021-02-28T19:44:19","modified_gmt":"2021-02-28T19:44:19","slug":"kajmak-180g","status":"publish","type":"product","link":"https:\/\/www.mlekarna-krepko.si\/it\/prodotto\/kajmak-180g\/","title":{"rendered":"Kajmak 180g"},"content":{"rendered":"<p>La particolarit\u00e0 della crema <strong>Kajmak di Mlekarna Krepko<\/strong> \u00e8 che \u00e8 prodotta \u00a0in maniera \u00a0il tradizionale. La sua particolarit\u00e0, tra i prodotti caseari risiede nel fatto che conserva sia \u00a0le caratteristiche\u00a0 del burro che del formaggio.<\/p>\n<p>&nbsp;<\/p>\n<table border=\"1\" cellspacing=\"0\" cellpadding=\"0\">\n<tbody>\n<tr>\n<td style=\"width: 359px;\" colspan=\"2\">\n<p align=\"center\"><span style=\"color: #ff0000;\"><strong>Valore nutritivo (media per 100 g)<\/strong><\/span><\/p>\n<\/td>\n<\/tr>\n<tr>\n<td style=\"width: 245px;\">Proteine<\/td>\n<td style=\"width: 113px;\">4,6 g<\/td>\n<\/tr>\n<tr>\n<td style=\"width: 245px;\">Carboidrati<\/td>\n<td style=\"width: 113px;\">5,6 g<\/td>\n<\/tr>\n<tr>\n<td style=\"width: 245px;\">\u00a0 dei quali zuccheri<\/td>\n<td style=\"width: 113px;\">2,4 g<\/td>\n<\/tr>\n<tr>\n<td style=\"width: 245px;\">Grassi<\/td>\n<td style=\"width: 113px;\">56 g<\/td>\n<\/tr>\n<tr>\n<td style=\"width: 245px;\">\u00a0 acidi grassi saturi<\/td>\n<td style=\"width: 113px;\">34,6 g<\/td>\n<\/tr>\n<tr>\n<td style=\"width: 245px;\">Fibre alimentari<\/td>\n<td style=\"width: 113px;\">0 g<\/td>\n<\/tr>\n<tr>\n<td style=\"width: 245px;\">Sale<\/td>\n<td style=\"width: 113px;\">1,2 g<\/td>\n<\/tr>\n<tr>\n<td style=\"width: 245px;\">Valore energetico<\/td>\n<td style=\"width: 113px;\">2227 kJ\/541 kcal<\/td>\n<\/tr>\n<\/tbody>\n<\/table>\n<p>&nbsp;<\/p>\n<p>*Allergeni:\u00a0<strong><em>latte<\/em><\/strong><\/p>\n","protected":false},"excerpt":{"rendered":"<p>La particolarit\u00e0 della crema Kajmak di Mlekarna Krepko \u00e8 che \u00e8 prodotta \u00a0in maniera \u00a0il tradizionale. La sua particolarit\u00e0, tra i prodotti caseari risiede nel fatto che conserva sia \u00a0le caratteristiche\u00a0 del burro che del formaggio. &nbsp; Valore nutritivo (media per 100 g) Proteine 4,6 g Carboidrati 5,6 g \u00a0 dei quali zuccheri 2,4 g Grassi 56 g \u00a0 acidi [&hellip;]<\/p>\n","protected":false},"featured_media":20359,"template":"","meta":{"_acf_changed":false},"product_cat":[180],"product_tag":[],"class_list":{"0":"post-20358","1":"product","2":"type-product","3":"status-publish","4":"has-post-thumbnail","6":"product_cat-dairy-roducts","8":"first","9":"instock","10":"taxable","11":"shipping-taxable","12":"product-type-simple"},"acf":[],"yoast_head":"<!-- This site is optimized with the Yoast SEO plugin v26.2 - https:\/\/yoast.com\/wordpress\/plugins\/seo\/ -->\n<title>Kajmak 180g - Mlekarna Krepko<\/title>\n<meta name=\"robots\" content=\"index, follow, max-snippet:-1, max-image-preview:large, max-video-preview:-1\" \/>\n<link rel=\"canonical\" href=\"https:\/\/www.mlekarna-krepko.si\/it\/prodotto\/kajmak-180g\/\" \/>\n<meta property=\"og:locale\" content=\"it_IT\" \/>\n<meta property=\"og:type\" content=\"article\" \/>\n<meta property=\"og:title\" content=\"Kajmak 180g - Mlekarna Krepko\" \/>\n<meta property=\"og:description\" content=\"La particolarit\u00e0 della crema Kajmak di Mlekarna Krepko \u00e8 che \u00e8 prodotta \u00a0in maniera \u00a0il tradizionale. La sua particolarit\u00e0, tra i prodotti caseari risiede nel fatto che conserva sia \u00a0le caratteristiche\u00a0 del burro che del formaggio. &nbsp; Valore nutritivo (media per 100 g) Proteine 4,6 g Carboidrati 5,6 g \u00a0 dei quali zuccheri 2,4 g Grassi 56 g \u00a0 acidi [&hellip;]\" \/>\n<meta property=\"og:url\" content=\"https:\/\/www.mlekarna-krepko.si\/it\/prodotto\/kajmak-180g\/\" \/>\n<meta property=\"og:site_name\" content=\"Mlekarna Krepko\" \/>\n<meta property=\"article:publisher\" content=\"https:\/\/www.facebook.com\/mlekarna.krepko\/\" \/>\n<meta property=\"article:modified_time\" content=\"2021-02-28T19:44:19+00:00\" \/>\n<meta property=\"og:image\" content=\"https:\/\/www.mlekarna-krepko.si\/wp-content\/uploads\/2020\/10\/kajmak_WEB.png\" \/>\n\t<meta property=\"og:image:width\" content=\"406\" \/>\n\t<meta property=\"og:image:height\" content=\"509\" \/>\n\t<meta property=\"og:image:type\" content=\"image\/png\" \/>\n<meta name=\"twitter:card\" content=\"summary_large_image\" \/>\n<script type=\"application\/ld+json\" class=\"yoast-schema-graph\">{\"@context\":\"https:\/\/schema.org\",\"@graph\":[{\"@type\":\"WebPage\",\"@id\":\"https:\/\/www.mlekarna-krepko.si\/it\/prodotto\/kajmak-180g\/\",\"url\":\"https:\/\/www.mlekarna-krepko.si\/it\/prodotto\/kajmak-180g\/\",\"name\":\"Kajmak 180g - Mlekarna Krepko\",\"isPartOf\":{\"@id\":\"https:\/\/mlekarna-krepko.si\/it\/#website\"},\"primaryImageOfPage\":{\"@id\":\"https:\/\/www.mlekarna-krepko.si\/it\/prodotto\/kajmak-180g\/#primaryimage\"},\"image\":{\"@id\":\"https:\/\/www.mlekarna-krepko.si\/it\/prodotto\/kajmak-180g\/#primaryimage\"},\"thumbnailUrl\":\"https:\/\/www.mlekarna-krepko.si\/wp-content\/uploads\/2020\/10\/kajmak_WEB.png\",\"datePublished\":\"2020-11-01T21:02:43+00:00\",\"dateModified\":\"2021-02-28T19:44:19+00:00\",\"breadcrumb\":{\"@id\":\"https:\/\/www.mlekarna-krepko.si\/it\/prodotto\/kajmak-180g\/#breadcrumb\"},\"inLanguage\":\"it-IT\",\"potentialAction\":[{\"@type\":\"ReadAction\",\"target\":[\"https:\/\/www.mlekarna-krepko.si\/it\/prodotto\/kajmak-180g\/\"]}]},{\"@type\":\"ImageObject\",\"inLanguage\":\"it-IT\",\"@id\":\"https:\/\/www.mlekarna-krepko.si\/it\/prodotto\/kajmak-180g\/#primaryimage\",\"url\":\"https:\/\/www.mlekarna-krepko.si\/wp-content\/uploads\/2020\/10\/kajmak_WEB.png\",\"contentUrl\":\"https:\/\/www.mlekarna-krepko.si\/wp-content\/uploads\/2020\/10\/kajmak_WEB.png\",\"width\":406,\"height\":509},{\"@type\":\"BreadcrumbList\",\"@id\":\"https:\/\/www.mlekarna-krepko.si\/it\/prodotto\/kajmak-180g\/#breadcrumb\",\"itemListElement\":[{\"@type\":\"ListItem\",\"position\":1,\"name\":\"Home\",\"item\":\"https:\/\/mlekarna-krepko.si\/it\/\"},{\"@type\":\"ListItem\",\"position\":2,\"name\":\"Trgovina\",\"item\":\"https:\/\/mlekarna-krepko.si\/sl\/trgovina\/\"},{\"@type\":\"ListItem\",\"position\":3,\"name\":\"Kajmak 180g\"}]},{\"@type\":\"WebSite\",\"@id\":\"https:\/\/mlekarna-krepko.si\/it\/#website\",\"url\":\"https:\/\/mlekarna-krepko.si\/it\/\",\"name\":\"Mlekarna Krepko\",\"description\":\"\",\"publisher\":{\"@id\":\"https:\/\/mlekarna-krepko.si\/it\/#organization\"},\"potentialAction\":[{\"@type\":\"SearchAction\",\"target\":{\"@type\":\"EntryPoint\",\"urlTemplate\":\"https:\/\/mlekarna-krepko.si\/it\/?s={search_term_string}\"},\"query-input\":{\"@type\":\"PropertyValueSpecification\",\"valueRequired\":true,\"valueName\":\"search_term_string\"}}],\"inLanguage\":\"it-IT\"},{\"@type\":\"Organization\",\"@id\":\"https:\/\/mlekarna-krepko.si\/it\/#organization\",\"name\":\"Mlekarna Krepko\",\"url\":\"https:\/\/mlekarna-krepko.si\/it\/\",\"logo\":{\"@type\":\"ImageObject\",\"inLanguage\":\"it-IT\",\"@id\":\"https:\/\/mlekarna-krepko.si\/it\/#\/schema\/logo\/image\/\",\"url\":\"https:\/\/www.mlekarna-krepko.si\/wp-content\/uploads\/2020\/04\/LogoWeb_transparenten.png\",\"contentUrl\":\"https:\/\/www.mlekarna-krepko.si\/wp-content\/uploads\/2020\/04\/LogoWeb_transparenten.png\",\"width\":300,\"height\":300,\"caption\":\"Mlekarna Krepko\"},\"image\":{\"@id\":\"https:\/\/mlekarna-krepko.si\/it\/#\/schema\/logo\/image\/\"},\"sameAs\":[\"https:\/\/www.facebook.com\/mlekarna.krepko\/\",\"https:\/\/www.instagram.com\/mlekarnakrepko\/\",\"https:\/\/www.linkedin.com\/company\/mlekarna-krepko\",\"https:\/\/www.youtube.com\/channel\/UCAzec5mnRHgcj2Th3fGRtKw?view_as=subscriber\"]}]}<\/script>\n<!-- \/ Yoast SEO plugin. -->","yoast_head_json":{"title":"Kajmak 180g - Mlekarna Krepko","robots":{"index":"index","follow":"follow","max-snippet":"max-snippet:-1","max-image-preview":"max-image-preview:large","max-video-preview":"max-video-preview:-1"},"canonical":"https:\/\/www.mlekarna-krepko.si\/it\/prodotto\/kajmak-180g\/","og_locale":"it_IT","og_type":"article","og_title":"Kajmak 180g - Mlekarna Krepko","og_description":"La particolarit\u00e0 della crema Kajmak di Mlekarna Krepko \u00e8 che \u00e8 prodotta \u00a0in maniera \u00a0il tradizionale. La sua particolarit\u00e0, tra i prodotti caseari risiede nel fatto che conserva sia \u00a0le caratteristiche\u00a0 del burro che del formaggio. &nbsp; Valore nutritivo (media per 100 g) Proteine 4,6 g Carboidrati 5,6 g \u00a0 dei quali zuccheri 2,4 g Grassi 56 g \u00a0 acidi [&hellip;]","og_url":"https:\/\/www.mlekarna-krepko.si\/it\/prodotto\/kajmak-180g\/","og_site_name":"Mlekarna Krepko","article_publisher":"https:\/\/www.facebook.com\/mlekarna.krepko\/","article_modified_time":"2021-02-28T19:44:19+00:00","og_image":[{"width":406,"height":509,"url":"https:\/\/www.mlekarna-krepko.si\/wp-content\/uploads\/2020\/10\/kajmak_WEB.png","type":"image\/png"}],"twitter_card":"summary_large_image","schema":{"@context":"https:\/\/schema.org","@graph":[{"@type":"WebPage","@id":"https:\/\/www.mlekarna-krepko.si\/it\/prodotto\/kajmak-180g\/","url":"https:\/\/www.mlekarna-krepko.si\/it\/prodotto\/kajmak-180g\/","name":"Kajmak 180g - Mlekarna Krepko","isPartOf":{"@id":"https:\/\/mlekarna-krepko.si\/it\/#website"},"primaryImageOfPage":{"@id":"https:\/\/www.mlekarna-krepko.si\/it\/prodotto\/kajmak-180g\/#primaryimage"},"image":{"@id":"https:\/\/www.mlekarna-krepko.si\/it\/prodotto\/kajmak-180g\/#primaryimage"},"thumbnailUrl":"https:\/\/www.mlekarna-krepko.si\/wp-content\/uploads\/2020\/10\/kajmak_WEB.png","datePublished":"2020-11-01T21:02:43+00:00","dateModified":"2021-02-28T19:44:19+00:00","breadcrumb":{"@id":"https:\/\/www.mlekarna-krepko.si\/it\/prodotto\/kajmak-180g\/#breadcrumb"},"inLanguage":"it-IT","potentialAction":[{"@type":"ReadAction","target":["https:\/\/www.mlekarna-krepko.si\/it\/prodotto\/kajmak-180g\/"]}]},{"@type":"ImageObject","inLanguage":"it-IT","@id":"https:\/\/www.mlekarna-krepko.si\/it\/prodotto\/kajmak-180g\/#primaryimage","url":"https:\/\/www.mlekarna-krepko.si\/wp-content\/uploads\/2020\/10\/kajmak_WEB.png","contentUrl":"https:\/\/www.mlekarna-krepko.si\/wp-content\/uploads\/2020\/10\/kajmak_WEB.png","width":406,"height":509},{"@type":"BreadcrumbList","@id":"https:\/\/www.mlekarna-krepko.si\/it\/prodotto\/kajmak-180g\/#breadcrumb","itemListElement":[{"@type":"ListItem","position":1,"name":"Home","item":"https:\/\/mlekarna-krepko.si\/it\/"},{"@type":"ListItem","position":2,"name":"Trgovina","item":"https:\/\/mlekarna-krepko.si\/sl\/trgovina\/"},{"@type":"ListItem","position":3,"name":"Kajmak 180g"}]},{"@type":"WebSite","@id":"https:\/\/mlekarna-krepko.si\/it\/#website","url":"https:\/\/mlekarna-krepko.si\/it\/","name":"Mlekarna Krepko","description":"","publisher":{"@id":"https:\/\/mlekarna-krepko.si\/it\/#organization"},"potentialAction":[{"@type":"SearchAction","target":{"@type":"EntryPoint","urlTemplate":"https:\/\/mlekarna-krepko.si\/it\/?s={search_term_string}"},"query-input":{"@type":"PropertyValueSpecification","valueRequired":true,"valueName":"search_term_string"}}],"inLanguage":"it-IT"},{"@type":"Organization","@id":"https:\/\/mlekarna-krepko.si\/it\/#organization","name":"Mlekarna Krepko","url":"https:\/\/mlekarna-krepko.si\/it\/","logo":{"@type":"ImageObject","inLanguage":"it-IT","@id":"https:\/\/mlekarna-krepko.si\/it\/#\/schema\/logo\/image\/","url":"https:\/\/www.mlekarna-krepko.si\/wp-content\/uploads\/2020\/04\/LogoWeb_transparenten.png","contentUrl":"https:\/\/www.mlekarna-krepko.si\/wp-content\/uploads\/2020\/04\/LogoWeb_transparenten.png","width":300,"height":300,"caption":"Mlekarna Krepko"},"image":{"@id":"https:\/\/mlekarna-krepko.si\/it\/#\/schema\/logo\/image\/"},"sameAs":["https:\/\/www.facebook.com\/mlekarna.krepko\/","https:\/\/www.instagram.com\/mlekarnakrepko\/","https:\/\/www.linkedin.com\/company\/mlekarna-krepko","https:\/\/www.youtube.com\/channel\/UCAzec5mnRHgcj2Th3fGRtKw?view_as=subscriber"]}]}},"_links":{"self":[{"href":"https:\/\/www.mlekarna-krepko.si\/it\/wp-json\/wp\/v2\/product\/20358","targetHints":{"allow":["GET"]}}],"collection":[{"href":"https:\/\/www.mlekarna-krepko.si\/it\/wp-json\/wp\/v2\/product"}],"about":[{"href":"https:\/\/www.mlekarna-krepko.si\/it\/wp-json\/wp\/v2\/types\/product"}],"wp:featuredmedia":[{"embeddable":true,"href":"https:\/\/www.mlekarna-krepko.si\/it\/wp-json\/wp\/v2\/media\/20359"}],"wp:attachment":[{"href":"https:\/\/www.mlekarna-krepko.si\/it\/wp-json\/wp\/v2\/media?parent=20358"}],"wp:term":[{"taxonomy":"product_cat","embeddable":true,"href":"https:\/\/www.mlekarna-krepko.si\/it\/wp-json\/wp\/v2\/product_cat?post=20358"},{"taxonomy":"product_tag","embeddable":true,"href":"https:\/\/www.mlekarna-krepko.si\/it\/wp-json\/wp\/v2\/product_tag?post=20358"}],"curies":[{"name":"wp","href":"https:\/\/api.w.org\/{rel}","templated":true}]}}