{"id":24472,"date":"2023-10-19T08:40:53","date_gmt":"2023-10-19T08:40:53","guid":{"rendered":"https:\/\/www.mlekarna-krepko.si\/izdelek\/kefir-krepki-suhec-vegan-coconut-pineapple-500g\/"},"modified":"2023-11-15T12:25:56","modified_gmt":"2023-11-15T12:25:56","slug":"kefir-krepki-suhec-veganer-kefir-kokosnuss-ananas-500g","status":"publish","type":"product","link":"https:\/\/www.mlekarna-krepko.si\/de\/produkt\/kefir-krepki-suhec-veganer-kefir-kokosnuss-ananas-500g\/","title":{"rendered":"Kefir Krepki suhec Veganer Kefir &#8211; Kokosnuss-Ananas 500 g"},"content":{"rendered":"<p><strong>Der Vegane Kefir Krepki suhec mit Kokosnuss-Ananas-Geschmack <\/strong>wird aus pasteurisiertem Hafergetr\u00e4nk hergestellt und ist laktosefrei. Es handelt sich um ein fermentiertes pflanzliches Getr\u00e4nk aus veganen Kefirk\u00f6rnern und ist daher sowohl f\u00fcr Veganer als auch f\u00fcr Vegetarier geeignet. Er hat einen angenehm aromatischen Geruch und Geschmack nach\u00a0<strong>Kokosnuss und Ananas<\/strong>, beh\u00e4lt aber die samtige Frische, die f\u00fcr traditionellen Kefir charakteristisch ist. Vegane Kefirk\u00f6rner bestehen aus einer symbiotischen Mischung von Milchs\u00e4urebakterien, Hefen, Pilzen, Essigs\u00e4urebakterien und Polysacchariden, die ihren Lebensraum gegen eine pflanzliche Grundlage getauscht haben.<\/p>\n<p>Das probiotische Getr\u00e4nk enth\u00e4lt somit mehr als 30 verschiedene probiotische Mikroorganismen. Wie herk\u00f6mmlicher Kefir aus Milch hat auch dieser Kefir antibakterielle, entz\u00fcndungshemmende und antioxidative Eigenschaften, senkt den Cholesterinspiegel, kontrolliert den Glukosespiegel, reguliert den Blutdruck, bek\u00e4mpft Krebszellen und f\u00f6rdert sogar die Heilung.<\/p>\n<p><strong>Hafer<\/strong> ist ein bekanntes Vollkorn, das viele Mineralien und Vitamine (B1, B2, D und E) enth\u00e4lt. Es gilt auch als Pr\u00e4biotikum, das unsere Mikroflora n\u00e4hrt. Es beugt Verstopfung vor und sch\u00fctzt uns vor Darmkrebs.<\/p>\n<p><em>Die Darmgesundheit ist von entscheidender Bedeutung und kann sowohl den K\u00f6rper als auch das Gehirn beeinflussen.<\/em><\/p>\n<p>&nbsp;<\/p>\n<table width=\"321\">\n<tbody>\n<tr>\n<td colspan=\"2\" width=\"321\">DURCHSCHNITTLICHER N\u00c4HRWERT pro 100 g<\/td>\n<\/tr>\n<tr>\n<td width=\"206\">Energiewert<\/td>\n<td width=\"115\">272 kJ \/64 kcal<\/td>\n<\/tr>\n<tr>\n<td width=\"206\">Fett<\/td>\n<td width=\"115\">1,4 g<\/td>\n<\/tr>\n<tr>\n<td width=\"206\">davon ges\u00e4ttigte Fetts\u00e4uren<\/td>\n<td width=\"115\">0,3 g<\/td>\n<\/tr>\n<tr>\n<td width=\"206\">Kohlenhydrate<\/td>\n<td width=\"115\">12,3 g<\/td>\n<\/tr>\n<tr>\n<td width=\"206\">davon Zucker<\/td>\n<td width=\"115\">9,2 g<\/td>\n<\/tr>\n<tr>\n<td width=\"206\">Eiwei\u00df<\/td>\n<td width=\"115\">0,6 g<\/td>\n<\/tr>\n<tr>\n<td width=\"206\">Salz**<\/td>\n<td width=\"115\">0,08 g<\/td>\n<\/tr>\n<\/tbody>\n<\/table>\n<p>&nbsp;<\/p>\n<p>&nbsp;<\/p>\n","protected":false},"excerpt":{"rendered":"<p>Der Vegane Kefir Krepki suhec mit Kokosnuss-Ananas-Geschmack wird aus pasteurisiertem Hafergetr\u00e4nk hergestellt und ist laktosefrei. Es handelt sich um ein fermentiertes pflanzliches Getr\u00e4nk aus veganen Kefirk\u00f6rnern und ist daher sowohl f\u00fcr Veganer als auch f\u00fcr Vegetarier geeignet. Er hat einen angenehm aromatischen Geruch und Geschmack nach\u00a0Kokosnuss und Ananas, beh\u00e4lt aber die samtige Frische, die f\u00fcr traditionellen Kefir charakteristisch ist. Vegane [&hellip;]<\/p>\n","protected":false},"featured_media":24745,"template":"","meta":{"_acf_changed":false},"product_cat":[198],"product_tag":[297,249,212,296,298,299,246,245,244,294,295,259],"class_list":{"0":"post-24472","1":"product","2":"type-product","3":"status-publish","4":"has-post-thumbnail","6":"product_cat-kefirji-krepko-de","7":"product_tag-ananas","8":"product_tag-brez-laktoze","9":"product_tag-kefir","10":"product_tag-kokos","11":"product_tag-oves","12":"product_tag-ovseno-mleko","13":"product_tag-prebava","14":"product_tag-prebiotik","15":"product_tag-probiotik","16":"product_tag-vegansko","17":"product_tag-vegetarijansko","18":"product_tag-zdravje","20":"first","21":"instock","22":"taxable","23":"shipping-taxable","24":"product-type-simple"},"acf":[],"yoast_head":"<!-- This site is optimized with the Yoast SEO plugin v27.4 - https:\/\/yoast.com\/product\/yoast-seo-wordpress\/ -->\n<title>Kefir Krepki suhec Veganer Kefir - Kokosnuss-Ananas 500 g - Mlekarna Krepko<\/title>\n<meta name=\"description\" content=\"Der Vegane Kefir Krepki suhec mit Kokosnuss-Ananas-Geschmack wird aus pasteurisiertem Hafergetr\u00e4nk hergestellt und ist laktosefrei. Es handelt sich um...\" \/>\n<meta name=\"robots\" content=\"index, follow, max-snippet:-1, max-image-preview:large, max-video-preview:-1\" \/>\n<link rel=\"canonical\" href=\"https:\/\/www.mlekarna-krepko.si\/de\/produkt\/kefir-krepki-suhec-veganer-kefir-kokosnuss-ananas-500g\/\" \/>\n<meta property=\"og:locale\" content=\"de_DE\" \/>\n<meta property=\"og:type\" content=\"article\" \/>\n<meta property=\"og:title\" content=\"Kefir Krepki suhec Veganer Kefir - Kokosnuss-Ananas 500 g - Mlekarna Krepko\" \/>\n<meta property=\"og:description\" content=\"Der Vegane Kefir Krepki suhec mit Kokosnuss-Ananas-Geschmack wird aus pasteurisiertem Hafergetr\u00e4nk hergestellt und ist laktosefrei. Es handelt sich um...\" \/>\n<meta property=\"og:url\" content=\"https:\/\/www.mlekarna-krepko.si\/de\/produkt\/kefir-krepki-suhec-veganer-kefir-kokosnuss-ananas-500g\/\" \/>\n<meta property=\"og:site_name\" content=\"Mlekarna Krepko\" \/>\n<meta property=\"article:publisher\" content=\"https:\/\/www.facebook.com\/mlekarna.krepko\/\" \/>\n<meta property=\"article:modified_time\" content=\"2023-11-15T12:25:56+00:00\" \/>\n<meta property=\"og:image\" content=\"https:\/\/www.mlekarna-krepko.si\/wp-content\/uploads\/2023\/10\/KEFYA_veganski_kefir_500g-web.jpg\" \/>\n\t<meta property=\"og:image:width\" content=\"640\" \/>\n\t<meta property=\"og:image:height\" content=\"802\" \/>\n\t<meta property=\"og:image:type\" content=\"image\/jpeg\" \/>\n<meta name=\"twitter:card\" content=\"summary_large_image\" \/>\n<meta name=\"twitter:label1\" content=\"Gesch\u00e4tzte Lesezeit\" \/>\n\t<meta name=\"twitter:data1\" content=\"2 Minuten\" \/>\n<script type=\"application\/ld+json\" class=\"yoast-schema-graph\">{\"@context\":\"https:\\\/\\\/schema.org\",\"@graph\":[{\"@type\":\"WebPage\",\"@id\":\"https:\\\/\\\/www.mlekarna-krepko.si\\\/de\\\/produkt\\\/kefir-krepki-suhec-veganer-kefir-kokosnuss-ananas-500g\\\/\",\"url\":\"https:\\\/\\\/www.mlekarna-krepko.si\\\/de\\\/produkt\\\/kefir-krepki-suhec-veganer-kefir-kokosnuss-ananas-500g\\\/\",\"name\":\"Kefir Krepki suhec Veganer Kefir - Kokosnuss-Ananas 500 g - Mlekarna Krepko\",\"isPartOf\":{\"@id\":\"https:\\\/\\\/mlekarna-krepko.si\\\/sl\\\/#website\"},\"primaryImageOfPage\":{\"@id\":\"https:\\\/\\\/www.mlekarna-krepko.si\\\/de\\\/produkt\\\/kefir-krepki-suhec-veganer-kefir-kokosnuss-ananas-500g\\\/#primaryimage\"},\"image\":{\"@id\":\"https:\\\/\\\/www.mlekarna-krepko.si\\\/de\\\/produkt\\\/kefir-krepki-suhec-veganer-kefir-kokosnuss-ananas-500g\\\/#primaryimage\"},\"thumbnailUrl\":\"https:\\\/\\\/www.mlekarna-krepko.si\\\/wp-content\\\/uploads\\\/2023\\\/10\\\/KEFYA_veganski_kefir_500g-web.jpg\",\"datePublished\":\"2023-10-19T08:40:53+00:00\",\"dateModified\":\"2023-11-15T12:25:56+00:00\",\"description\":\"Der Vegane Kefir Krepki suhec mit Kokosnuss-Ananas-Geschmack wird aus pasteurisiertem Hafergetr\u00e4nk hergestellt und ist laktosefrei. Es handelt sich um...\",\"breadcrumb\":{\"@id\":\"https:\\\/\\\/www.mlekarna-krepko.si\\\/de\\\/produkt\\\/kefir-krepki-suhec-veganer-kefir-kokosnuss-ananas-500g\\\/#breadcrumb\"},\"inLanguage\":\"de-DE\",\"potentialAction\":[{\"@type\":\"ReadAction\",\"target\":[\"https:\\\/\\\/www.mlekarna-krepko.si\\\/de\\\/produkt\\\/kefir-krepki-suhec-veganer-kefir-kokosnuss-ananas-500g\\\/\"]}]},{\"@type\":\"ImageObject\",\"inLanguage\":\"de-DE\",\"@id\":\"https:\\\/\\\/www.mlekarna-krepko.si\\\/de\\\/produkt\\\/kefir-krepki-suhec-veganer-kefir-kokosnuss-ananas-500g\\\/#primaryimage\",\"url\":\"https:\\\/\\\/www.mlekarna-krepko.si\\\/wp-content\\\/uploads\\\/2023\\\/10\\\/KEFYA_veganski_kefir_500g-web.jpg\",\"contentUrl\":\"https:\\\/\\\/www.mlekarna-krepko.si\\\/wp-content\\\/uploads\\\/2023\\\/10\\\/KEFYA_veganski_kefir_500g-web.jpg\",\"width\":640,\"height\":802},{\"@type\":\"BreadcrumbList\",\"@id\":\"https:\\\/\\\/www.mlekarna-krepko.si\\\/de\\\/produkt\\\/kefir-krepki-suhec-veganer-kefir-kokosnuss-ananas-500g\\\/#breadcrumb\",\"itemListElement\":[{\"@type\":\"ListItem\",\"position\":1,\"name\":\"Home\",\"item\":\"https:\\\/\\\/mlekarna-krepko.si\\\/de\\\/\"},{\"@type\":\"ListItem\",\"position\":2,\"name\":\"Trgovina\",\"item\":\"https:\\\/\\\/www.mlekarna-krepko.si\\\/sl\\\/trgovina\\\/\"},{\"@type\":\"ListItem\",\"position\":3,\"name\":\"Kefir Krepki suhec Veganer Kefir &#8211; Kokosnuss-Ananas 500 g\"}]},{\"@type\":\"WebSite\",\"@id\":\"https:\\\/\\\/mlekarna-krepko.si\\\/sl\\\/#website\",\"url\":\"https:\\\/\\\/mlekarna-krepko.si\\\/sl\\\/\",\"name\":\"Mlekarna Krepko\",\"description\":\"\",\"publisher\":{\"@id\":\"https:\\\/\\\/mlekarna-krepko.si\\\/sl\\\/#organization\"},\"potentialAction\":[{\"@type\":\"SearchAction\",\"target\":{\"@type\":\"EntryPoint\",\"urlTemplate\":\"https:\\\/\\\/mlekarna-krepko.si\\\/sl\\\/?s={search_term_string}\"},\"query-input\":{\"@type\":\"PropertyValueSpecification\",\"valueRequired\":true,\"valueName\":\"search_term_string\"}}],\"inLanguage\":\"de-DE\"},{\"@type\":\"Organization\",\"@id\":\"https:\\\/\\\/mlekarna-krepko.si\\\/sl\\\/#organization\",\"name\":\"Mlekarna Krepko\",\"url\":\"https:\\\/\\\/mlekarna-krepko.si\\\/sl\\\/\",\"logo\":{\"@type\":\"ImageObject\",\"inLanguage\":\"de-DE\",\"@id\":\"https:\\\/\\\/mlekarna-krepko.si\\\/sl\\\/#\\\/schema\\\/logo\\\/image\\\/\",\"url\":\"https:\\\/\\\/www.mlekarna-krepko.si\\\/wp-content\\\/uploads\\\/2020\\\/04\\\/LogoWeb_transparenten.png\",\"contentUrl\":\"https:\\\/\\\/www.mlekarna-krepko.si\\\/wp-content\\\/uploads\\\/2020\\\/04\\\/LogoWeb_transparenten.png\",\"width\":300,\"height\":300,\"caption\":\"Mlekarna Krepko\"},\"image\":{\"@id\":\"https:\\\/\\\/mlekarna-krepko.si\\\/sl\\\/#\\\/schema\\\/logo\\\/image\\\/\"},\"sameAs\":[\"https:\\\/\\\/www.facebook.com\\\/mlekarna.krepko\\\/\",\"https:\\\/\\\/www.instagram.com\\\/mlekarnakrepko\\\/\",\"https:\\\/\\\/www.linkedin.com\\\/company\\\/mlekarna-krepko\",\"https:\\\/\\\/www.youtube.com\\\/channel\\\/UCAzec5mnRHgcj2Th3fGRtKw?view_as=subscriber\"]}]}<\/script>\n<!-- \/ Yoast SEO plugin. -->","yoast_head_json":{"title":"Kefir Krepki suhec Veganer Kefir - Kokosnuss-Ananas 500 g - Mlekarna Krepko","description":"Der Vegane Kefir Krepki suhec mit Kokosnuss-Ananas-Geschmack wird aus pasteurisiertem Hafergetr\u00e4nk hergestellt und ist laktosefrei. Es handelt sich um...","robots":{"index":"index","follow":"follow","max-snippet":"max-snippet:-1","max-image-preview":"max-image-preview:large","max-video-preview":"max-video-preview:-1"},"canonical":"https:\/\/www.mlekarna-krepko.si\/de\/produkt\/kefir-krepki-suhec-veganer-kefir-kokosnuss-ananas-500g\/","og_locale":"de_DE","og_type":"article","og_title":"Kefir Krepki suhec Veganer Kefir - Kokosnuss-Ananas 500 g - Mlekarna Krepko","og_description":"Der Vegane Kefir Krepki suhec mit Kokosnuss-Ananas-Geschmack wird aus pasteurisiertem Hafergetr\u00e4nk hergestellt und ist laktosefrei. Es handelt sich um...","og_url":"https:\/\/www.mlekarna-krepko.si\/de\/produkt\/kefir-krepki-suhec-veganer-kefir-kokosnuss-ananas-500g\/","og_site_name":"Mlekarna Krepko","article_publisher":"https:\/\/www.facebook.com\/mlekarna.krepko\/","article_modified_time":"2023-11-15T12:25:56+00:00","og_image":[{"width":640,"height":802,"url":"https:\/\/www.mlekarna-krepko.si\/wp-content\/uploads\/2023\/10\/KEFYA_veganski_kefir_500g-web.jpg","type":"image\/jpeg"}],"twitter_card":"summary_large_image","twitter_misc":{"Gesch\u00e4tzte Lesezeit":"2 Minuten"},"schema":{"@context":"https:\/\/schema.org","@graph":[{"@type":"WebPage","@id":"https:\/\/www.mlekarna-krepko.si\/de\/produkt\/kefir-krepki-suhec-veganer-kefir-kokosnuss-ananas-500g\/","url":"https:\/\/www.mlekarna-krepko.si\/de\/produkt\/kefir-krepki-suhec-veganer-kefir-kokosnuss-ananas-500g\/","name":"Kefir Krepki suhec Veganer Kefir - Kokosnuss-Ananas 500 g - Mlekarna Krepko","isPartOf":{"@id":"https:\/\/mlekarna-krepko.si\/sl\/#website"},"primaryImageOfPage":{"@id":"https:\/\/www.mlekarna-krepko.si\/de\/produkt\/kefir-krepki-suhec-veganer-kefir-kokosnuss-ananas-500g\/#primaryimage"},"image":{"@id":"https:\/\/www.mlekarna-krepko.si\/de\/produkt\/kefir-krepki-suhec-veganer-kefir-kokosnuss-ananas-500g\/#primaryimage"},"thumbnailUrl":"https:\/\/www.mlekarna-krepko.si\/wp-content\/uploads\/2023\/10\/KEFYA_veganski_kefir_500g-web.jpg","datePublished":"2023-10-19T08:40:53+00:00","dateModified":"2023-11-15T12:25:56+00:00","description":"Der Vegane Kefir Krepki suhec mit Kokosnuss-Ananas-Geschmack wird aus pasteurisiertem Hafergetr\u00e4nk hergestellt und ist laktosefrei. Es handelt sich um...","breadcrumb":{"@id":"https:\/\/www.mlekarna-krepko.si\/de\/produkt\/kefir-krepki-suhec-veganer-kefir-kokosnuss-ananas-500g\/#breadcrumb"},"inLanguage":"de-DE","potentialAction":[{"@type":"ReadAction","target":["https:\/\/www.mlekarna-krepko.si\/de\/produkt\/kefir-krepki-suhec-veganer-kefir-kokosnuss-ananas-500g\/"]}]},{"@type":"ImageObject","inLanguage":"de-DE","@id":"https:\/\/www.mlekarna-krepko.si\/de\/produkt\/kefir-krepki-suhec-veganer-kefir-kokosnuss-ananas-500g\/#primaryimage","url":"https:\/\/www.mlekarna-krepko.si\/wp-content\/uploads\/2023\/10\/KEFYA_veganski_kefir_500g-web.jpg","contentUrl":"https:\/\/www.mlekarna-krepko.si\/wp-content\/uploads\/2023\/10\/KEFYA_veganski_kefir_500g-web.jpg","width":640,"height":802},{"@type":"BreadcrumbList","@id":"https:\/\/www.mlekarna-krepko.si\/de\/produkt\/kefir-krepki-suhec-veganer-kefir-kokosnuss-ananas-500g\/#breadcrumb","itemListElement":[{"@type":"ListItem","position":1,"name":"Home","item":"https:\/\/mlekarna-krepko.si\/de\/"},{"@type":"ListItem","position":2,"name":"Trgovina","item":"https:\/\/www.mlekarna-krepko.si\/sl\/trgovina\/"},{"@type":"ListItem","position":3,"name":"Kefir Krepki suhec Veganer Kefir &#8211; Kokosnuss-Ananas 500 g"}]},{"@type":"WebSite","@id":"https:\/\/mlekarna-krepko.si\/sl\/#website","url":"https:\/\/mlekarna-krepko.si\/sl\/","name":"Mlekarna Krepko","description":"","publisher":{"@id":"https:\/\/mlekarna-krepko.si\/sl\/#organization"},"potentialAction":[{"@type":"SearchAction","target":{"@type":"EntryPoint","urlTemplate":"https:\/\/mlekarna-krepko.si\/sl\/?s={search_term_string}"},"query-input":{"@type":"PropertyValueSpecification","valueRequired":true,"valueName":"search_term_string"}}],"inLanguage":"de-DE"},{"@type":"Organization","@id":"https:\/\/mlekarna-krepko.si\/sl\/#organization","name":"Mlekarna Krepko","url":"https:\/\/mlekarna-krepko.si\/sl\/","logo":{"@type":"ImageObject","inLanguage":"de-DE","@id":"https:\/\/mlekarna-krepko.si\/sl\/#\/schema\/logo\/image\/","url":"https:\/\/www.mlekarna-krepko.si\/wp-content\/uploads\/2020\/04\/LogoWeb_transparenten.png","contentUrl":"https:\/\/www.mlekarna-krepko.si\/wp-content\/uploads\/2020\/04\/LogoWeb_transparenten.png","width":300,"height":300,"caption":"Mlekarna Krepko"},"image":{"@id":"https:\/\/mlekarna-krepko.si\/sl\/#\/schema\/logo\/image\/"},"sameAs":["https:\/\/www.facebook.com\/mlekarna.krepko\/","https:\/\/www.instagram.com\/mlekarnakrepko\/","https:\/\/www.linkedin.com\/company\/mlekarna-krepko","https:\/\/www.youtube.com\/channel\/UCAzec5mnRHgcj2Th3fGRtKw?view_as=subscriber"]}]}},"_links":{"self":[{"href":"https:\/\/www.mlekarna-krepko.si\/de\/wp-json\/wp\/v2\/product\/24472","targetHints":{"allow":["GET"]}}],"collection":[{"href":"https:\/\/www.mlekarna-krepko.si\/de\/wp-json\/wp\/v2\/product"}],"about":[{"href":"https:\/\/www.mlekarna-krepko.si\/de\/wp-json\/wp\/v2\/types\/product"}],"wp:featuredmedia":[{"embeddable":true,"href":"https:\/\/www.mlekarna-krepko.si\/de\/wp-json\/wp\/v2\/media\/24745"}],"wp:attachment":[{"href":"https:\/\/www.mlekarna-krepko.si\/de\/wp-json\/wp\/v2\/media?parent=24472"}],"wp:term":[{"taxonomy":"product_cat","embeddable":true,"href":"https:\/\/www.mlekarna-krepko.si\/de\/wp-json\/wp\/v2\/product_cat?post=24472"},{"taxonomy":"product_tag","embeddable":true,"href":"https:\/\/www.mlekarna-krepko.si\/de\/wp-json\/wp\/v2\/product_tag?post=24472"}],"curies":[{"name":"wp","href":"https:\/\/api.w.org\/{rel}","templated":true}]}}