{"id":22361,"date":"2021-12-11T19:48:00","date_gmt":"2021-12-11T19:48:00","guid":{"rendered":"https:\/\/www.mlekarna-krepko.si\/?post_type=product&#038;p=22361"},"modified":"2021-12-11T19:48:00","modified_gmt":"2021-12-11T19:48:00","slug":"bio-kefir-krepki-suhec-banane-15-milchfett-250g","status":"publish","type":"product","link":"https:\/\/www.mlekarna-krepko.si\/de\/produkt\/bio-kefir-krepki-suhec-banane-15-milchfett-250g\/","title":{"rendered":"Bio Kefir Krepki suhec Banane 1,5% Milchfett 250g"},"content":{"rendered":"<p>Bio Kefir Krepki suhec mit 1,5 % Milchfett mit Bananengeschmack wird aus slowenischer biologischer, pasteurisierter und nicht homogenisierter Milch hergestellt. Die Grundlage stellt der traditionelle Bio Kefir Krepki suhec mit 1,5 % Milchfett dar, dem 10 % biologisch erzeugtes Bananenp\u00fcree hinzugef\u00fcgt wird. Es ist das Beste, was den Kindern angeboten werden kann, da darin keine Pestizide, Hormone und Antibiotika enthalten sind. Aufgrund seines fruchtigen Geschmacks ist er bei Kindern sehr beliebt. Da er aus nicht homogenisierter Milch hergestellt wird, wird Kalzium leichter vom K\u00f6rper aufgenommen.<\/p>\n<p>&nbsp;<\/p>\n<table border=\"1\" cellspacing=\"0\" cellpadding=\"0\">\n<tbody>\n<tr>\n<td style=\"width: 349px;\" colspan=\"2\">\n<p align=\"center\"><span style=\"color: #ff0000;\"><strong>N\u00e4hrwert (durchschnittlich in 100 g)<\/strong><\/span><\/p>\n<\/td>\n<\/tr>\n<tr>\n<td style=\"width: 245px;\">Eiwei\u00df<\/td>\n<td style=\"width: 104px;\">3,2 g<\/td>\n<\/tr>\n<tr>\n<td style=\"width: 245px;\">Kohlenhydrate<\/td>\n<td style=\"width: 104px;\">9,4 g<\/td>\n<\/tr>\n<tr>\n<td style=\"width: 245px;\">\u00a0 Davon Zucker*<\/td>\n<td style=\"width: 104px;\">7,8 g<\/td>\n<\/tr>\n<tr>\n<td style=\"width: 245px;\">Fett<\/td>\n<td style=\"width: 104px;\">1,5 g<\/td>\n<\/tr>\n<tr>\n<td style=\"width: 245px;\">\u00a0 \u00a0 Ges\u00e4ttigte Fetts\u00e4uren<\/td>\n<td style=\"width: 104px;\">1,0 g<\/td>\n<\/tr>\n<tr>\n<td style=\"width: 245px;\">Ballaststoffe<\/td>\n<td style=\"width: 104px;\">0 g<\/td>\n<\/tr>\n<tr>\n<td style=\"width: 245px;\">Salz (nat\u00fcrlich vorhanden)**<\/td>\n<td style=\"width: 104px;\">0,1 g<\/td>\n<\/tr>\n<tr>\n<td style=\"width: 245px;\">Energiewert<\/td>\n<td style=\"width: 104px;\">270 kJ\/64 kcal<\/td>\n<\/tr>\n<\/tbody>\n<\/table>\n<p>*\u00a0 \u00a0 Allergene: Milch<br \/>\n**\u00a0 Ohne Zuckerzusatz<br \/>\n*** Der Salzgehalt ist ausschlie\u00dflich auf nat\u00fcrlich vorkommendes Natrium zur\u00fcckzuf\u00fchren.<\/p>\n","protected":false},"excerpt":{"rendered":"<p>Bio Kefir Krepki suhec mit 1,5 % Milchfett mit Bananengeschmack wird aus slowenischer biologischer, pasteurisierter und nicht homogenisierter Milch hergestellt. Die Grundlage stellt der traditionelle Bio Kefir Krepki suhec mit 1,5 % Milchfett dar, dem 10 % biologisch erzeugtes Bananenp\u00fcree hinzugef\u00fcgt wird. Es ist das Beste, was den Kindern angeboten werden kann, da darin keine Pestizide, Hormone und Antibiotika enthalten [&hellip;]<\/p>\n","protected":false},"featured_media":16139,"template":"","meta":{"_acf_changed":false},"product_cat":[200],"product_tag":[],"class_list":{"0":"post-22361","1":"product","2":"type-product","3":"status-publish","4":"has-post-thumbnail","6":"product_cat-milchprodukte","8":"first","9":"instock","10":"taxable","11":"shipping-taxable","12":"product-type-simple"},"acf":[],"yoast_head":"<!-- This site is optimized with the Yoast SEO plugin v27.4 - https:\/\/yoast.com\/product\/yoast-seo-wordpress\/ -->\n<title>Bio Kefir Krepki suhec Banane 1,5% Milchfett 250g - Mlekarna Krepko<\/title>\n<meta name=\"robots\" content=\"index, follow, max-snippet:-1, max-image-preview:large, max-video-preview:-1\" \/>\n<link rel=\"canonical\" href=\"https:\/\/mlekarna-krepko.si\/de\/produkt\/bio-kefir-krepki-suhec-banane-15-milchfett-250g\/\" \/>\n<meta property=\"og:locale\" content=\"de_DE\" \/>\n<meta property=\"og:type\" content=\"article\" \/>\n<meta property=\"og:title\" content=\"Bio Kefir Krepki suhec Banane 1,5% Milchfett 250g - Mlekarna Krepko\" \/>\n<meta property=\"og:description\" content=\"Bio Kefir Krepki suhec mit 1,5 % Milchfett mit Bananengeschmack wird aus slowenischer biologischer, pasteurisierter und nicht homogenisierter Milch hergestellt. Die Grundlage stellt der traditionelle Bio Kefir Krepki suhec mit 1,5 % Milchfett dar, dem 10 % biologisch erzeugtes Bananenp\u00fcree hinzugef\u00fcgt wird. Es ist das Beste, was den Kindern angeboten werden kann, da darin keine Pestizide, Hormone und Antibiotika enthalten [&hellip;]\" \/>\n<meta property=\"og:url\" content=\"https:\/\/mlekarna-krepko.si\/de\/produkt\/bio-kefir-krepki-suhec-banane-15-milchfett-250g\/\" \/>\n<meta property=\"og:site_name\" content=\"Mlekarna Krepko\" \/>\n<meta property=\"article:publisher\" content=\"https:\/\/www.facebook.com\/mlekarna.krepko\/\" \/>\n<meta property=\"og:image\" content=\"https:\/\/mlekarna-krepko.si\/wp-content\/uploads\/2019\/08\/Bio_Kefir_KrepkiSuhec_250g_Banana.jpg\" \/>\n\t<meta property=\"og:image:width\" content=\"640\" \/>\n\t<meta property=\"og:image:height\" content=\"802\" \/>\n\t<meta property=\"og:image:type\" content=\"image\/jpeg\" \/>\n<meta name=\"twitter:card\" content=\"summary_large_image\" \/>\n<meta name=\"twitter:label1\" content=\"Gesch\u00e4tzte Lesezeit\" \/>\n\t<meta name=\"twitter:data1\" content=\"1 Minute\" \/>\n<script type=\"application\/ld+json\" class=\"yoast-schema-graph\">{\"@context\":\"https:\\\/\\\/schema.org\",\"@graph\":[{\"@type\":\"WebPage\",\"@id\":\"https:\\\/\\\/mlekarna-krepko.si\\\/de\\\/produkt\\\/bio-kefir-krepki-suhec-banane-15-milchfett-250g\\\/\",\"url\":\"https:\\\/\\\/mlekarna-krepko.si\\\/de\\\/produkt\\\/bio-kefir-krepki-suhec-banane-15-milchfett-250g\\\/\",\"name\":\"Bio Kefir Krepki suhec Banane 1,5% Milchfett 250g - Mlekarna Krepko\",\"isPartOf\":{\"@id\":\"https:\\\/\\\/mlekarna-krepko.si\\\/sl\\\/#website\"},\"primaryImageOfPage\":{\"@id\":\"https:\\\/\\\/mlekarna-krepko.si\\\/de\\\/produkt\\\/bio-kefir-krepki-suhec-banane-15-milchfett-250g\\\/#primaryimage\"},\"image\":{\"@id\":\"https:\\\/\\\/mlekarna-krepko.si\\\/de\\\/produkt\\\/bio-kefir-krepki-suhec-banane-15-milchfett-250g\\\/#primaryimage\"},\"thumbnailUrl\":\"https:\\\/\\\/www.mlekarna-krepko.si\\\/wp-content\\\/uploads\\\/2019\\\/08\\\/Bio_Kefir_KrepkiSuhec_250g_Banana.jpg\",\"datePublished\":\"2021-12-11T19:48:00+00:00\",\"breadcrumb\":{\"@id\":\"https:\\\/\\\/mlekarna-krepko.si\\\/de\\\/produkt\\\/bio-kefir-krepki-suhec-banane-15-milchfett-250g\\\/#breadcrumb\"},\"inLanguage\":\"de-DE\",\"potentialAction\":[{\"@type\":\"ReadAction\",\"target\":[\"https:\\\/\\\/mlekarna-krepko.si\\\/de\\\/produkt\\\/bio-kefir-krepki-suhec-banane-15-milchfett-250g\\\/\"]}]},{\"@type\":\"ImageObject\",\"inLanguage\":\"de-DE\",\"@id\":\"https:\\\/\\\/mlekarna-krepko.si\\\/de\\\/produkt\\\/bio-kefir-krepki-suhec-banane-15-milchfett-250g\\\/#primaryimage\",\"url\":\"https:\\\/\\\/www.mlekarna-krepko.si\\\/wp-content\\\/uploads\\\/2019\\\/08\\\/Bio_Kefir_KrepkiSuhec_250g_Banana.jpg\",\"contentUrl\":\"https:\\\/\\\/www.mlekarna-krepko.si\\\/wp-content\\\/uploads\\\/2019\\\/08\\\/Bio_Kefir_KrepkiSuhec_250g_Banana.jpg\",\"width\":640,\"height\":802},{\"@type\":\"BreadcrumbList\",\"@id\":\"https:\\\/\\\/mlekarna-krepko.si\\\/de\\\/produkt\\\/bio-kefir-krepki-suhec-banane-15-milchfett-250g\\\/#breadcrumb\",\"itemListElement\":[{\"@type\":\"ListItem\",\"position\":1,\"name\":\"Home\",\"item\":\"https:\\\/\\\/mlekarna-krepko.si\\\/de\\\/\"},{\"@type\":\"ListItem\",\"position\":2,\"name\":\"Trgovina\",\"item\":\"https:\\\/\\\/www.mlekarna-krepko.si\\\/sl\\\/trgovina\\\/\"},{\"@type\":\"ListItem\",\"position\":3,\"name\":\"Bio Kefir Krepki suhec Banane 1,5% Milchfett 250g\"}]},{\"@type\":\"WebSite\",\"@id\":\"https:\\\/\\\/mlekarna-krepko.si\\\/sl\\\/#website\",\"url\":\"https:\\\/\\\/mlekarna-krepko.si\\\/sl\\\/\",\"name\":\"Mlekarna Krepko\",\"description\":\"\",\"publisher\":{\"@id\":\"https:\\\/\\\/mlekarna-krepko.si\\\/sl\\\/#organization\"},\"potentialAction\":[{\"@type\":\"SearchAction\",\"target\":{\"@type\":\"EntryPoint\",\"urlTemplate\":\"https:\\\/\\\/mlekarna-krepko.si\\\/sl\\\/?s={search_term_string}\"},\"query-input\":{\"@type\":\"PropertyValueSpecification\",\"valueRequired\":true,\"valueName\":\"search_term_string\"}}],\"inLanguage\":\"de-DE\"},{\"@type\":\"Organization\",\"@id\":\"https:\\\/\\\/mlekarna-krepko.si\\\/sl\\\/#organization\",\"name\":\"Mlekarna Krepko\",\"url\":\"https:\\\/\\\/mlekarna-krepko.si\\\/sl\\\/\",\"logo\":{\"@type\":\"ImageObject\",\"inLanguage\":\"de-DE\",\"@id\":\"https:\\\/\\\/mlekarna-krepko.si\\\/sl\\\/#\\\/schema\\\/logo\\\/image\\\/\",\"url\":\"https:\\\/\\\/www.mlekarna-krepko.si\\\/wp-content\\\/uploads\\\/2020\\\/04\\\/LogoWeb_transparenten.png\",\"contentUrl\":\"https:\\\/\\\/www.mlekarna-krepko.si\\\/wp-content\\\/uploads\\\/2020\\\/04\\\/LogoWeb_transparenten.png\",\"width\":300,\"height\":300,\"caption\":\"Mlekarna Krepko\"},\"image\":{\"@id\":\"https:\\\/\\\/mlekarna-krepko.si\\\/sl\\\/#\\\/schema\\\/logo\\\/image\\\/\"},\"sameAs\":[\"https:\\\/\\\/www.facebook.com\\\/mlekarna.krepko\\\/\",\"https:\\\/\\\/www.instagram.com\\\/mlekarnakrepko\\\/\",\"https:\\\/\\\/www.linkedin.com\\\/company\\\/mlekarna-krepko\",\"https:\\\/\\\/www.youtube.com\\\/channel\\\/UCAzec5mnRHgcj2Th3fGRtKw?view_as=subscriber\"]}]}<\/script>\n<!-- \/ Yoast SEO plugin. -->","yoast_head_json":{"title":"Bio Kefir Krepki suhec Banane 1,5% Milchfett 250g - Mlekarna Krepko","robots":{"index":"index","follow":"follow","max-snippet":"max-snippet:-1","max-image-preview":"max-image-preview:large","max-video-preview":"max-video-preview:-1"},"canonical":"https:\/\/mlekarna-krepko.si\/de\/produkt\/bio-kefir-krepki-suhec-banane-15-milchfett-250g\/","og_locale":"de_DE","og_type":"article","og_title":"Bio Kefir Krepki suhec Banane 1,5% Milchfett 250g - Mlekarna Krepko","og_description":"Bio Kefir Krepki suhec mit 1,5 % Milchfett mit Bananengeschmack wird aus slowenischer biologischer, pasteurisierter und nicht homogenisierter Milch hergestellt. Die Grundlage stellt der traditionelle Bio Kefir Krepki suhec mit 1,5 % Milchfett dar, dem 10 % biologisch erzeugtes Bananenp\u00fcree hinzugef\u00fcgt wird. Es ist das Beste, was den Kindern angeboten werden kann, da darin keine Pestizide, Hormone und Antibiotika enthalten [&hellip;]","og_url":"https:\/\/mlekarna-krepko.si\/de\/produkt\/bio-kefir-krepki-suhec-banane-15-milchfett-250g\/","og_site_name":"Mlekarna Krepko","article_publisher":"https:\/\/www.facebook.com\/mlekarna.krepko\/","og_image":[{"width":640,"height":802,"url":"https:\/\/mlekarna-krepko.si\/wp-content\/uploads\/2019\/08\/Bio_Kefir_KrepkiSuhec_250g_Banana.jpg","type":"image\/jpeg"}],"twitter_card":"summary_large_image","twitter_misc":{"Gesch\u00e4tzte Lesezeit":"1 Minute"},"schema":{"@context":"https:\/\/schema.org","@graph":[{"@type":"WebPage","@id":"https:\/\/mlekarna-krepko.si\/de\/produkt\/bio-kefir-krepki-suhec-banane-15-milchfett-250g\/","url":"https:\/\/mlekarna-krepko.si\/de\/produkt\/bio-kefir-krepki-suhec-banane-15-milchfett-250g\/","name":"Bio Kefir Krepki suhec Banane 1,5% Milchfett 250g - Mlekarna Krepko","isPartOf":{"@id":"https:\/\/mlekarna-krepko.si\/sl\/#website"},"primaryImageOfPage":{"@id":"https:\/\/mlekarna-krepko.si\/de\/produkt\/bio-kefir-krepki-suhec-banane-15-milchfett-250g\/#primaryimage"},"image":{"@id":"https:\/\/mlekarna-krepko.si\/de\/produkt\/bio-kefir-krepki-suhec-banane-15-milchfett-250g\/#primaryimage"},"thumbnailUrl":"https:\/\/www.mlekarna-krepko.si\/wp-content\/uploads\/2019\/08\/Bio_Kefir_KrepkiSuhec_250g_Banana.jpg","datePublished":"2021-12-11T19:48:00+00:00","breadcrumb":{"@id":"https:\/\/mlekarna-krepko.si\/de\/produkt\/bio-kefir-krepki-suhec-banane-15-milchfett-250g\/#breadcrumb"},"inLanguage":"de-DE","potentialAction":[{"@type":"ReadAction","target":["https:\/\/mlekarna-krepko.si\/de\/produkt\/bio-kefir-krepki-suhec-banane-15-milchfett-250g\/"]}]},{"@type":"ImageObject","inLanguage":"de-DE","@id":"https:\/\/mlekarna-krepko.si\/de\/produkt\/bio-kefir-krepki-suhec-banane-15-milchfett-250g\/#primaryimage","url":"https:\/\/www.mlekarna-krepko.si\/wp-content\/uploads\/2019\/08\/Bio_Kefir_KrepkiSuhec_250g_Banana.jpg","contentUrl":"https:\/\/www.mlekarna-krepko.si\/wp-content\/uploads\/2019\/08\/Bio_Kefir_KrepkiSuhec_250g_Banana.jpg","width":640,"height":802},{"@type":"BreadcrumbList","@id":"https:\/\/mlekarna-krepko.si\/de\/produkt\/bio-kefir-krepki-suhec-banane-15-milchfett-250g\/#breadcrumb","itemListElement":[{"@type":"ListItem","position":1,"name":"Home","item":"https:\/\/mlekarna-krepko.si\/de\/"},{"@type":"ListItem","position":2,"name":"Trgovina","item":"https:\/\/www.mlekarna-krepko.si\/sl\/trgovina\/"},{"@type":"ListItem","position":3,"name":"Bio Kefir Krepki suhec Banane 1,5% Milchfett 250g"}]},{"@type":"WebSite","@id":"https:\/\/mlekarna-krepko.si\/sl\/#website","url":"https:\/\/mlekarna-krepko.si\/sl\/","name":"Mlekarna Krepko","description":"","publisher":{"@id":"https:\/\/mlekarna-krepko.si\/sl\/#organization"},"potentialAction":[{"@type":"SearchAction","target":{"@type":"EntryPoint","urlTemplate":"https:\/\/mlekarna-krepko.si\/sl\/?s={search_term_string}"},"query-input":{"@type":"PropertyValueSpecification","valueRequired":true,"valueName":"search_term_string"}}],"inLanguage":"de-DE"},{"@type":"Organization","@id":"https:\/\/mlekarna-krepko.si\/sl\/#organization","name":"Mlekarna Krepko","url":"https:\/\/mlekarna-krepko.si\/sl\/","logo":{"@type":"ImageObject","inLanguage":"de-DE","@id":"https:\/\/mlekarna-krepko.si\/sl\/#\/schema\/logo\/image\/","url":"https:\/\/www.mlekarna-krepko.si\/wp-content\/uploads\/2020\/04\/LogoWeb_transparenten.png","contentUrl":"https:\/\/www.mlekarna-krepko.si\/wp-content\/uploads\/2020\/04\/LogoWeb_transparenten.png","width":300,"height":300,"caption":"Mlekarna Krepko"},"image":{"@id":"https:\/\/mlekarna-krepko.si\/sl\/#\/schema\/logo\/image\/"},"sameAs":["https:\/\/www.facebook.com\/mlekarna.krepko\/","https:\/\/www.instagram.com\/mlekarnakrepko\/","https:\/\/www.linkedin.com\/company\/mlekarna-krepko","https:\/\/www.youtube.com\/channel\/UCAzec5mnRHgcj2Th3fGRtKw?view_as=subscriber"]}]}},"_links":{"self":[{"href":"https:\/\/www.mlekarna-krepko.si\/de\/wp-json\/wp\/v2\/product\/22361","targetHints":{"allow":["GET"]}}],"collection":[{"href":"https:\/\/www.mlekarna-krepko.si\/de\/wp-json\/wp\/v2\/product"}],"about":[{"href":"https:\/\/www.mlekarna-krepko.si\/de\/wp-json\/wp\/v2\/types\/product"}],"wp:featuredmedia":[{"embeddable":true,"href":"https:\/\/www.mlekarna-krepko.si\/de\/wp-json\/wp\/v2\/media\/16139"}],"wp:attachment":[{"href":"https:\/\/www.mlekarna-krepko.si\/de\/wp-json\/wp\/v2\/media?parent=22361"}],"wp:term":[{"taxonomy":"product_cat","embeddable":true,"href":"https:\/\/www.mlekarna-krepko.si\/de\/wp-json\/wp\/v2\/product_cat?post=22361"},{"taxonomy":"product_tag","embeddable":true,"href":"https:\/\/www.mlekarna-krepko.si\/de\/wp-json\/wp\/v2\/product_tag?post=22361"}],"curies":[{"name":"wp","href":"https:\/\/api.w.org\/{rel}","templated":true}]}}